{"id":8096,"date":"2024-03-04T17:28:14","date_gmt":"2024-03-04T17:28:14","guid":{"rendered":"https:\/\/recup.designed4-you.com\/?page_id=8096"},"modified":"2024-03-05T08:15:59","modified_gmt":"2024-03-05T08:15:59","slug":"lieferung-und-bezahlung","status":"publish","type":"page","link":"https:\/\/designed4-you.com\/de\/lieferung-und-bezahlung\/","title":{"rendered":"Lieferung und Bezahlung"},"content":{"rendered":"<div data-elementor-type=\"wp-page\" data-elementor-id=\"8096\" class=\"elementor elementor-8096\">\n\t\t\t\t\t\t<section class=\"elementor-section elementor-top-section elementor-element elementor-element-899a24f elementor-section-boxed elementor-section-height-default elementor-section-height-default\" data-id=\"899a24f\" data-element_type=\"section\" data-e-type=\"section\" data-settings=\"{&quot;background_background&quot;:&quot;classic&quot;}\">\n\t\t\t\t\t\t\t<div class=\"elementor-background-overlay\"><\/div>\n\t\t\t\t\t\t\t<div class=\"elementor-container elementor-column-gap-default\">\n\t\t\t\t\t<div class=\"elementor-column elementor-col-100 elementor-top-column elementor-element elementor-element-945d356\" data-id=\"945d356\" data-element_type=\"column\" data-e-type=\"column\">\n\t\t\t<div class=\"elementor-widget-wrap elementor-element-populated\">\n\t\t\t\t\t\t<section class=\"elementor-section elementor-inner-section elementor-element elementor-element-cd3eb3a elementor-section-full_width elementor-section-height-default elementor-section-height-default\" data-id=\"cd3eb3a\" data-element_type=\"section\" data-e-type=\"section\">\n\t\t\t\t\t\t<div class=\"elementor-container elementor-column-gap-default\">\n\t\t\t\t\t<div class=\"elementor-column elementor-col-100 elementor-inner-column elementor-element elementor-element-62fcc47\" data-id=\"62fcc47\" data-element_type=\"column\" data-e-type=\"column\">\n\t\t\t<div class=\"elementor-widget-wrap elementor-element-populated\">\n\t\t\t\t\t\t<div class=\"elementor-element elementor-element-7200f1b elementor-widget elementor-widget-elementskit-heading\" data-id=\"7200f1b\" data-element_type=\"widget\" data-e-type=\"widget\" data-widget_type=\"elementskit-heading.default\">\n\t\t\t\t<div class=\"elementor-widget-container\">\n\t\t\t\t\t<div class=\"ekit-wid-con\" ><div class=\"ekit-heading elementskit-section-title-wraper text_center   ekit_heading_tablet-   ekit_heading_mobile-\"><h2 class=\"ekit-heading--title elementskit-section-title\">Lieferung und Bezahlung<\/h2><\/div><\/div>\t\t\t\t<\/div>\n\t\t\t\t<\/div>\n\t\t\t\t\t<\/div>\n\t\t<\/div>\n\t\t\t\t\t<\/div>\n\t\t<\/section>\n\t\t\t\t\t<\/div>\n\t\t<\/div>\n\t\t\t\t\t<\/div>\n\t\t<\/section>\n\t\t\t\t<section class=\"elementor-section elementor-top-section elementor-element elementor-element-3663aee0 elementor-section-boxed elementor-section-height-default elementor-section-height-default\" data-id=\"3663aee0\" data-element_type=\"section\" data-e-type=\"section\">\n\t\t\t\t\t\t<div class=\"elementor-container elementor-column-gap-default\">\n\t\t\t\t\t<div class=\"elementor-column elementor-col-100 elementor-top-column elementor-element elementor-element-198a53c7\" data-id=\"198a53c7\" data-element_type=\"column\" data-e-type=\"column\">\n\t\t\t<div class=\"elementor-widget-wrap elementor-element-populated\">\n\t\t\t\t\t\t<div class=\"elementor-element elementor-element-70a59efc text-para elementor-widget elementor-widget-text-editor\" data-id=\"70a59efc\" data-element_type=\"widget\" data-e-type=\"widget\" data-widget_type=\"text-editor.default\">\n\t\t\t\t<div class=\"elementor-widget-container\">\n\t\t\t\t\t\t\t\t\t<p>Alle Produkte werden mit DHL verschickt<\/p><h2><strong>1. Versand kosten<\/strong><\/h2><h3><strong>DEUTSCHLAND<\/strong><\/h3><p>DHL: 6\u20ac f\u00fcr Bestellungen unter 150\u20ac und <strong>KOSTENLOSER VERSAND<\/strong> \u00fcber 150\u20ac, au\u00dfer f\u00fcr schwere Waren wie B\u00e4nke.<\/p><h3><strong>EUROP\u00c4ISCHE UNION<\/strong><\/h3><p>DHL: 9,5\u20ac bei Bestellungen unter 150\u20ac und <strong>KOSTENLOSER VERSAND<\/strong> bei Bestellungen \u00fcber 150\u20ac, au\u00dfer f\u00fcr schwere Waren wie B\u00e4nke.<\/p><p>Versandl\u00e4nder: \u00d6sterreich, Belgien, Bulgarien, D\u00e4nemark, Estland, Finnland, Frankreich, Griechenland, Irland, Italien, Kroatien, Lettland, Luxemburg, Malta, Niederlande, Polen, Portugal, Rum\u00e4nien, Schweden, Slowakei, Slowenien, Spanien, Tschechische Republik, Ungarn, Zypern<\/p><h2>2. <strong>Versand- und Bearbeitungskosten<\/strong><\/h2><p>Bitte beachten Sie, dass die Versand- und Bearbeitungskosten mehr als nur das Porto beinhalten. Sie decken auch die Transportversicherung, die Personalkosten f\u00fcr die Versandmitarbeiter und die Verpackung. Wenn Sie Fragen oder Anmerkungen haben, lassen Sie es uns bitte wissen.<\/p><h2><strong>3. Lieferfrist<\/strong><\/h2><p>Wir tun unser Bestes, um sicherzustellen, dass Ihre Produkte so schnell wie m\u00f6glich bei Ihnen ankommen.<\/p><p>Alle Produkte werden von Deutschland aus verschickt. Ab Bestell- und Zahlungseingang dauert die Lieferung bis zu 7-10 Arbeitstage.<\/p><h2><strong>4. Zahlung<\/strong><\/h2><p>Unsere Zahlungsm\u00f6glichkeiten umfassen alle g\u00e4ngigen Kreditkarten, Bank\u00fcberweisung sowie PayPal.<\/p><h2><strong>5. R\u00fcckgabe<\/strong><\/h2><p>Unsere Erstattungs- und R\u00fcckgabebestimmungen gelten f\u00fcr 14 Tage.<\/p><p>Wenn seit Ihrem Kauf 14 Tage vergangen sind, k\u00f6nnen wir Ihnen keine volle R\u00fcckerstattung oder keinen Umtausch anbieten.<\/p><p>Um f\u00fcr eine R\u00fcckgabe in Frage zu kommen, muss Ihr Artikel unbenutzt, unbesch\u00e4digt und in demselben Zustand sein, in dem Sie ihn erhalten haben. Au\u00dferdem muss es sich in der Originalverpackung befinden.<\/p><p><strong>Erstattungsverfahren<\/strong><\/p><p>Sie m\u00fcssen die Versandkosten f\u00fcr die R\u00fccksendung Ihres Artikels selbst tragen. Die Versandkosten sind nicht erstattungsf\u00e4hig. Wenn Sie eine R\u00fcckerstattung erhalten, werden die Kosten f\u00fcr den R\u00fcckversand von Ihrer R\u00fcckerstattung abgezogen.<\/p><p>Wenn Sie teurere Artikel zur\u00fccksenden, sollten Sie einen verfolgbaren Versanddienst nutzen oder eine Versandversicherung abschlie\u00dfen. Wir k\u00f6nnen nicht garantieren, dass wir die zur\u00fcckgesendeten Artikel erhalten werden.<\/p><p>Wenden Sie sich bei Fragen zu Erstattungen und R\u00fcckgaben an info@designed4-you.com.<\/p>\t\t\t\t\t\t\t\t<\/div>\n\t\t\t\t<\/div>\n\t\t\t\t\t<\/div>\n\t\t<\/div>\n\t\t\t\t\t<\/div>\n\t\t<\/section>\n\t\t\t\t<\/div>","protected":false},"excerpt":{"rendered":"<p>Lieferung und Bezahlung Alle Produkte werden mit DHL verschickt 1. Versand kosten DEUTSCHLAND DHL: 6\u20ac f\u00fcr Bestellungen unter 150\u20ac und KOSTENLOSER VERSAND \u00fcber 150\u20ac, au\u00dfer f\u00fcr schwere Waren wie B\u00e4nke. EUROP\u00c4ISCHE UNION DHL: 9,5\u20ac bei Bestellungen unter 150\u20ac und KOSTENLOSER VERSAND bei Bestellungen \u00fcber 150\u20ac, au\u00dfer f\u00fcr schwere Waren wie B\u00e4nke. Versandl\u00e4nder: \u00d6sterreich, Belgien, Bulgarien, [&hellip;]<\/p>","protected":false},"author":5,"featured_media":0,"parent":0,"menu_order":0,"comment_status":"closed","ping_status":"closed","template":"elementor_header_footer","meta":{"om_disable_all_campaigns":false,"footnotes":""},"class_list":["post-8096","page","type-page","status-publish","hentry"],"_links":{"self":[{"href":"https:\/\/designed4-you.com\/de\/wp-json\/wp\/v2\/pages\/8096","targetHints":{"allow":["GET"]}}],"collection":[{"href":"https:\/\/designed4-you.com\/de\/wp-json\/wp\/v2\/pages"}],"about":[{"href":"https:\/\/designed4-you.com\/de\/wp-json\/wp\/v2\/types\/page"}],"author":[{"embeddable":true,"href":"https:\/\/designed4-you.com\/de\/wp-json\/wp\/v2\/users\/5"}],"replies":[{"embeddable":true,"href":"https:\/\/designed4-you.com\/de\/wp-json\/wp\/v2\/comments?post=8096"}],"version-history":[{"count":0,"href":"https:\/\/designed4-you.com\/de\/wp-json\/wp\/v2\/pages\/8096\/revisions"}],"wp:attachment":[{"href":"https:\/\/designed4-you.com\/de\/wp-json\/wp\/v2\/media?parent=8096"}],"curies":[{"name":"wp","href":"https:\/\/api.w.org\/{rel}","templated":true}]}}