{"id":8100,"date":"2024-03-04T17:29:36","date_gmt":"2024-03-04T17:29:36","guid":{"rendered":"https:\/\/recup.designed4-you.com\/?page_id=8100"},"modified":"2024-03-05T08:11:18","modified_gmt":"2024-03-05T08:11:18","slug":"impressum","status":"publish","type":"page","link":"https:\/\/designed4-you.com\/de\/impressum\/","title":{"rendered":"Impressum"},"content":{"rendered":"<div data-elementor-type=\"wp-page\" data-elementor-id=\"8100\" class=\"elementor elementor-8100\">\n\t\t\t\t\t\t<section class=\"elementor-section elementor-top-section elementor-element elementor-element-0a3dfa6 elementor-section-boxed elementor-section-height-default elementor-section-height-default\" data-id=\"0a3dfa6\" data-element_type=\"section\" data-e-type=\"section\" data-settings=\"{&quot;background_background&quot;:&quot;classic&quot;}\">\n\t\t\t\t\t\t\t<div class=\"elementor-background-overlay\"><\/div>\n\t\t\t\t\t\t\t<div class=\"elementor-container elementor-column-gap-default\">\n\t\t\t\t\t<div class=\"elementor-column elementor-col-100 elementor-top-column elementor-element elementor-element-68270bf\" data-id=\"68270bf\" data-element_type=\"column\" data-e-type=\"column\">\n\t\t\t<div class=\"elementor-widget-wrap elementor-element-populated\">\n\t\t\t\t\t\t<section class=\"elementor-section elementor-inner-section elementor-element elementor-element-882523d elementor-section-full_width elementor-section-height-default elementor-section-height-default\" data-id=\"882523d\" data-element_type=\"section\" data-e-type=\"section\">\n\t\t\t\t\t\t<div class=\"elementor-container elementor-column-gap-default\">\n\t\t\t\t\t<div class=\"elementor-column elementor-col-100 elementor-inner-column elementor-element elementor-element-c1da824\" data-id=\"c1da824\" data-element_type=\"column\" data-e-type=\"column\">\n\t\t\t<div class=\"elementor-widget-wrap elementor-element-populated\">\n\t\t\t\t\t\t<div class=\"elementor-element elementor-element-438efa1 elementor-widget elementor-widget-elementskit-heading\" data-id=\"438efa1\" data-element_type=\"widget\" data-e-type=\"widget\" data-widget_type=\"elementskit-heading.default\">\n\t\t\t\t<div class=\"elementor-widget-container\">\n\t\t\t\t\t<div class=\"ekit-wid-con\" ><div class=\"ekit-heading elementskit-section-title-wraper text_center   ekit_heading_tablet-   ekit_heading_mobile-\"><h2 class=\"ekit-heading--title elementskit-section-title\">Impressum<\/h2><\/div><\/div>\t\t\t\t<\/div>\n\t\t\t\t<\/div>\n\t\t\t\t\t<\/div>\n\t\t<\/div>\n\t\t\t\t\t<\/div>\n\t\t<\/section>\n\t\t\t\t\t<\/div>\n\t\t<\/div>\n\t\t\t\t\t<\/div>\n\t\t<\/section>\n\t\t\t\t<section class=\"elementor-section elementor-top-section elementor-element elementor-element-ebfeebb elementor-section-boxed elementor-section-height-default elementor-section-height-default\" data-id=\"ebfeebb\" data-element_type=\"section\" data-e-type=\"section\">\n\t\t\t\t\t\t<div class=\"elementor-container elementor-column-gap-default\">\n\t\t\t\t\t<div class=\"elementor-column elementor-col-100 elementor-top-column elementor-element elementor-element-43b87eae\" data-id=\"43b87eae\" data-element_type=\"column\" data-e-type=\"column\">\n\t\t\t<div class=\"elementor-widget-wrap elementor-element-populated\">\n\t\t\t\t\t\t<div class=\"elementor-element elementor-element-1b554816 text-para elementor-widget elementor-widget-text-editor\" data-id=\"1b554816\" data-element_type=\"widget\" data-e-type=\"widget\" data-widget_type=\"text-editor.default\">\n\t\t\t\t<div class=\"elementor-widget-container\">\n\t\t\t\t\t\t\t\t\t<p><strong>Designed for You<\/strong><\/p><p><strong>Verantwortlich<\/strong>: <strong>Marie Soullam Glanz<\/strong><\/p><p>Tilsiterstrasse 41<br \/>66121 Saarbr\u00fccken<br \/>Germany<br \/>Tel: +49-173-6205493<br \/>Email: info@designed4-you.com<br \/>Internet:\u00a0www.designed4-you.com<\/p><p>Fotos: www.stock.adobe.com (golubovy<a href=\"https:\/\/stock.adobe.com\/de\/images\/flat-lay-set-of-handmade-modern-ceramic-crockery-top-view-of-unusual-creative-bowls-with-rare-dry-flowers-on-old-wooden-background-beige-and-blue-empty-ceramics-over-wooden-table-with-free-space\/109987842\" target=\"_blank\" rel=\"noreferrer noopener\">#109987842<\/a> velimir <a href=\"https:\/\/stock.adobe.com\/de\/images\/handmade-on-the-production-of-furniture-from-solid-wood-master-processing-of-the-board-with-epoxy-mortar-resin-varnish\/211381187\" target=\"_blank\" rel=\"noreferrer noopener\">#211381187<\/a>) www.pixels.de (pexels-teona-swift-6850600, pexels-taryn-elliott-4112363-1-edited, pexels-anete-lusina-4792086, pexels-photo-4974390-edited, pexels-photo-4083654, pexels-dominika-roseclay-4083654, pexels-cottonbro-3661243, pexels-pavel-danilyuk-5788492)<\/p><p>\u00a0<\/p><p>\u00a0<\/p><p>\u00a0<\/p><p><strong>Umsatzsteuer-Identifikationsnummer gem\u00e4\u00df \u00a7 27 a Umsatzsteuergesetz: DE346148064<\/strong><\/p><h3 id=\"alternative-dispute-resolution-in-accordance-with-art-14-1-odr-vo-and-36-vsbg\" class=\"wp-block-heading\">Alternative Streitbeilegung gem\u00e4\u00df Art. 14 (1) ODR-VO und \u00a7 36 VSBG:<\/h3><p>Die Europ\u00e4ische Kommission stellt eine Plattform f\u00fcr die Online-Streitbeilegung (OS) zur Verf\u00fcgung, die unter <a href=\"https:\/\/ec.europa.eu\/consumers\/odr\" target=\"_blank\" rel=\"noreferrer noopener\">https:\/\/ec.europa.eu\/consumers\/odr<\/a> zug\u00e4nglich ist. Wir sind weder verpflichtet noch bereit, an einem Streitbeilegungsverfahren vor einer Verbraucherschlichtungsstelle teilzunehmen.<\/p>\t\t\t\t\t\t\t\t<\/div>\n\t\t\t\t<\/div>\n\t\t\t\t\t<\/div>\n\t\t<\/div>\n\t\t\t\t\t<\/div>\n\t\t<\/section>\n\t\t\t\t<\/div>","protected":false},"excerpt":{"rendered":"<p>Impressum Designed for You Verantwortlich: Marie Soullam Glanz Tilsiterstrasse 4166121 Saarbr\u00fcckenGermanyTel: +49-173-6205493Email: info@designed4-you.comInternet:\u00a0www.designed4-you.com Fotos: www.stock.adobe.com (golubovy#109987842 velimir #211381187) www.pixels.de (pexels-teona-swift-6850600, pexels-taryn-elliott-4112363-1-edited, pexels-anete-lusina-4792086, pexels-photo-4974390-edited, pexels-photo-4083654, pexels-dominika-roseclay-4083654, pexels-cottonbro-3661243, pexels-pavel-danilyuk-5788492) \u00a0 \u00a0 \u00a0 Umsatzsteuer-Identifikationsnummer gem\u00e4\u00df \u00a7 27 a Umsatzsteuergesetz: DE346148064 Alternative Streitbeilegung gem\u00e4\u00df Art. 14 (1) ODR-VO und \u00a7 36 VSBG: Die Europ\u00e4ische Kommission stellt eine Plattform f\u00fcr [&hellip;]<\/p>","protected":false},"author":5,"featured_media":0,"parent":0,"menu_order":0,"comment_status":"closed","ping_status":"closed","template":"elementor_header_footer","meta":{"om_disable_all_campaigns":false,"footnotes":""},"class_list":["post-8100","page","type-page","status-publish","hentry"],"_links":{"self":[{"href":"https:\/\/designed4-you.com\/de\/wp-json\/wp\/v2\/pages\/8100","targetHints":{"allow":["GET"]}}],"collection":[{"href":"https:\/\/designed4-you.com\/de\/wp-json\/wp\/v2\/pages"}],"about":[{"href":"https:\/\/designed4-you.com\/de\/wp-json\/wp\/v2\/types\/page"}],"author":[{"embeddable":true,"href":"https:\/\/designed4-you.com\/de\/wp-json\/wp\/v2\/users\/5"}],"replies":[{"embeddable":true,"href":"https:\/\/designed4-you.com\/de\/wp-json\/wp\/v2\/comments?post=8100"}],"version-history":[{"count":0,"href":"https:\/\/designed4-you.com\/de\/wp-json\/wp\/v2\/pages\/8100\/revisions"}],"wp:attachment":[{"href":"https:\/\/designed4-you.com\/de\/wp-json\/wp\/v2\/media?parent=8100"}],"curies":[{"name":"wp","href":"https:\/\/api.w.org\/{rel}","templated":true}]}}