{"id":8112,"date":"2024-03-04T17:34:47","date_gmt":"2024-03-04T17:34:47","guid":{"rendered":"https:\/\/recup.designed4-you.com\/?page_id=8112"},"modified":"2024-03-05T09:48:10","modified_gmt":"2024-03-05T09:48:10","slug":"bedingungen-und-konditionen","status":"publish","type":"page","link":"https:\/\/designed4-you.com\/de\/bedingungen-und-konditionen\/","title":{"rendered":"Bedingungen und Konditionen"},"content":{"rendered":"<div data-elementor-type=\"wp-page\" data-elementor-id=\"8112\" class=\"elementor elementor-8112\">\n\t\t\t\t\t\t<section class=\"elementor-section elementor-top-section elementor-element elementor-element-bb8213e elementor-section-boxed elementor-section-height-default elementor-section-height-default\" data-id=\"bb8213e\" data-element_type=\"section\" data-e-type=\"section\" data-settings=\"{&quot;background_background&quot;:&quot;classic&quot;}\">\n\t\t\t\t\t\t\t<div class=\"elementor-background-overlay\"><\/div>\n\t\t\t\t\t\t\t<div class=\"elementor-container elementor-column-gap-default\">\n\t\t\t\t\t<div class=\"elementor-column elementor-col-100 elementor-top-column elementor-element elementor-element-4d32c33\" data-id=\"4d32c33\" data-element_type=\"column\" data-e-type=\"column\">\n\t\t\t<div class=\"elementor-widget-wrap elementor-element-populated\">\n\t\t\t\t\t\t<section class=\"elementor-section elementor-inner-section elementor-element elementor-element-b8feee3 elementor-section-full_width elementor-section-height-default elementor-section-height-default\" data-id=\"b8feee3\" data-element_type=\"section\" data-e-type=\"section\">\n\t\t\t\t\t\t<div class=\"elementor-container elementor-column-gap-default\">\n\t\t\t\t\t<div class=\"elementor-column elementor-col-100 elementor-inner-column elementor-element elementor-element-37d9eb8\" data-id=\"37d9eb8\" data-element_type=\"column\" data-e-type=\"column\">\n\t\t\t<div class=\"elementor-widget-wrap elementor-element-populated\">\n\t\t\t\t\t\t<div class=\"elementor-element elementor-element-e5f2c0d elementor-widget elementor-widget-elementskit-heading\" data-id=\"e5f2c0d\" data-element_type=\"widget\" data-e-type=\"widget\" data-widget_type=\"elementskit-heading.default\">\n\t\t\t\t<div class=\"elementor-widget-container\">\n\t\t\t\t\t<div class=\"ekit-wid-con\" ><div class=\"ekit-heading elementskit-section-title-wraper text_center   ekit_heading_tablet-   ekit_heading_mobile-\"><h2 class=\"ekit-heading--title elementskit-section-title\">Bedingungen und Konditionen<\/h2><\/div><\/div>\t\t\t\t<\/div>\n\t\t\t\t<\/div>\n\t\t\t\t\t<\/div>\n\t\t<\/div>\n\t\t\t\t\t<\/div>\n\t\t<\/section>\n\t\t\t\t\t<\/div>\n\t\t<\/div>\n\t\t\t\t\t<\/div>\n\t\t<\/section>\n\t\t\t\t<section class=\"elementor-section elementor-top-section elementor-element elementor-element-32ec4f45 elementor-section-boxed elementor-section-height-default elementor-section-height-default\" data-id=\"32ec4f45\" data-element_type=\"section\" data-e-type=\"section\">\n\t\t\t\t\t\t<div class=\"elementor-container elementor-column-gap-default\">\n\t\t\t\t\t<div class=\"elementor-column elementor-col-100 elementor-top-column elementor-element elementor-element-7e23d1ae\" data-id=\"7e23d1ae\" data-element_type=\"column\" data-e-type=\"column\">\n\t\t\t<div class=\"elementor-widget-wrap elementor-element-populated\">\n\t\t\t\t\t\t<div class=\"elementor-element elementor-element-41a514cd text-para elementor-widget elementor-widget-text-editor\" data-id=\"41a514cd\" data-element_type=\"widget\" data-e-type=\"widget\" data-widget_type=\"text-editor.default\">\n\t\t\t\t<div class=\"elementor-widget-container\">\n\t\t\t\t\t\t\t\t\t<h2>1. SCOPE<\/h2><p>F\u00fcr alle Bestellungen \u00fcber unseren Online-Shop gelten die nachfolgenden Allgemeinen Gesch\u00e4ftsbedingungen.<\/p><p>Verbraucher ist jede nat\u00fcrliche Person, die ein Rechtsgesch\u00e4ft zu Zwecken abschlie\u00dft, die \u00fcberwiegend weder ihrer gewerblichen noch ihrer selbst\u00e4ndigen beruflichen T\u00e4tigkeit zugerechnet werden k\u00f6nnen. Ein Unternehmer ist eine nat\u00fcrliche oder juristische Person oder eine rechtsf\u00e4hige Personengesellschaft, die bei Abschluss eines Rechtsgesch\u00e4fts in Aus\u00fcbung ihrer gewerblichen oder selbst\u00e4ndigen beruflichen T\u00e4tigkeit handelt.<\/p><h2>2. VERTRAGSPARTNER, VERTRAGSABSCHLUSS, KORREKTURM\u00d6GLICHKEITEN<\/h2><p>Der Kaufvertrag kommt zustande mit Designed for You.<\/p><p>Durch das Einstellen der Produkte in den Online-Shop geben wir ein verbindliches Angebot zum Abschluss eines Vertrages \u00fcber diese Artikel ab. Sie k\u00f6nnen unsere Produkte zun\u00e4chst unverbindlich in den Warenkorb legen und Ihre Eingaben vor dem Absenden Ihrer Bestellung jederzeit mit den im Bestellprozess bereitgestellten und erl\u00e4uterten Korrekturhilfen korrigieren. Der Vertrag kommt zustande, indem Sie durch Anklicken des Bestellbuttons das Angebot \u00fcber die im Warenkorb enthaltenen Waren annehmen. Unmittelbar nach dem Absenden der Bestellung erhalten Sie eine weitere Best\u00e4tigung per E-Mail.<\/p><h2>3. VERTRAGSSPRACHE, VERTRAGSTEXTSPEICHERUNG<\/h2><p>Die f\u00fcr den Vertragsschluss zur Verf\u00fcgung stehende(n) Sprache(n): Deutsch, Englisch, Franz\u00f6sisch<\/p><p>Wir speichern den Vertragstext und senden Ihnen die Bestelldaten und unsere AGBs in Textform zu. Den Vertragstext k\u00f6nnen Sie in unserem Kundenlogin einsehen.<\/p><h2>4. LIEFERKONDITIONEN<\/h2><p>Zus\u00e4tzlich zu den angegebenen Produktpreisen k\u00f6nnen noch Versandkosten anfallen. Die Versandkosten finden Sie bei den Angeboten.<\/p><p>Wir liefern die Ware nur per Versand. Eine Abholung der Ware ist leider nicht m\u00f6glich.<\/p><p>Wir liefern nicht an Packstationen.<\/p><h2>5. ZAHLUNG<\/h2><p>In unserem Shop stehen Ihnen die folgenden Zahlungsm\u00f6glichkeiten zur Verf\u00fcgung:<\/p><p>Kreditkarte<\/p><p>Sie geben im Bestellprozess Ihre Kreditkartendaten an und Ihre Karte wird unmittelbar nach der Bestellung belastet.<\/p><p>PayPal<\/p><p>Um den Rechnungsbetrag \u00fcber den Zahlungsdienstleister PayPal (Europe) S.\u00e0 r.l., S.C.A, 22-24 Boulevard Royal, L-2449 Luxembourg ( PayPal) bezahlen zu k\u00f6nnen, m\u00fcssen Sie bei PayPal registriert sein, sich mit Ihren Zugangsdaten authentifizieren und den Zahlungsauftrag best\u00e4tigen. Die Zahlungstransaktion wird von PayPal unmittelbar nach der Bestellung durchgef\u00fchrt.<\/p><p>Bank\u00fcberweisung<\/p><p>Nach Abschluss der Bestellung<\/p><h2>6. EIGENTUMSVORBEHALT<\/h2><p>Die Ware bleibt bis zur vollst\u00e4ndigen Bezahlung unser Eigentum.<\/p><h2>7. GEW\u00c4HRLEISTUNG UND GARANTIEN<\/h2><p><!-- \/wp:paragraph --><\/p><p><!-- wp:paragraph --><\/p><h3>7.1 GARANTIERUNGSRECHT<\/h3><p><!-- \/wp:paragraph --><\/p><p><!-- wp:paragraph --><\/p><p>Es gilt das gesetzliche Recht der M\u00e4ngelhaftung.<\/p><p><!-- \/wp:paragraph --><\/p><p><!-- wp:paragraph --><\/p><h3>7.2 GARANTIEN UND KUNDENDIENST<\/h3><p><!-- \/wp:paragraph --><\/p><p><!-- wp:paragraph --><\/p><p>Informationen \u00fcber eventuelle Zusatzgarantien und deren genaue Bedingungen finden Sie beim Produkt und auf speziellen Informationsseiten im Online-Shop.<\/p><p><!-- \/wp:paragraph --><\/p><p><!-- wp:paragraph --><\/p><h2>8. HAFTUNG<\/h2><p><!-- \/wp:paragraph --><\/p><p><!-- wp:paragraph --><\/p><p>F\u00fcr Anspr\u00fcche aufgrund von Sch\u00e4den, die durch uns, unsere gesetzlichen Vertreter oder Erf\u00fcllungsgehilfen verursacht wurden, haften wir stets unbeschr\u00e4nkt<\/p><p><!-- \/wp:paragraph --><\/p><p><!-- wp:paragraph --><\/p><p>* bei der Verletzung des Lebens, des K\u00f6rpers oder der Gesundheit,<\/p><p>* bei einer vors\u00e4tzlichen oder grob fahrl\u00e4ssigen Pflichtverletzung,<\/p><p>* bei Garantieversprechen, sofern vereinbart, oder<\/p><p>* soweit der Anwendungsbereich des Produkthaftungsgesetzes er\u00f6ffnet ist.<\/p><p>Bei leicht fahrl\u00e4ssiger Verletzung wesentlicher Vertragspflichten, deren Erf\u00fcllung die ordnungsgem\u00e4\u00dfe Durchf\u00fchrung des Vertrages \u00fcberhaupt erst erm\u00f6glicht und auf deren Einhaltung der Vertragspartner regelm\u00e4\u00dfig vertrauen darf (Kardinalpflichten), ist die Haftung unserer gesetzlichen Vertreter oder Erf\u00fcllungsgehilfen der H\u00f6he nach auf den bei Vertragsschluss vorhersehbaren Schaden begrenzt, mit dessen Entstehung typischerweise gerechnet werden muss.<\/p><p><!-- \/wp:paragraph --><\/p><p><!-- wp:paragraph --><\/p><p>Ansonsten sind Schadensersatzanspr\u00fcche ausgeschlossen.<\/p><p><!-- \/wp:paragraph --><\/p><p><!-- wp:paragraph --><\/p><h2>9. STREITBEILEGUNG<\/h2><p><!-- \/wp:paragraph --><\/p><p><!-- wp:paragraph --><\/p><p>Die Europ\u00e4ische Kommission stellt eine Plattform zur Online-Streitbeilegung (OS) zur Verf\u00fcgung, die Sie hier [https:\/\/ec.europa.eu\/consumers\/odr\/] finden. Wir sind nicht verpflichtet und nicht bereit, an einem Streitbeilegungsverfahren vor einer Verbraucherschlichtungsstelle teilzunehmen.<\/p><p><!-- \/wp:paragraph --><\/p>\t\t\t\t\t\t\t\t<\/div>\n\t\t\t\t<\/div>\n\t\t\t\t\t<\/div>\n\t\t<\/div>\n\t\t\t\t\t<\/div>\n\t\t<\/section>\n\t\t\t\t<\/div>","protected":false},"excerpt":{"rendered":"<p>Bedingungen und Konditionen 1. SCOPE F\u00fcr alle Bestellungen \u00fcber unseren Online-Shop gelten die nachfolgenden Allgemeinen Gesch\u00e4ftsbedingungen. Verbraucher ist jede nat\u00fcrliche Person, die ein Rechtsgesch\u00e4ft zu Zwecken abschlie\u00dft, die \u00fcberwiegend weder ihrer gewerblichen noch ihrer selbst\u00e4ndigen beruflichen T\u00e4tigkeit zugerechnet werden k\u00f6nnen. Ein Unternehmer ist eine nat\u00fcrliche oder juristische Person oder eine rechtsf\u00e4hige Personengesellschaft, die bei Abschluss [&hellip;]<\/p>","protected":false},"author":5,"featured_media":0,"parent":0,"menu_order":0,"comment_status":"closed","ping_status":"closed","template":"elementor_header_footer","meta":{"om_disable_all_campaigns":false,"footnotes":""},"class_list":["post-8112","page","type-page","status-publish","hentry"],"_links":{"self":[{"href":"https:\/\/designed4-you.com\/de\/wp-json\/wp\/v2\/pages\/8112","targetHints":{"allow":["GET"]}}],"collection":[{"href":"https:\/\/designed4-you.com\/de\/wp-json\/wp\/v2\/pages"}],"about":[{"href":"https:\/\/designed4-you.com\/de\/wp-json\/wp\/v2\/types\/page"}],"author":[{"embeddable":true,"href":"https:\/\/designed4-you.com\/de\/wp-json\/wp\/v2\/users\/5"}],"replies":[{"embeddable":true,"href":"https:\/\/designed4-you.com\/de\/wp-json\/wp\/v2\/comments?post=8112"}],"version-history":[{"count":0,"href":"https:\/\/designed4-you.com\/de\/wp-json\/wp\/v2\/pages\/8112\/revisions"}],"wp:attachment":[{"href":"https:\/\/designed4-you.com\/de\/wp-json\/wp\/v2\/media?parent=8112"}],"curies":[{"name":"wp","href":"https:\/\/api.w.org\/{rel}","templated":true}]}}