{"id":8690,"date":"2024-03-18T04:40:37","date_gmt":"2024-03-18T04:40:37","guid":{"rendered":"https:\/\/designed4-you.com\/kontakt-copy\/"},"modified":"2024-04-05T09:46:27","modified_gmt":"2024-04-05T09:46:27","slug":"anpassung","status":"publish","type":"page","link":"https:\/\/designed4-you.com\/de\/anpassung\/","title":{"rendered":"Anpassung"},"content":{"rendered":"<div data-elementor-type=\"wp-page\" data-elementor-id=\"8690\" class=\"elementor elementor-8690\">\n\t\t\t\t\t\t<section class=\"elementor-section elementor-top-section elementor-element elementor-element-cdf7d62 elementor-section-boxed elementor-section-height-default elementor-section-height-default\" data-id=\"cdf7d62\" data-element_type=\"section\" data-e-type=\"section\" data-settings=\"{&quot;background_background&quot;:&quot;classic&quot;}\">\n\t\t\t\t\t\t\t<div class=\"elementor-background-overlay\"><\/div>\n\t\t\t\t\t\t\t<div class=\"elementor-container elementor-column-gap-default\">\n\t\t\t\t\t<div class=\"elementor-column elementor-col-100 elementor-top-column elementor-element elementor-element-837e9c6\" data-id=\"837e9c6\" data-element_type=\"column\" data-e-type=\"column\" data-settings=\"{&quot;background_background&quot;:&quot;slideshow&quot;,&quot;background_slideshow_gallery&quot;:[],&quot;background_slideshow_loop&quot;:&quot;yes&quot;,&quot;background_slideshow_slide_duration&quot;:5000,&quot;background_slideshow_slide_transition&quot;:&quot;fade&quot;,&quot;background_slideshow_transition_duration&quot;:500}\">\n\t\t\t<div class=\"elementor-widget-wrap elementor-element-populated\">\n\t\t\t\t\t\t<section class=\"elementor-section elementor-inner-section elementor-element elementor-element-17b536b elementor-section-full_width elementor-section-height-default elementor-section-height-default\" data-id=\"17b536b\" data-element_type=\"section\" data-e-type=\"section\">\n\t\t\t\t\t\t<div class=\"elementor-container elementor-column-gap-default\">\n\t\t\t\t\t<div class=\"elementor-column elementor-col-100 elementor-inner-column elementor-element elementor-element-df800a9\" data-id=\"df800a9\" data-element_type=\"column\" data-e-type=\"column\">\n\t\t\t<div class=\"elementor-widget-wrap elementor-element-populated\">\n\t\t\t\t\t\t<div class=\"elementor-element elementor-element-8fc8ea8 elementor-widget elementor-widget-elementskit-heading\" data-id=\"8fc8ea8\" data-element_type=\"widget\" data-e-type=\"widget\" data-widget_type=\"elementskit-heading.default\">\n\t\t\t\t<div class=\"elementor-widget-container\">\n\t\t\t\t\t<div class=\"ekit-wid-con\" ><div class=\"ekit-heading elementskit-section-title-wraper text_center   ekit_heading_tablet-   ekit_heading_mobile-\"><h2 class=\"ekit-heading--title elementskit-section-title\">Anpassung<\/h2><\/div><\/div>\t\t\t\t<\/div>\n\t\t\t\t<\/div>\n\t\t\t\t\t<\/div>\n\t\t<\/div>\n\t\t\t\t\t<\/div>\n\t\t<\/section>\n\t\t\t\t\t<\/div>\n\t\t<\/div>\n\t\t\t\t\t<\/div>\n\t\t<\/section>\n\t\t\t\t<section class=\"elementor-section elementor-top-section elementor-element elementor-element-b47b9c1 elementor-section-boxed elementor-section-height-default elementor-section-height-default\" data-id=\"b47b9c1\" data-element_type=\"section\" data-e-type=\"section\">\n\t\t\t\t\t\t<div class=\"elementor-container elementor-column-gap-default\">\n\t\t\t\t\t<div class=\"elementor-column elementor-col-100 elementor-top-column elementor-element elementor-element-a3cb85b\" data-id=\"a3cb85b\" data-element_type=\"column\" data-e-type=\"column\">\n\t\t\t<div class=\"elementor-widget-wrap elementor-element-populated\">\n\t\t\t\t\t\t<div class=\"elementor-element elementor-element-4512eea elementor-widget elementor-widget-spacer\" data-id=\"4512eea\" data-element_type=\"widget\" data-e-type=\"widget\" data-widget_type=\"spacer.default\">\n\t\t\t\t<div class=\"elementor-widget-container\">\n\t\t\t\t\t\t\t<div class=\"elementor-spacer\">\n\t\t\t<div class=\"elementor-spacer-inner\"><\/div>\n\t\t<\/div>\n\t\t\t\t\t\t<\/div>\n\t\t\t\t<\/div>\n\t\t\t\t\t<\/div>\n\t\t<\/div>\n\t\t\t\t\t<\/div>\n\t\t<\/section>\n\t\t\t\t<section class=\"elementor-section elementor-top-section elementor-element elementor-element-0e90ed7 elementor-section-content-middle elementor-section-boxed elementor-section-height-default elementor-section-height-default\" data-id=\"0e90ed7\" data-element_type=\"section\" data-e-type=\"section\">\n\t\t\t\t\t\t<div class=\"elementor-container elementor-column-gap-default\">\n\t\t\t\t\t<div class=\"elementor-column elementor-col-50 elementor-top-column elementor-element elementor-element-e09e6b9\" data-id=\"e09e6b9\" data-element_type=\"column\" data-e-type=\"column\">\n\t\t\t<div class=\"elementor-widget-wrap elementor-element-populated\">\n\t\t\t\t\t\t<div class=\"elementor-element elementor-element-838830d elementor-widget elementor-widget-image\" data-id=\"838830d\" data-element_type=\"widget\" data-e-type=\"widget\" data-widget_type=\"image.default\">\n\t\t\t\t<div class=\"elementor-widget-container\">\n\t\t\t\t\t\t\t\t\t\t\t\t\t\t\t<img fetchpriority=\"high\" decoding=\"async\" width=\"2560\" height=\"1920\" src=\"https:\/\/designed4-you.com\/wp-content\/uploads\/2024\/03\/20231129_155443-002-scaled.jpg\" class=\"attachment-full size-full wp-image-8695\" alt=\"\" srcset=\"https:\/\/designed4-you.com\/wp-content\/uploads\/2024\/03\/20231129_155443-002-scaled.jpg 2560w, https:\/\/designed4-you.com\/wp-content\/uploads\/2024\/03\/20231129_155443-002-scaled-600x450.jpg 600w, https:\/\/designed4-you.com\/wp-content\/uploads\/2024\/03\/20231129_155443-002-300x225.jpg 300w, https:\/\/designed4-you.com\/wp-content\/uploads\/2024\/03\/20231129_155443-002-1024x768.jpg 1024w, https:\/\/designed4-you.com\/wp-content\/uploads\/2024\/03\/20231129_155443-002-768x576.jpg 768w, https:\/\/designed4-you.com\/wp-content\/uploads\/2024\/03\/20231129_155443-002-1536x1152.jpg 1536w, https:\/\/designed4-you.com\/wp-content\/uploads\/2024\/03\/20231129_155443-002-2048x1536.jpg 2048w\" sizes=\"(max-width: 2560px) 100vw, 2560px\" \/>\t\t\t\t\t\t\t\t\t\t\t\t\t\t\t<\/div>\n\t\t\t\t<\/div>\n\t\t\t\t\t<\/div>\n\t\t<\/div>\n\t\t\t\t<div class=\"elementor-column elementor-col-50 elementor-top-column elementor-element elementor-element-79d3a83\" data-id=\"79d3a83\" data-element_type=\"column\" data-e-type=\"column\">\n\t\t\t<div class=\"elementor-widget-wrap elementor-element-populated\">\n\t\t\t\t\t\t<div class=\"elementor-element elementor-element-debe644 elementor-widget elementor-widget-elementskit-heading\" data-id=\"debe644\" data-element_type=\"widget\" data-e-type=\"widget\" data-widget_type=\"elementskit-heading.default\">\n\t\t\t\t<div class=\"elementor-widget-container\">\n\t\t\t\t\t<div class=\"ekit-wid-con\" ><div class=\"ekit-heading elementskit-section-title-wraper text_left   ekit_heading_tablet-   ekit_heading_mobile-\"><h2 class=\"ekit-heading--title elementskit-section-title\">Suchen Sie etwas Besonderes zum Anbieten oder f\u00fcr sich?<\/h2>\t\t\t\t<div class='ekit-heading__description'>\n\t\t\t\t\t<p>Sie haben eine sch\u00f6ne Kreation gefunden, die speziell f\u00fcr Sie entworfen wurde, aber Ihnen gef\u00e4llt entweder die Farbe oder die Gr\u00f6\u00dfe nicht.<\/p>\n<p>Sie m\u00f6chten etwas Originelles und Einzigartiges anbieten.<\/p>\n<p>Kein Problem, innerhalb weniger Wochen k\u00f6nnen Sie das gew\u00fcnschte Objekt nach Hause geliefert bekommen.<\/p>\n\t\t\t\t<\/div>\n\t\t\t<\/div><\/div>\t\t\t\t<\/div>\n\t\t\t\t<\/div>\n\t\t\t\t\t<\/div>\n\t\t<\/div>\n\t\t\t\t\t<\/div>\n\t\t<\/section>\n\t\t\t\t<section class=\"elementor-section elementor-top-section elementor-element elementor-element-78b4454 elementor-section-content-middle elementor-section-boxed elementor-section-height-default elementor-section-height-default\" data-id=\"78b4454\" data-element_type=\"section\" data-e-type=\"section\">\n\t\t\t\t\t\t<div class=\"elementor-container elementor-column-gap-default\">\n\t\t\t\t\t<div class=\"elementor-column elementor-col-50 elementor-top-column elementor-element elementor-element-46d60f1\" data-id=\"46d60f1\" data-element_type=\"column\" data-e-type=\"column\">\n\t\t\t<div class=\"elementor-widget-wrap elementor-element-populated\">\n\t\t\t\t\t\t<div class=\"elementor-element elementor-element-87dfb5a elementor-widget elementor-widget-elementskit-heading\" data-id=\"87dfb5a\" data-element_type=\"widget\" data-e-type=\"widget\" data-widget_type=\"elementskit-heading.default\">\n\t\t\t\t<div class=\"elementor-widget-container\">\n\t\t\t\t\t<div class=\"ekit-wid-con\" ><div class=\"ekit-heading elementskit-section-title-wraper text_left   ekit_heading_tablet-   ekit_heading_mobile-\"><h2 class=\"ekit-heading--title elementskit-section-title\">Beispiele<\/h2>\t\t\t\t<div class='ekit-heading__description'>\n\t\t\t\t\t<p>Wenn Sie an einer Hundeskulptur interessiert sind und wir haben nur Katzen auf Lager, wir k\u00f6nnen trotzdem eine Hundeskulptur f\u00fcr Sie erstellen<\/p>\n<p>Wenn Sie eine Tasse mit gew\u00fcnschten Farben m\u00f6chten, das ist auch m\u00f6glich, weil jedes St\u00fcck einzigartig ist.<\/p>\n\t\t\t\t<\/div>\n\t\t\t<\/div><\/div>\t\t\t\t<\/div>\n\t\t\t\t<\/div>\n\t\t\t\t<div class=\"elementor-element elementor-element-f79c1b9 text-para elementor-widget elementor-widget-text-editor\" data-id=\"f79c1b9\" data-element_type=\"widget\" data-e-type=\"widget\" data-widget_type=\"text-editor.default\">\n\t\t\t\t<div class=\"elementor-widget-container\">\n\t\t\t\t\t\t\t\t\t<h3><strong>Local creation<br \/><\/strong><\/h3><p>Wir haben Designed for You ins Leben gerufen, um lokale, deutsche und franz\u00f6sische Kreationen zu unterst\u00fctzen.<\/p><h3><b>Customization<\/b><\/h3><p>Wir haben diese Marke ins Leben gerufen, um zu erkl\u00e4ren, dass alle Kreationen gem\u00e4\u00df Ihren individuellen Bed\u00fcrfnissen und Geschm\u00e4ckern angepasst werden k\u00f6nnen.<\/p><h3><b>Flexibility<\/b><\/h3><p>Wir arbeiten mit verschiedenen Handwerkern zusammen, was Flexibilit\u00e4t bedeutet und es uns erm\u00f6glicht, die Kreationen anzupassen.<\/p>\t\t\t\t\t\t\t\t<\/div>\n\t\t\t\t<\/div>\n\t\t\t\t\t<\/div>\n\t\t<\/div>\n\t\t\t\t<div class=\"elementor-column elementor-col-50 elementor-top-column elementor-element elementor-element-7844cb9\" data-id=\"7844cb9\" data-element_type=\"column\" data-e-type=\"column\">\n\t\t\t<div class=\"elementor-widget-wrap elementor-element-populated\">\n\t\t\t\t\t\t<div class=\"elementor-element elementor-element-08f3fb0 elementor-widget elementor-widget-image\" data-id=\"08f3fb0\" data-element_type=\"widget\" data-e-type=\"widget\" data-widget_type=\"image.default\">\n\t\t\t\t<div class=\"elementor-widget-container\">\n\t\t\t\t\t\t\t\t\t\t\t\t\t\t\t<img decoding=\"async\" width=\"751\" height=\"750\" src=\"https:\/\/designed4-you.com\/wp-content\/uploads\/2024\/03\/chiens.jpg\" class=\"attachment-full size-full wp-image-8694\" alt=\"\" srcset=\"https:\/\/designed4-you.com\/wp-content\/uploads\/2024\/03\/chiens.jpg 751w, https:\/\/designed4-you.com\/wp-content\/uploads\/2024\/03\/chiens-300x300.jpg 300w, https:\/\/designed4-you.com\/wp-content\/uploads\/2024\/03\/chiens-100x100.jpg 100w, https:\/\/designed4-you.com\/wp-content\/uploads\/2024\/03\/chiens-600x599.jpg 600w, https:\/\/designed4-you.com\/wp-content\/uploads\/2024\/03\/chiens-150x150.jpg 150w\" sizes=\"(max-width: 751px) 100vw, 751px\" \/>\t\t\t\t\t\t\t\t\t\t\t\t\t\t\t<\/div>\n\t\t\t\t<\/div>\n\t\t\t\t\t<\/div>\n\t\t<\/div>\n\t\t\t\t\t<\/div>\n\t\t<\/section>\n\t\t\t\t<section class=\"elementor-section elementor-top-section elementor-element elementor-element-10bdd86 elementor-section-content-middle elementor-section-boxed elementor-section-height-default elementor-section-height-default\" data-id=\"10bdd86\" data-element_type=\"section\" data-e-type=\"section\">\n\t\t\t\t\t\t<div class=\"elementor-container elementor-column-gap-default\">\n\t\t\t\t\t<div class=\"elementor-column elementor-col-50 elementor-top-column elementor-element elementor-element-cfe93dd\" data-id=\"cfe93dd\" data-element_type=\"column\" data-e-type=\"column\" data-settings=\"{&quot;background_background&quot;:&quot;classic&quot;}\">\n\t\t\t<div class=\"elementor-widget-wrap elementor-element-populated\">\n\t\t\t\t\t<div class=\"elementor-background-overlay\"><\/div>\n\t\t\t\t\t\t<div class=\"elementor-element elementor-element-2353485 elementor-widget elementor-widget-text-editor\" data-id=\"2353485\" data-element_type=\"widget\" data-e-type=\"widget\" data-widget_type=\"text-editor.default\">\n\t\t\t\t<div class=\"elementor-widget-container\">\n\t\t\t\t\t\t\t\t\tWie funktioniert es:\n<ol>\n \t<li>F\u00fcllen Sie das Formular aus oder kontaktieren Sie uns per E-Mail.<\/li>\n \t<li>Wir werden uns mit Ihnen in Verbindung setzen, um Ihre Anfrage im Detail zu verstehen.<\/li>\n \t<li>Sie k\u00f6nnen das Produkt vorbestellen oder eine Anzahlung leisten.<\/li>\n \t<li>Einige Wochen sp\u00e4ter erhalten Sie Ihr Produkt bequem nach Hause geliefert.<\/li>\n<\/ol>\t\t\t\t\t\t\t\t<\/div>\n\t\t\t\t<\/div>\n\t\t\t\t\t<\/div>\n\t\t<\/div>\n\t\t\t\t<div class=\"elementor-column elementor-col-50 elementor-top-column elementor-element elementor-element-a8e4cae\" data-id=\"a8e4cae\" data-element_type=\"column\" data-e-type=\"column\">\n\t\t\t<div class=\"elementor-widget-wrap elementor-element-populated\">\n\t\t\t\t\t\t<div class=\"elementor-element elementor-element-4f7e26c elementor-widget elementor-widget-shortcode\" data-id=\"4f7e26c\" data-element_type=\"widget\" data-e-type=\"widget\" data-widget_type=\"shortcode.default\">\n\t\t\t\t<div class=\"elementor-widget-container\">\n\t\t\t\t\t\t\t<div class=\"elementor-shortcode\"><p class=\"wpcf7-contact-form-not-found\"><strong>Fehler:<\/strong> Kontaktformular wurde nicht gefunden.<\/p><\/div>\n\t\t\t\t\t\t<\/div>\n\t\t\t\t<\/div>\n\t\t\t\t\t<\/div>\n\t\t<\/div>\n\t\t\t\t\t<\/div>\n\t\t<\/section>\n\t\t\t\t<\/div>","protected":false},"excerpt":{"rendered":"<p>Anpassung Suchen Sie etwas Besonderes zum Anbieten oder f\u00fcr sich? Sie haben eine sch\u00f6ne Kreation gefunden, die speziell f\u00fcr Sie entworfen wurde, aber Ihnen gef\u00e4llt entweder die Farbe oder die Gr\u00f6\u00dfe nicht. Sie m\u00f6chten etwas Originelles und Einzigartiges anbieten. Kein Problem, innerhalb weniger Wochen k\u00f6nnen Sie das gew\u00fcnschte Objekt nach Hause geliefert bekommen. Beispiele Wenn [&hellip;]<\/p>","protected":false},"author":5,"featured_media":0,"parent":0,"menu_order":0,"comment_status":"closed","ping_status":"closed","template":"elementor_header_footer","meta":{"om_disable_all_campaigns":false,"footnotes":""},"class_list":["post-8690","page","type-page","status-publish","hentry"],"_links":{"self":[{"href":"https:\/\/designed4-you.com\/de\/wp-json\/wp\/v2\/pages\/8690","targetHints":{"allow":["GET"]}}],"collection":[{"href":"https:\/\/designed4-you.com\/de\/wp-json\/wp\/v2\/pages"}],"about":[{"href":"https:\/\/designed4-you.com\/de\/wp-json\/wp\/v2\/types\/page"}],"author":[{"embeddable":true,"href":"https:\/\/designed4-you.com\/de\/wp-json\/wp\/v2\/users\/5"}],"replies":[{"embeddable":true,"href":"https:\/\/designed4-you.com\/de\/wp-json\/wp\/v2\/comments?post=8690"}],"version-history":[{"count":0,"href":"https:\/\/designed4-you.com\/de\/wp-json\/wp\/v2\/pages\/8690\/revisions"}],"wp:attachment":[{"href":"https:\/\/designed4-you.com\/de\/wp-json\/wp\/v2\/media?parent=8690"}],"curies":[{"name":"wp","href":"https:\/\/api.w.org\/{rel}","templated":true}]}}