{"id":9013,"date":"2024-04-02T02:01:21","date_gmt":"2024-04-02T02:01:21","guid":{"rendered":"https:\/\/designed4-you.com\/?post_type=product&#038;p=9013"},"modified":"2024-04-02T02:06:49","modified_gmt":"2024-04-02T02:06:49","slug":"schwarze-geldboerse-aus-geripptem-stoff-mit-einem-schwarzen-knoten-und-weissen-punkten","status":"publish","type":"product","link":"https:\/\/designed4-you.com\/de\/produkt\/schwarze-geldboerse-aus-geripptem-stoff-mit-einem-schwarzen-knoten-und-weissen-punkten\/","title":{"rendered":"Schwarze Geldb\u00f6rse aus geripptem Stoff mit einem schwarzen Knoten und wei\u00dfen Punkten"},"content":{"rendered":"<p>Diese elegante schwarze Geldb\u00f6rse ist sch\u00f6n und praktisch.\u00a0 Es ist mit einem beigen Polyestergewebe gef\u00fcttert und hat einen schwarzen Rei\u00dfverschluss.<\/p>\n<p>Perfekt als Geldb\u00f6rse, Schl\u00fcsselanh\u00e4nger oder Taschenzubeh\u00f6r.<\/p>\n<p>Dieses einzigartige Produkt basiert auf Upcycling und wird in Frankreich, im Departement Moselle, im Grand-Est handgefertigt.<\/p>\n<p>Diese sch\u00f6ne Geldb\u00f6rse ist das perfekte Geschenk f\u00fcr Sie, Ihre Familie oder Ihre Freunde. Es kann mit einem eleganten Beutel kombiniert werden.<\/p>","protected":false},"excerpt":{"rendered":"<p>Diese sch\u00f6ne Geldb\u00f6rse ist einzigartig und handgefertigt in Frankreich, im Departement Moselle, im Grand-Est.<\/p>\n<p>Perfekt als Geldb\u00f6rse, Schl\u00fcsselanh\u00e4nger oder Taschenaccessoire.<\/p>\n<p>Die Abmessungen sind :<\/p>\n<p>Breite: 14 cm<\/p>\n<p>Tiefe: 0,8 cm<\/p>\n<p>H\u00f6he:. 10,5 cm<\/p>\n<p>Gewicht: 26 g<\/p>\n<p><strong>Materialien<\/strong>: Baumwolle, Polyester<\/p>","protected":false},"featured_media":2359,"comment_status":"open","ping_status":"closed","template":"","meta":{"om_disable_all_campaigns":false},"product_brand":[],"product_cat":[704,724],"product_tag":[],"class_list":{"0":"post-9013","1":"product","2":"type-product","3":"status-publish","4":"has-post-thumbnail","6":"product_cat-accessoires-de","7":"product_cat-geldboerse","8":"product_shipping_class-m-fr-de","9":"product_shipping_class-s-fr-de","10":"product_shipping_class-xl-fr-de","11":"pa_color-black-de","12":"pa_material-cotton-en","13":"pa_material-polyester-en","15":"first","16":"instock","17":"taxable","18":"shipping-taxable","19":"purchasable","20":"product-type-simple"},"_links":{"self":[{"href":"https:\/\/designed4-you.com\/de\/wp-json\/wp\/v2\/product\/9013","targetHints":{"allow":["GET"]}}],"collection":[{"href":"https:\/\/designed4-you.com\/de\/wp-json\/wp\/v2\/product"}],"about":[{"href":"https:\/\/designed4-you.com\/de\/wp-json\/wp\/v2\/types\/product"}],"replies":[{"embeddable":true,"href":"https:\/\/designed4-you.com\/de\/wp-json\/wp\/v2\/comments?post=9013"}],"version-history":[{"count":0,"href":"https:\/\/designed4-you.com\/de\/wp-json\/wp\/v2\/product\/9013\/revisions"}],"wp:featuredmedia":[{"embeddable":true,"href":"https:\/\/designed4-you.com\/de\/wp-json\/wp\/v2\/media\/2359"}],"wp:attachment":[{"href":"https:\/\/designed4-you.com\/de\/wp-json\/wp\/v2\/media?parent=9013"}],"wp:term":[{"taxonomy":"product_brand","embeddable":true,"href":"https:\/\/designed4-you.com\/de\/wp-json\/wp\/v2\/product_brand?post=9013"},{"taxonomy":"product_cat","embeddable":true,"href":"https:\/\/designed4-you.com\/de\/wp-json\/wp\/v2\/product_cat?post=9013"},{"taxonomy":"product_tag","embeddable":true,"href":"https:\/\/designed4-you.com\/de\/wp-json\/wp\/v2\/product_tag?post=9013"}],"curies":[{"name":"wp","href":"https:\/\/api.w.org\/{rel}","templated":true}]}}