{"id":9017,"date":"2024-04-02T02:47:36","date_gmt":"2024-04-02T02:47:36","guid":{"rendered":"https:\/\/designed4-you.com\/?post_type=product&#038;p=9017"},"modified":"2026-02-10T00:58:24","modified_gmt":"2026-02-10T00:58:24","slug":"schwarze-tasche-mit-grauen-und-weissen-streifen","status":"publish","type":"product","link":"https:\/\/designed4-you.com\/de\/produkt\/schwarze-tasche-mit-grauen-und-weissen-streifen\/","title":{"rendered":"Schwarze Tasche mit grauen und wei\u00dfen Streifen"},"content":{"rendered":"<p>Diese sch\u00f6ne schwarze Tasche mit grauen und wei\u00dfen Streifen und Tragegurt ist sehr elegant und praktisch. Dank eines rechteckigen Bodens steht es aufrecht.<\/p>\n<p>Die Au\u00dfenseite des Beutels besteht aus Baumwolle, ist mit einem gelben Baumwollstoff gef\u00fcttert, hat einen wei\u00dfen Rei\u00dfverschluss, eine wei\u00dfe Quaste und einen wei\u00dfen Tragegurt.<\/p>\n<p>Diese Tasche ist einzigartig und handgefertigt in Frankreich, im Departement Moselle, im Grand-Est.<\/p>\n<p>Kann als Handtasche, Reise-Kit oder Tasche Zubeh\u00f6r benutzt werden.<\/p>\n<p>Das ist das perfekte Geschenk f\u00fcr Sie, Ihre Familie oder Ihre Freunde! Es kann mit einer sch\u00f6nen Geldb\u00f6rse kombiniert werden.<\/p>","protected":false},"excerpt":{"rendered":"<p>Diese elegante Tasche mit grauen und wei\u00dfen Streifen und Tragegurt ist ein einzigartiges Produkt, das auf Upcycling basiert. Es ist handgefertigt in Frankreich, im Departement Moselle, im Grand-Est.<\/p>\n<p>Perfekt als Handtasche, Reiseset oder Taschenzubeh\u00f6r.<\/p>\n<p>Die Abmessungen sind :<\/p>\n<p>Breite: 24 cm + 25,5 cm f\u00fcr den Griff<\/p>\n<p>Tiefe: 8 cm<\/p>\n<p>H\u00f6he: ca. 16 cm<\/p>\n<p>Gewicht: 100 g<\/p>\n<p><strong>Materialien:\u00a0<\/strong>\u00a0Baumwolle, Kunstleder, Polyamide<\/p>","protected":false},"featured_media":2323,"comment_status":"open","ping_status":"closed","template":"","meta":{"om_disable_all_campaigns":false},"product_brand":[],"product_cat":[704,708],"product_tag":[],"class_list":{"0":"post-9017","1":"product","2":"type-product","3":"status-publish","4":"has-post-thumbnail","6":"product_cat-accessoires-de","7":"product_cat-tasche","8":"product_shipping_class-m-fr-de","9":"product_shipping_class-s-fr-de","10":"product_shipping_class-xl-fr-de","11":"pa_color-black-de","12":"pa_material-cotton-en","13":"pa_material-imitation-leather-en","14":"pa_material-polyamide-en","16":"first","17":"instock","18":"taxable","19":"shipping-taxable","20":"purchasable","21":"product-type-simple"},"_links":{"self":[{"href":"https:\/\/designed4-you.com\/de\/wp-json\/wp\/v2\/product\/9017","targetHints":{"allow":["GET"]}}],"collection":[{"href":"https:\/\/designed4-you.com\/de\/wp-json\/wp\/v2\/product"}],"about":[{"href":"https:\/\/designed4-you.com\/de\/wp-json\/wp\/v2\/types\/product"}],"replies":[{"embeddable":true,"href":"https:\/\/designed4-you.com\/de\/wp-json\/wp\/v2\/comments?post=9017"}],"version-history":[{"count":0,"href":"https:\/\/designed4-you.com\/de\/wp-json\/wp\/v2\/product\/9017\/revisions"}],"wp:featuredmedia":[{"embeddable":true,"href":"https:\/\/designed4-you.com\/de\/wp-json\/wp\/v2\/media\/2323"}],"wp:attachment":[{"href":"https:\/\/designed4-you.com\/de\/wp-json\/wp\/v2\/media?parent=9017"}],"wp:term":[{"taxonomy":"product_brand","embeddable":true,"href":"https:\/\/designed4-you.com\/de\/wp-json\/wp\/v2\/product_brand?post=9017"},{"taxonomy":"product_cat","embeddable":true,"href":"https:\/\/designed4-you.com\/de\/wp-json\/wp\/v2\/product_cat?post=9017"},{"taxonomy":"product_tag","embeddable":true,"href":"https:\/\/designed4-you.com\/de\/wp-json\/wp\/v2\/product_tag?post=9017"}],"curies":[{"name":"wp","href":"https:\/\/api.w.org\/{rel}","templated":true}]}}