{"id":9021,"date":"2024-04-02T03:01:58","date_gmt":"2024-04-02T03:01:58","guid":{"rendered":"https:\/\/designed4-you.com\/?post_type=product&#038;p=9021"},"modified":"2026-04-10T22:54:25","modified_gmt":"2026-04-10T22:54:25","slug":"schwarze-pailletten-tasche-mit-van-gogh-gemusterten-katzenkoepfen","status":"publish","type":"product","link":"https:\/\/designed4-you.com\/de\/produkt\/schwarze-pailletten-tasche-mit-van-gogh-gemusterten-katzenkoepfen\/","title":{"rendered":"Schwarze Pailletten-Tasche mit Van Gogh-gemusterten Katzenk\u00f6pfen"},"content":{"rendered":"<p>Diese schwarze glitzerne Kunstledertasche hat Katzenk\u00f6pfe und Van Gogh Muster. Es hat schwarzen Ledergriffen, eine Innentasche und l\u00e4sst sich einem Magnetverschluss schliessen. Der Innenstoff besteht aus sch\u00f6nem t\u00fcrkisblauen Baumwollstoff.<\/p>\n<p>Es ist die Alltagtasche, ideal zum einkaufen oder f\u00fcr das Wochenende. Sie k\u00f6nnen es auch durch den ganzen Jahr benutzen.<\/p>\n<p>Diese sch\u00f6ne Tasche ist ein einzigartiges Produkt, handgefertigt in S\u00fcdfrankreich, in der Provence, an der franz\u00f6sischen Riviera.<\/p>","protected":false},"excerpt":{"rendered":"<p>Diese sch\u00f6ne Tasche ist ein einzigartiges Produkt, handgefertigt in S\u00fcdfrankreich, in der Provence, an der franz\u00f6sischen Riviera.<\/p>\n<p>Die Abmessungen sind :<\/p>\n<p>Breite: ca. 35 cm<\/p>\n<p>Tiefe: ca. 10 cm<\/p>\n<p>H\u00f6he: ca. 39 cm<\/p>\n<p>Gewicht : 372 g<\/p>\n<p><strong>Materialien<\/strong>: Kunstleder, Leder, Baumwolle<\/p>","protected":false},"featured_media":2396,"comment_status":"open","ping_status":"closed","template":"","meta":{"om_disable_all_campaigns":false},"product_brand":[],"product_cat":[704,708],"product_tag":[],"class_list":{"0":"post-9021","1":"product","2":"type-product","3":"status-publish","4":"has-post-thumbnail","6":"product_cat-accessoires-de","7":"product_cat-tasche","8":"product_shipping_class-m-fr-de","9":"product_shipping_class-s-fr-de","10":"product_shipping_class-xl-fr-de","11":"pa_color-black-de","12":"pa_material-cotton-en","13":"pa_material-imitation-leather-en","14":"pa_material-leather-en","16":"first","17":"instock","18":"taxable","19":"shipping-taxable","20":"purchasable","21":"product-type-simple"},"_links":{"self":[{"href":"https:\/\/designed4-you.com\/de\/wp-json\/wp\/v2\/product\/9021","targetHints":{"allow":["GET"]}}],"collection":[{"href":"https:\/\/designed4-you.com\/de\/wp-json\/wp\/v2\/product"}],"about":[{"href":"https:\/\/designed4-you.com\/de\/wp-json\/wp\/v2\/types\/product"}],"replies":[{"embeddable":true,"href":"https:\/\/designed4-you.com\/de\/wp-json\/wp\/v2\/comments?post=9021"}],"version-history":[{"count":0,"href":"https:\/\/designed4-you.com\/de\/wp-json\/wp\/v2\/product\/9021\/revisions"}],"wp:featuredmedia":[{"embeddable":true,"href":"https:\/\/designed4-you.com\/de\/wp-json\/wp\/v2\/media\/2396"}],"wp:attachment":[{"href":"https:\/\/designed4-you.com\/de\/wp-json\/wp\/v2\/media?parent=9021"}],"wp:term":[{"taxonomy":"product_brand","embeddable":true,"href":"https:\/\/designed4-you.com\/de\/wp-json\/wp\/v2\/product_brand?post=9021"},{"taxonomy":"product_cat","embeddable":true,"href":"https:\/\/designed4-you.com\/de\/wp-json\/wp\/v2\/product_cat?post=9021"},{"taxonomy":"product_tag","embeddable":true,"href":"https:\/\/designed4-you.com\/de\/wp-json\/wp\/v2\/product_tag?post=9021"}],"curies":[{"name":"wp","href":"https:\/\/api.w.org\/{rel}","templated":true}]}}