{"id":9026,"date":"2024-04-02T03:10:05","date_gmt":"2024-04-02T03:10:05","guid":{"rendered":"https:\/\/designed4-you.com\/?post_type=product&#038;p=9026"},"modified":"2024-04-02T03:20:36","modified_gmt":"2024-04-02T03:20:36","slug":"kleine-tasche-aus-schwarzem-samt-mit-einer-goldener-paillettenkrone","status":"publish","type":"product","link":"https:\/\/designed4-you.com\/de\/produkt\/kleine-tasche-aus-schwarzem-samt-mit-einer-goldener-paillettenkrone\/","title":{"rendered":"Kleine Tasche aus schwarzem Samt mit einer goldener Paillettenkrone"},"content":{"rendered":"<p>Diese sch\u00f6ne schwarze Tasche mit einer goldenen Pailletten Krone und einem Griff ist sehr elegant und praktisch. Dank eines rechteckigen Bodens steht es aufrecht.<\/p>\n<p>Es besteht aus Baumwollstoff. Es ist vollst\u00e4ndig mit einem Baumwollblumenstoff gef\u00fcttert, hat einen Paillettenrei\u00dfverschluss, eine Quaste und einen Paillettengriff.<\/p>\n<p>Diese Tasche ist einzigartig und handgefertigt in Frankreich, im Departement Moselle, im Grand-Est.<\/p>\n<p>Kann als Handtasche, Reise-Kit oder Tasche Zubeh\u00f6r benutzt werden.<\/p>\n<p>Das ist das perfekte Geschenk f\u00fcr Sie, Ihre Familie oder Ihre Freunde! Es kann mit einer sch\u00f6nen Geldb\u00f6rse kombiniert werden.<\/p>","protected":false},"excerpt":{"rendered":"<p>Diese sch\u00f6ne Tasche mit einer goldenen Pailletten Krone und einem Griff ist ein einzigartiges Produkt, das auf Upcycling basiert.<\/p>\n<p>Es ist handgefertigt in Frankreich, im Departement Moselle, im Grand-Est.<\/p>\n<p>Perfekt als Handtasche, Reiseset oder Taschenzubeh\u00f6r.<\/p>\n<p>Die Abmessungen sind :<\/p>\n<p>Breite: 24,5 cm + 24 cm f\u00fcr den Griff<\/p>\n<p>Tiefe: 8 cm<\/p>\n<p>H\u00f6he: ca. 17 cm<\/p>\n<p>Gewicht: 94 g<\/p>\n<p><strong>Materialien<\/strong>: Baumwolle, andere Materialien<\/p>","protected":false},"featured_media":2252,"comment_status":"open","ping_status":"closed","template":"","meta":{"om_disable_all_campaigns":false},"product_brand":[],"product_cat":[704,708],"product_tag":[],"class_list":{"0":"post-9026","1":"product","2":"type-product","3":"status-publish","4":"has-post-thumbnail","6":"product_cat-accessoires-de","7":"product_cat-tasche","8":"product_shipping_class-m-fr-de","9":"product_shipping_class-s-fr-de","10":"product_shipping_class-xl-fr-de","11":"pa_color-black-de","12":"pa_material-cotton-en","13":"pa_material-other-material-en","15":"first","16":"instock","17":"taxable","18":"shipping-taxable","19":"purchasable","20":"product-type-simple"},"_links":{"self":[{"href":"https:\/\/designed4-you.com\/de\/wp-json\/wp\/v2\/product\/9026","targetHints":{"allow":["GET"]}}],"collection":[{"href":"https:\/\/designed4-you.com\/de\/wp-json\/wp\/v2\/product"}],"about":[{"href":"https:\/\/designed4-you.com\/de\/wp-json\/wp\/v2\/types\/product"}],"replies":[{"embeddable":true,"href":"https:\/\/designed4-you.com\/de\/wp-json\/wp\/v2\/comments?post=9026"}],"version-history":[{"count":0,"href":"https:\/\/designed4-you.com\/de\/wp-json\/wp\/v2\/product\/9026\/revisions"}],"wp:featuredmedia":[{"embeddable":true,"href":"https:\/\/designed4-you.com\/de\/wp-json\/wp\/v2\/media\/2252"}],"wp:attachment":[{"href":"https:\/\/designed4-you.com\/de\/wp-json\/wp\/v2\/media?parent=9026"}],"wp:term":[{"taxonomy":"product_brand","embeddable":true,"href":"https:\/\/designed4-you.com\/de\/wp-json\/wp\/v2\/product_brand?post=9026"},{"taxonomy":"product_cat","embeddable":true,"href":"https:\/\/designed4-you.com\/de\/wp-json\/wp\/v2\/product_cat?post=9026"},{"taxonomy":"product_tag","embeddable":true,"href":"https:\/\/designed4-you.com\/de\/wp-json\/wp\/v2\/product_tag?post=9026"}],"curies":[{"name":"wp","href":"https:\/\/api.w.org\/{rel}","templated":true}]}}