{"id":9032,"date":"2024-04-02T03:34:17","date_gmt":"2024-04-02T03:34:17","guid":{"rendered":"https:\/\/designed4-you.com\/?post_type=product&#038;p=9032"},"modified":"2026-02-09T03:57:49","modified_gmt":"2026-02-09T03:57:49","slug":"braune-und-beige-metallic-schminktasche-mit-einem-glitzernden-grauen-streifen","status":"publish","type":"product","link":"https:\/\/designed4-you.com\/de\/produkt\/braune-und-beige-metallic-schminktasche-mit-einem-glitzernden-grauen-streifen\/","title":{"rendered":"Braune und beige Metallic Schminktasche mit einem glitzernden grauen Streifen"},"content":{"rendered":"<p>Diese braune und beige Metallic Schminktasche mit einem glitzernden grauen Streifen und Sneaker-Abzeichnen ist sch\u00f6n und praktisch. \u00a0Dank eines rechteckigen Bodens steht es aufrecht. Die Au\u00dfenseite des Beutels besteht aus Baumwolle und Polyester, ist komplett mit einem gr\u00fcnen Baumwollstoff gef\u00fcttert und l\u00e4sst sich mit einem beigen Rei\u00dfverschluss schliessen.<\/p>\n<p>Diese einzigartige sch\u00f6ne Kosmetiktasche ist handgefertigt in Frankreich, im Departement Moselle, im Grand-Est.<\/p>\n<p>Ideal als Make-up-Tasche, Reiseset oder Taschenzubeh\u00f6r<\/p>\n<p>Das ist das perfekte Geschenk f\u00fcr Sie, Ihre Familie oder Ihre Freunde\u00a0! Und es basiert auf Upcycling\u00a0!<\/p>","protected":false},"excerpt":{"rendered":"<p>Diese elegante Kosmetiktasche ist ein einzigartiges Produkt auf Upcycling-Basis. Es wird in Frankreich, im Departement Moselle, im Grand-Est handgefertigt.<\/p>\n<p>Perfekt als Schminktasche, Reiseset oder Taschenzubeh\u00f6r.<\/p>\n<p>Die Abmessungen sind :<\/p>\n<p>Breite: ca. 20 cm<\/p>\n<p>Tiefe: 6,5 cm<\/p>\n<p>H\u00f6he: ca. 13 cm<\/p>\n<p>Gewicht: 72 g<\/p>\n<p><strong>Materialien<\/strong>: Baumwolle, Kunstleder, andere Materialie<\/p>","protected":false},"featured_media":2274,"comment_status":"open","ping_status":"closed","template":"","meta":{"om_disable_all_campaigns":false},"product_brand":[],"product_cat":[704,720],"product_tag":[],"class_list":{"0":"post-9032","1":"product","2":"type-product","3":"status-publish","4":"has-post-thumbnail","6":"product_cat-accessoires-de","7":"product_cat-schminktasche","8":"product_shipping_class-m-fr-de","9":"product_shipping_class-s-fr-de","10":"product_shipping_class-xl-fr-de","11":"pa_material-cotton-en","12":"pa_material-imitation-leather-en","13":"pa_material-other-material-en","15":"first","16":"instock","17":"taxable","18":"shipping-taxable","19":"purchasable","20":"product-type-simple"},"_links":{"self":[{"href":"https:\/\/designed4-you.com\/de\/wp-json\/wp\/v2\/product\/9032","targetHints":{"allow":["GET"]}}],"collection":[{"href":"https:\/\/designed4-you.com\/de\/wp-json\/wp\/v2\/product"}],"about":[{"href":"https:\/\/designed4-you.com\/de\/wp-json\/wp\/v2\/types\/product"}],"replies":[{"embeddable":true,"href":"https:\/\/designed4-you.com\/de\/wp-json\/wp\/v2\/comments?post=9032"}],"version-history":[{"count":0,"href":"https:\/\/designed4-you.com\/de\/wp-json\/wp\/v2\/product\/9032\/revisions"}],"wp:featuredmedia":[{"embeddable":true,"href":"https:\/\/designed4-you.com\/de\/wp-json\/wp\/v2\/media\/2274"}],"wp:attachment":[{"href":"https:\/\/designed4-you.com\/de\/wp-json\/wp\/v2\/media?parent=9032"}],"wp:term":[{"taxonomy":"product_brand","embeddable":true,"href":"https:\/\/designed4-you.com\/de\/wp-json\/wp\/v2\/product_brand?post=9032"},{"taxonomy":"product_cat","embeddable":true,"href":"https:\/\/designed4-you.com\/de\/wp-json\/wp\/v2\/product_cat?post=9032"},{"taxonomy":"product_tag","embeddable":true,"href":"https:\/\/designed4-you.com\/de\/wp-json\/wp\/v2\/product_tag?post=9032"}],"curies":[{"name":"wp","href":"https:\/\/api.w.org\/{rel}","templated":true}]}}