{"id":9039,"date":"2024-04-02T03:43:53","date_gmt":"2024-04-02T03:43:53","guid":{"rendered":"https:\/\/designed4-you.com\/?post_type=product&#038;p=9039"},"modified":"2024-04-02T04:05:48","modified_gmt":"2024-04-02T04:05:48","slug":"braune-und-pink-metallic-schminktasche-mit-liberty-muster","status":"publish","type":"product","link":"https:\/\/designed4-you.com\/de\/produkt\/braune-und-pink-metallic-schminktasche-mit-liberty-muster\/","title":{"rendered":"Braune und pink Metallic-Schminktasche mit Liberty Muster"},"content":{"rendered":"<p>Diese braune und beige Metallic Schminktasche mit Liberty- und Blumenmuster ist sch\u00f6n und praktisch.\u00a0 Dank eines rechteckigen Bodens steht es aufrecht. Die Au\u00dfenseite des Beutels besteht aus Baumwolle und Polyester, ist mit einem beigen Baumwollstoff mit wei\u00dfen Punkten gef\u00fcttert und l\u00e4sst sich mit einem rosa Rei\u00dfverschluss mit Pailletten schliessen.<\/p>\n<p>Diese sch\u00f6ne Kosmetiktasche ist einzigartig und handgefertigt Frankreich, im Departement Moselle, im Grand-Est<\/p>\n<p>Ideal als Make-up-Tasche, Reiseset oder Taschenzubeh\u00f6r<\/p>\n<p>Das ist das perfekte Geschenk f\u00fcr Sie, Ihre Familie oder Ihre Freunde! Und es basiert auf Upcycling!<\/p>","protected":false},"excerpt":{"rendered":"<p>Diese elegante Kosmetiktasche ist ein einzigartiges Produkt auf Upcycling-Basis. Es wird in Frankreich, im Departement Moselle, im Grand-Est handgefertigt.<\/p>\n<p>Perfekt als Schminktasche, Reiseset oder Taschenzubeh\u00f6r.<\/p>\n<p>Die Abmessungen sind :<\/p>\n<p>Breite: ca. 19 cm<\/p>\n<p>Tiefe: ca. 7 cm<\/p>\n<p>H\u00f6he: ca. 13 cm<\/p>\n<p>Gewicht: 59 g<\/p>\n<p><strong>Materialien<\/strong>: Baumwolle, andere Materialien<\/p>","protected":false},"featured_media":2339,"comment_status":"open","ping_status":"closed","template":"","meta":{"om_disable_all_campaigns":false},"product_brand":[],"product_cat":[704,720],"product_tag":[],"class_list":{"0":"post-9039","1":"product","2":"type-product","3":"status-publish","4":"has-post-thumbnail","6":"product_cat-accessoires-de","7":"product_cat-schminktasche","8":"product_shipping_class-m-fr-de","9":"product_shipping_class-s-fr-de","10":"product_shipping_class-xl-fr-de","11":"pa_material-cotton-en","12":"pa_material-other-material-en","14":"first","15":"instock","16":"taxable","17":"shipping-taxable","18":"purchasable","19":"product-type-simple"},"_links":{"self":[{"href":"https:\/\/designed4-you.com\/de\/wp-json\/wp\/v2\/product\/9039","targetHints":{"allow":["GET"]}}],"collection":[{"href":"https:\/\/designed4-you.com\/de\/wp-json\/wp\/v2\/product"}],"about":[{"href":"https:\/\/designed4-you.com\/de\/wp-json\/wp\/v2\/types\/product"}],"replies":[{"embeddable":true,"href":"https:\/\/designed4-you.com\/de\/wp-json\/wp\/v2\/comments?post=9039"}],"version-history":[{"count":0,"href":"https:\/\/designed4-you.com\/de\/wp-json\/wp\/v2\/product\/9039\/revisions"}],"wp:featuredmedia":[{"embeddable":true,"href":"https:\/\/designed4-you.com\/de\/wp-json\/wp\/v2\/media\/2339"}],"wp:attachment":[{"href":"https:\/\/designed4-you.com\/de\/wp-json\/wp\/v2\/media?parent=9039"}],"wp:term":[{"taxonomy":"product_brand","embeddable":true,"href":"https:\/\/designed4-you.com\/de\/wp-json\/wp\/v2\/product_brand?post=9039"},{"taxonomy":"product_cat","embeddable":true,"href":"https:\/\/designed4-you.com\/de\/wp-json\/wp\/v2\/product_cat?post=9039"},{"taxonomy":"product_tag","embeddable":true,"href":"https:\/\/designed4-you.com\/de\/wp-json\/wp\/v2\/product_tag?post=9039"}],"curies":[{"name":"wp","href":"https:\/\/api.w.org\/{rel}","templated":true}]}}