{"id":9108,"date":"2024-04-03T05:56:33","date_gmt":"2024-04-03T05:56:33","guid":{"rendered":"https:\/\/designed4-you.com\/?post_type=product&#038;p=9108"},"modified":"2026-04-08T03:56:28","modified_gmt":"2026-04-08T03:56:28","slug":"schicke-moewe-in-mariniere","status":"publish","type":"product","link":"https:\/\/designed4-you.com\/de\/produkt\/schicke-moewe-in-mariniere\/","title":{"rendered":"Schicke M\u00f6we in mariniere"},"content":{"rendered":"<p>Ihr St\u00fcck Bretagne zu Hause!<\/p>\n<p>Die M\u00f6we ist schwarz und wei\u00df mit keramischen goldenen Beinen, die mit goldenen Metallst\u00e4ben an einer gealterten Basis befestigt sind.<\/p>\n<p>Diese M\u00f6we in \u201cmariniere\u201d ist typisch franz\u00f6sisch. Das Mariniere oder Breton Shirt ist in der Regel ein Baumwoll-Langarmshirt mit horizontalen blauen und wei\u00dfen Streifen, das Frankreich repr\u00e4sentiert .<\/p>\n<p>Die M\u00f6we sieht dank ihres Mariniere und ihres Goldeffekts sehr sch\u00f6n und trendy aus.<\/p>\n<p>Es wird in Raku hergestellt. Es ist ein einzigartiges und handgefertigtes Kunstwerk, hergestellt in Frankreich, in der Bretagne!<\/p>\n<p>Dieses Kunstwerk wird nicht nur Ihr Haus oder Ihr Wohnzimmer schm\u00fccken, es nimmt Sie auf eine Reise mit, weg von Ihrer Routine.<\/p>\n<p>Sie k\u00f6nnen das Rauschen der Wellen h\u00f6ren und das Meer riechen, Sie sind in der N\u00e4he des Atlantischen Ozeans.<\/p>\n<p>Und es wird ein bisschen Exotik und Meeresluft zu Ihnen nach Hause bringen.<\/p>","protected":false},"excerpt":{"rendered":"<p>Die M\u00f6we ist schwarz und wei\u00df mit keramischen goldenen Beinen, die mit goldenen Metallst\u00e4ben an einer gealterten Basis befestigt sind.<\/p>\n<p>Es wird in Raku gemacht.<\/p>\n<p>Diese Skulptur ist ein einzigartiges und handgefertigtes Kunstwerk, hergestellt in Frankreich, in der Bretagne!<\/p>\n<p>Die Abmessungen sind :<\/p>\n<p>Breite: ca. 14 cm<\/p>\n<p>Tiefe: ca. 10 cm<\/p>\n<p>H\u00f6he: ca. 29,5 cm<\/p>\n<p>Gewicht: 960 g<\/p>\n<p><strong>Materialien:<\/strong>\u00a0Raku, Holz, Metall<\/p>","protected":false},"featured_media":3909,"comment_status":"open","ping_status":"closed","template":"","meta":{"om_disable_all_campaigns":false},"product_brand":[],"product_cat":[728,744],"product_tag":[],"class_list":{"0":"post-9108","1":"product","2":"type-product","3":"status-publish","4":"has-post-thumbnail","6":"product_cat-dekoration","7":"product_cat-skulptur","8":"product_shipping_class-m-fr-de","9":"product_shipping_class-s-fr-de","10":"product_shipping_class-xl-fr-de","11":"pa_color-black-de","12":"pa_material-raku-en","13":"pa_material-wood-en","15":"first","16":"instock","17":"taxable","18":"shipping-taxable","19":"purchasable","20":"product-type-simple"},"_links":{"self":[{"href":"https:\/\/designed4-you.com\/de\/wp-json\/wp\/v2\/product\/9108","targetHints":{"allow":["GET"]}}],"collection":[{"href":"https:\/\/designed4-you.com\/de\/wp-json\/wp\/v2\/product"}],"about":[{"href":"https:\/\/designed4-you.com\/de\/wp-json\/wp\/v2\/types\/product"}],"replies":[{"embeddable":true,"href":"https:\/\/designed4-you.com\/de\/wp-json\/wp\/v2\/comments?post=9108"}],"version-history":[{"count":0,"href":"https:\/\/designed4-you.com\/de\/wp-json\/wp\/v2\/product\/9108\/revisions"}],"wp:featuredmedia":[{"embeddable":true,"href":"https:\/\/designed4-you.com\/de\/wp-json\/wp\/v2\/media\/3909"}],"wp:attachment":[{"href":"https:\/\/designed4-you.com\/de\/wp-json\/wp\/v2\/media?parent=9108"}],"wp:term":[{"taxonomy":"product_brand","embeddable":true,"href":"https:\/\/designed4-you.com\/de\/wp-json\/wp\/v2\/product_brand?post=9108"},{"taxonomy":"product_cat","embeddable":true,"href":"https:\/\/designed4-you.com\/de\/wp-json\/wp\/v2\/product_cat?post=9108"},{"taxonomy":"product_tag","embeddable":true,"href":"https:\/\/designed4-you.com\/de\/wp-json\/wp\/v2\/product_tag?post=9108"}],"curies":[{"name":"wp","href":"https:\/\/api.w.org\/{rel}","templated":true}]}}