{"id":9122,"date":"2024-04-03T06:40:42","date_gmt":"2024-04-03T06:40:42","guid":{"rendered":"https:\/\/designed4-you.com\/?post_type=product&#038;p=9122"},"modified":"2026-03-28T11:55:48","modified_gmt":"2026-03-28T11:55:48","slug":"copa-ting-der-baer-und-das-boot","status":"publish","type":"product","link":"https:\/\/designed4-you.com\/de\/produkt\/copa-ting-der-baer-und-das-boot\/","title":{"rendered":"CoPa Ting der B\u00e4r und das Boot"},"content":{"rendered":"<p>Diese kleine B\u00e4rengem\u00e4lde wird auf einer Leinwand mit gekr\u00e4uselten Packung oder Naturpapier mit Papier bedeckt und in mehreren Schichten mit Gouache-Farbe gemalt.<\/p>\n<p>Dieses Gem\u00e4lde bringt etwas Freude und einige Farben in Ihr Interieur und macht es einzigartig. Es kann mit einigen anderen Copaintings oder Kunstwerken kombiniert werden.<\/p>\n<p>Diese Copa Ting ist ein wunderbares Geschenk zu bieten oder einfach sich selbst zu behandeln.<\/p>\n<p>Es ist ein einzigartiges, handgefertigtes, s\u00fc\u00dfes Gem\u00e4lde von Stefanie Weber, der K\u00fcnstlerin. Dieses CoPa Ting wird in Deutschland, in Saarland hergestellt!<\/p>","protected":false},"excerpt":{"rendered":"<p>Ihr s\u00fc\u00dfes Kunstwerk, um Ihr Interieur oder das Schlafzimmer Ihres Kindes zu dekorieren und zu beleuchten!<\/p>\n<p>Diese \u201cCoPa Tings\u201d wurden w\u00e4hrend des ersten Lockdowns im Jahr 2020 erstellt. Es wurde konzipiert, um den Menschen in dieser schwierigen Zeit etwas Freude und Leben zu bringen. Diese Gem\u00e4lde wird auf einer Leinwand mit Papier bedeckt und in mehreren Schichten mit Gouache-Farbe gemalt.<\/p>\n<p>Es ist ein einzigartiges, handgefertigtes, s\u00fc\u00dfes Gem\u00e4lde von Stefanie Weber, der K\u00fcnstlerin. Dieses CoPa Ting wird in Deutschland, in Saarland hergestellt!<\/p>\n<p>Die Abmessungen sind :<\/p>\n<p>Breite: 10 cm<\/p>\n<p>Tiefe: 1,6 cm<\/p>\n<p>H\u00f6he: 10 cm<\/p>\n<p>Gewicht: 79 g<\/p>\n<p><strong>Materialien:\u00a0<\/strong>Canva, Papier<\/p>\n<p>K\u00fcnstler: St\u00e9fanie Weber<\/p>","protected":false},"featured_media":3920,"comment_status":"open","ping_status":"closed","template":"","meta":{"om_disable_all_campaigns":false},"product_brand":[],"product_cat":[728,740],"product_tag":[],"class_list":{"0":"post-9122","1":"product","2":"type-product","3":"status-publish","4":"has-post-thumbnail","6":"product_cat-dekoration","7":"product_cat-gemaelde","8":"product_shipping_class-m-fr-de","9":"product_shipping_class-s-fr-de","10":"product_shipping_class-xl-fr-de","11":"pa_color-green-en","12":"pa_color-grey-en","13":"pa_color-orange-en","14":"pa_color-yellow-en","15":"pa_material-canvas-en","16":"pa_material-paper-en","18":"first","19":"instock","20":"taxable","21":"shipping-taxable","22":"purchasable","23":"product-type-simple"},"_links":{"self":[{"href":"https:\/\/designed4-you.com\/de\/wp-json\/wp\/v2\/product\/9122","targetHints":{"allow":["GET"]}}],"collection":[{"href":"https:\/\/designed4-you.com\/de\/wp-json\/wp\/v2\/product"}],"about":[{"href":"https:\/\/designed4-you.com\/de\/wp-json\/wp\/v2\/types\/product"}],"replies":[{"embeddable":true,"href":"https:\/\/designed4-you.com\/de\/wp-json\/wp\/v2\/comments?post=9122"}],"version-history":[{"count":0,"href":"https:\/\/designed4-you.com\/de\/wp-json\/wp\/v2\/product\/9122\/revisions"}],"wp:featuredmedia":[{"embeddable":true,"href":"https:\/\/designed4-you.com\/de\/wp-json\/wp\/v2\/media\/3920"}],"wp:attachment":[{"href":"https:\/\/designed4-you.com\/de\/wp-json\/wp\/v2\/media?parent=9122"}],"wp:term":[{"taxonomy":"product_brand","embeddable":true,"href":"https:\/\/designed4-you.com\/de\/wp-json\/wp\/v2\/product_brand?post=9122"},{"taxonomy":"product_cat","embeddable":true,"href":"https:\/\/designed4-you.com\/de\/wp-json\/wp\/v2\/product_cat?post=9122"},{"taxonomy":"product_tag","embeddable":true,"href":"https:\/\/designed4-you.com\/de\/wp-json\/wp\/v2\/product_tag?post=9122"}],"curies":[{"name":"wp","href":"https:\/\/api.w.org\/{rel}","templated":true}]}}