{"id":9135,"date":"2024-04-03T07:56:15","date_gmt":"2024-04-03T07:56:15","guid":{"rendered":"https:\/\/designed4-you.com\/?post_type=product&#038;p=9135"},"modified":"2026-02-09T10:09:33","modified_gmt":"2026-02-09T10:09:33","slug":"geldboerse-aus-denim-mit-goldband","status":"publish","type":"product","link":"https:\/\/designed4-you.com\/de\/produkt\/geldboerse-aus-denim-mit-goldband\/","title":{"rendered":"Geldb\u00f6rse aus Denim mit Goldband"},"content":{"rendered":"<p>Diese kleine Denim-Geldb\u00f6rse ist sch\u00f6n und praktisch. Es ist mit einem gelben Baumwollstoff gef\u00fcttert und hat einen blauen Rei\u00dfverschluss.<\/p>\n<p>Perfekt als Geldb\u00f6rse, Schl\u00fcsselanh\u00e4nger oder Taschenzubeh\u00f6r.<\/p>\n<p>Dieses einzigartige Produkt basiert auf Upcycling und wird in Frankreich, im Departement Moselle, im Grand-Est handgefertigt.<\/p>\n<p>Diese sch\u00f6ne Geldb\u00f6rse ist das perfekte Geschenk f\u00fcr Sie, Ihre Familie oder Ihre Freunde. Es kann mit einem eleganten Beutel kombiniert werden.<\/p>","protected":false},"excerpt":{"rendered":"<p>Diese sch\u00f6ne Geldb\u00f6rse ist einzigartig und handgefertigt in Frankreich, im Departement Moselle, im Grand-Est.<\/p>\n<p>Basiert auf Upcycling und perfekt als Geldb\u00f6rse, Schl\u00fcsselanh\u00e4nger oder Taschenaccessoire.<\/p>\n<p>Die Abmessungen sind\u00a0:<\/p>\n<p>Breite : 14 cm<\/p>\n<p>Tiefe\u00a0: 0,7 cm<\/p>\n<p>H\u00f6he : 9,5 cm<\/p>\n<p>Gewicht : 21 g<\/p>\n<p><strong>Material<\/strong>: Baumwolle<\/p>","protected":false},"featured_media":2374,"comment_status":"open","ping_status":"closed","template":"","meta":{"om_disable_all_campaigns":false},"product_brand":[],"product_cat":[704,724],"product_tag":[],"class_list":{"0":"post-9135","1":"product","2":"type-product","3":"status-publish","4":"has-post-thumbnail","6":"product_cat-accessoires-de","7":"product_cat-geldboerse","8":"product_shipping_class-m-fr-de","9":"product_shipping_class-s-fr-de","10":"product_shipping_class-xl-fr-de","12":"first","13":"instock","14":"taxable","15":"shipping-taxable","16":"purchasable","17":"product-type-simple"},"_links":{"self":[{"href":"https:\/\/designed4-you.com\/de\/wp-json\/wp\/v2\/product\/9135","targetHints":{"allow":["GET"]}}],"collection":[{"href":"https:\/\/designed4-you.com\/de\/wp-json\/wp\/v2\/product"}],"about":[{"href":"https:\/\/designed4-you.com\/de\/wp-json\/wp\/v2\/types\/product"}],"replies":[{"embeddable":true,"href":"https:\/\/designed4-you.com\/de\/wp-json\/wp\/v2\/comments?post=9135"}],"version-history":[{"count":0,"href":"https:\/\/designed4-you.com\/de\/wp-json\/wp\/v2\/product\/9135\/revisions"}],"wp:featuredmedia":[{"embeddable":true,"href":"https:\/\/designed4-you.com\/de\/wp-json\/wp\/v2\/media\/2374"}],"wp:attachment":[{"href":"https:\/\/designed4-you.com\/de\/wp-json\/wp\/v2\/media?parent=9135"}],"wp:term":[{"taxonomy":"product_brand","embeddable":true,"href":"https:\/\/designed4-you.com\/de\/wp-json\/wp\/v2\/product_brand?post=9135"},{"taxonomy":"product_cat","embeddable":true,"href":"https:\/\/designed4-you.com\/de\/wp-json\/wp\/v2\/product_cat?post=9135"},{"taxonomy":"product_tag","embeddable":true,"href":"https:\/\/designed4-you.com\/de\/wp-json\/wp\/v2\/product_tag?post=9135"}],"curies":[{"name":"wp","href":"https:\/\/api.w.org\/{rel}","templated":true}]}}