{"id":9160,"date":"2024-04-03T09:53:46","date_gmt":"2024-04-03T09:53:46","guid":{"rendered":"https:\/\/designed4-you.com\/?post_type=product&#038;p=9160"},"modified":"2026-02-09T05:11:33","modified_gmt":"2026-02-09T05:11:33","slug":"weisse-und-goldene-schminktasche-mit-goldenen-punkten","status":"publish","type":"product","link":"https:\/\/designed4-you.com\/de\/produkt\/weisse-und-goldene-schminktasche-mit-goldenen-punkten\/","title":{"rendered":"Wei\u00dfe und goldene Schminktasche mit goldenen Punkten"},"content":{"rendered":"<p>Diese wei\u00df-goldene Schminktasche mit goldenen Punkten und einem Stern im Leopardenmuster ist sch\u00f6n und praktisch.<\/p>\n<p>Dank eines rechteckigen Bodens steht es aufrecht. Die Au\u00dfenseite des Beutels besteht aus Baumwolle und Polyester, ist komplett mit einem rosen Baumwollstoff gef\u00fcttert, hat eine goldene Quaste und l\u00e4sst sich mit einem weissen Rei\u00dfverschluss schliessen.<\/p>\n<p>Diese einzigartige sch\u00f6ne Kosmetiktasche ist handgefertigt in Frankreich, im Departement Moselle, im Grand-Est.<\/p>\n<p>Ideal als Make-up-Tasche, Reiseset oder Taschenzubeh\u00f6r<\/p>\n<p>Das ist das perfekte Geschenk f\u00fcr Sie, Ihre Familie oder Ihre Freunde ! Und es basiert auf Upcycling !<\/p>","protected":false},"excerpt":{"rendered":"<p>Diese elegante Kosmetiktasche ist ein einzigartiges Produkt auf Upcycling-Basis. Es wird in Frankreich, im Departement Moselle, im Grand-Est handgefertigt.<\/p>\n<p>Perfekt als Schminktasche, Reiseset oder Taschenzubeh\u00f6r.<\/p>\n<p>Die Abmessungen sind :<\/p>\n<p>Breite: ca. 19,5 cm<\/p>\n<p>Tiefe: 7,3 cm<\/p>\n<p>H\u00f6he: ca. 14 cm<\/p>\n<p>Gewicht: 56 g<\/p>\n<p><strong>Materialien<\/strong>: Baumwolle, Kunstleder, andere Materialien<\/p>","protected":false},"featured_media":2266,"comment_status":"open","ping_status":"closed","template":"","meta":{"om_disable_all_campaigns":false},"product_brand":[],"product_cat":[704,720],"product_tag":[],"class_list":{"0":"post-9160","1":"product","2":"type-product","3":"status-publish","4":"has-post-thumbnail","6":"product_cat-accessoires-de","7":"product_cat-schminktasche","8":"product_shipping_class-m-fr-de","9":"product_shipping_class-s-fr-de","10":"product_shipping_class-xl-fr-de","11":"pa_color-creme-en","12":"pa_color-gold-en","13":"pa_material-cotton-en","14":"pa_material-imitation-leather-en","15":"pa_material-other-material-en","17":"first","18":"instock","19":"taxable","20":"shipping-taxable","21":"purchasable","22":"product-type-simple"},"_links":{"self":[{"href":"https:\/\/designed4-you.com\/de\/wp-json\/wp\/v2\/product\/9160","targetHints":{"allow":["GET"]}}],"collection":[{"href":"https:\/\/designed4-you.com\/de\/wp-json\/wp\/v2\/product"}],"about":[{"href":"https:\/\/designed4-you.com\/de\/wp-json\/wp\/v2\/types\/product"}],"replies":[{"embeddable":true,"href":"https:\/\/designed4-you.com\/de\/wp-json\/wp\/v2\/comments?post=9160"}],"version-history":[{"count":0,"href":"https:\/\/designed4-you.com\/de\/wp-json\/wp\/v2\/product\/9160\/revisions"}],"wp:featuredmedia":[{"embeddable":true,"href":"https:\/\/designed4-you.com\/de\/wp-json\/wp\/v2\/media\/2266"}],"wp:attachment":[{"href":"https:\/\/designed4-you.com\/de\/wp-json\/wp\/v2\/media?parent=9160"}],"wp:term":[{"taxonomy":"product_brand","embeddable":true,"href":"https:\/\/designed4-you.com\/de\/wp-json\/wp\/v2\/product_brand?post=9160"},{"taxonomy":"product_cat","embeddable":true,"href":"https:\/\/designed4-you.com\/de\/wp-json\/wp\/v2\/product_cat?post=9160"},{"taxonomy":"product_tag","embeddable":true,"href":"https:\/\/designed4-you.com\/de\/wp-json\/wp\/v2\/product_tag?post=9160"}],"curies":[{"name":"wp","href":"https:\/\/api.w.org\/{rel}","templated":true}]}}