{"id":9170,"date":"2024-04-03T10:44:24","date_gmt":"2024-04-03T10:44:24","guid":{"rendered":"https:\/\/designed4-you.com\/?post_type=product&#038;p=9170"},"modified":"2024-05-08T19:19:58","modified_gmt":"2024-05-08T19:19:58","slug":"kleine-tasche-damen","status":"publish","type":"product","link":"https:\/\/designed4-you.com\/de\/produkt\/kleine-tasche-damen\/","title":{"rendered":"Kleine Tasche Damen"},"content":{"rendered":"<p>Diese kleine Tasche unikat f\u00fcr Damen ist zweifarbig\u00a0 mit Tragegurt, sehr elegant, sch\u00f6n und praktisch.<\/p>\n<p>Dank eines rechteckigen Bodens steht es aufrecht.<\/p>\n<p>Die Au\u00dfenseite der Handtasche besteht aus Baumwolle oder Kunstleder. Es ist mit einem sch\u00f6nen Satin- oder Baumwollstoff gef\u00fcttert und ist mit einen Rei\u00dfverschluss une einer Quaste abgeschlossen.<\/p>\n<p>Diese kleine Tasche f\u00fcr Damen ist handgefertigt in Frankreich, im Departement Moselle, im Grand-Est.<\/p>\n<p>Kann als Handtasche, Reise-Kit oder Taschenzubeh\u00f6r benutzt werden.<\/p>\n<p>Diese keine unikate Tasche f\u00fcr Damen ist in verschiedene bunte Farbe verf\u00fcgbar: blau glitzer\/ grau, pink\/beige, gold\/ rosa glitzer\/beige, gelb\/grau, gold\/beige, hell pink, dunkel pink.<\/p>\n<p>Die Abmessungen sind:<\/p>\n<p>L\u00e4nge: 24 cm + 24cm f\u00fcr den Griff<\/p>\n<p>Breite: etwa 8 cm<\/p>\n<p>H\u00f6he: etwa 16 cm<\/p>\n<p>Gewicht: 120g<\/p>\n<p><strong>Materialien:<\/strong>\u00a0Baumwolle, Polyamid, Polyester, Kunstleder<\/p>\n<p>Das ist das perfekte Geschenk f\u00fcr dich, deine Familie oder deinen Freunden! Es kann mit einer\u00a0<a class=\"connectButton\" href=\"https:\/\/designed4-you.com\/de\/produkt\/denim-coin-purse-with-gold-band\/\">sch\u00f6nen Geldb\u00f6rse<\/a>\u00a0kombiniert werden.<\/p>","protected":false},"excerpt":{"rendered":"<p>Diese kleine Tasche unikat f\u00fcr Damen mit Tragegurt ist sch\u00f6n und praktisch. Es wird in Frankreich, in Moselle, in the Grand Est handgefertigt.<\/p>\n<p>Die Abmessungen sind:<\/p>\n<p>L\u00e4nge: 24 cm + 24cm f\u00fcr den Griff<\/p>\n<p>Breite: etwa 8 cm<\/p>\n<p>H\u00f6he: etwa 16 cm<\/p>\n<p>Gewicht: 120g<\/p>\n<p><strong>Materialien:<\/strong>\u00a0Baumwolle, Polyamid, Polyester, Kunstleder<\/p>","protected":false},"featured_media":6911,"comment_status":"closed","ping_status":"closed","template":"","meta":{"om_disable_all_campaigns":false},"product_brand":[],"product_cat":[704,708,712],"product_tag":[],"class_list":{"0":"post-9170","1":"product","2":"type-product","3":"status-publish","4":"has-post-thumbnail","6":"product_cat-accessoires-de","7":"product_cat-tasche","8":"product_cat-tasche-de","9":"product_shipping_class-m-fr-de","10":"product_shipping_class-s-fr-de","11":"product_shipping_class-xl-fr-de","12":"pa_color-gold-beige-en-fr","13":"pa_color-gold-beige-pink-en-fr","14":"pa_color-light-pink-dark-pink-en-fr","15":"pa_color-pink-creme-en-fr","16":"pa_color-turquoise-grey-en-fr","17":"pa_color-yellow-dark-grey-en-fr","18":"pa_material-cotton-imitation-leather-en","19":"pa_material-imitation-leather-cotton-en","20":"pa_material-polyester-eco-suede-en","22":"first","23":"instock","24":"taxable","25":"shipping-taxable","26":"purchasable","27":"product-type-variable"},"_links":{"self":[{"href":"https:\/\/designed4-you.com\/de\/wp-json\/wp\/v2\/product\/9170","targetHints":{"allow":["GET"]}}],"collection":[{"href":"https:\/\/designed4-you.com\/de\/wp-json\/wp\/v2\/product"}],"about":[{"href":"https:\/\/designed4-you.com\/de\/wp-json\/wp\/v2\/types\/product"}],"replies":[{"embeddable":true,"href":"https:\/\/designed4-you.com\/de\/wp-json\/wp\/v2\/comments?post=9170"}],"version-history":[{"count":0,"href":"https:\/\/designed4-you.com\/de\/wp-json\/wp\/v2\/product\/9170\/revisions"}],"wp:featuredmedia":[{"embeddable":true,"href":"https:\/\/designed4-you.com\/de\/wp-json\/wp\/v2\/media\/6911"}],"wp:attachment":[{"href":"https:\/\/designed4-you.com\/de\/wp-json\/wp\/v2\/media?parent=9170"}],"wp:term":[{"taxonomy":"product_brand","embeddable":true,"href":"https:\/\/designed4-you.com\/de\/wp-json\/wp\/v2\/product_brand?post=9170"},{"taxonomy":"product_cat","embeddable":true,"href":"https:\/\/designed4-you.com\/de\/wp-json\/wp\/v2\/product_cat?post=9170"},{"taxonomy":"product_tag","embeddable":true,"href":"https:\/\/designed4-you.com\/de\/wp-json\/wp\/v2\/product_tag?post=9170"}],"curies":[{"name":"wp","href":"https:\/\/api.w.org\/{rel}","templated":true}]}}