{"id":9211,"date":"2024-04-03T12:26:44","date_gmt":"2024-04-03T12:26:44","guid":{"rendered":"https:\/\/designed4-you.com\/?post_type=product&#038;p=9211"},"modified":"2026-03-28T12:06:07","modified_gmt":"2026-03-28T12:06:07","slug":"fantasievolle-figurine-mit-magnet-aus-pappmache","status":"publish","type":"product","link":"https:\/\/designed4-you.com\/de\/produkt\/fantasievolle-figurine-mit-magnet-aus-pappmache\/","title":{"rendered":"Fantasievolle Figurine mit Magnet aus Pappmach\u00e9"},"content":{"rendered":"<p>Ein sch\u00f6nes kleines Kunstwerk, um Ihr Interieur oder Ihre Metallm\u00f6bel zu dekorieren!<\/p>\n<p>Diese Figur entstand aus der Vorstellungskraft der K\u00fcnstlerin Stefanie Weber.<\/p>\n<p>Jeder kann sich vorstellen, was es ist.<\/p>\n<p>Diese Figur aus Pappmach\u00e9 ist aus Zeitungspapier.<\/p>\n<p>In den Kopf wird ein Magnet eingebaut, damit die Figuren an der Wand oder auf einer Metallplatte magnetisieren werden. Die ausgewaschenen Farben verleihen es ein gealtertes Aussehen.<\/p>\n<p>Die Produkte werden von ihrer \u00fcblichen Verwendung abgezweigt: Augen werden mit Knopfen gemacht, Haare werden mit Stroh gemacht.<\/p>\n<p>Das ganze Objekt ist handgefertigt, sogar die Kleidung wird von Hand geh\u00e4kelt.<\/p>\n<p>Es ist ein einzigartiges, handgefertigtes, sch\u00f6nes Kunstwerk, hergestellt in Deutschland, in Saarland!<\/p>","protected":false},"excerpt":{"rendered":"<p>Dieser Magnet ist ein sch\u00f6nes, einzigartiges und handgefertigtes Kunstwerk aus Pappmach\u00e9. Es ist das perfekte Geschenk f\u00fcr Sie, Ihre Familie oder Ihre Freunde! Und es basiert auf Upcycling!<\/p>\n<p>Die Abmessungen sind :<\/p>\n<p>Breite: 10 cm<\/p>\n<p>Tiefe:\u00a0 8 cm<\/p>\n<p>H\u00f6he: 21 cm<\/p>\n<p>Gewicht: 63 g<\/p>\n<p>Materialien: Metall, Metallferrit, Pappmach\u00e9, Stroh<\/p>\n<p>K\u00fcnstler: Stefanie Weber<\/p>","protected":false},"featured_media":4034,"comment_status":"open","ping_status":"closed","template":"","meta":{"om_disable_all_campaigns":false},"product_brand":[],"product_cat":[728,744],"product_tag":[],"class_list":{"0":"post-9211","1":"product","2":"type-product","3":"status-publish","4":"has-post-thumbnail","6":"product_cat-dekoration","7":"product_cat-skulptur","8":"product_shipping_class-m-fr-de","9":"product_shipping_class-s-fr-de","10":"product_shipping_class-xl-fr-de","11":"pa_color-multicolored-en","12":"pa_material-metal-en","13":"pa_material-metal-ferrite-en","14":"pa_material-papier-mache-en","15":"pa_material-straw-en","17":"first","18":"instock","19":"taxable","20":"shipping-taxable","21":"purchasable","22":"product-type-simple"},"_links":{"self":[{"href":"https:\/\/designed4-you.com\/de\/wp-json\/wp\/v2\/product\/9211","targetHints":{"allow":["GET"]}}],"collection":[{"href":"https:\/\/designed4-you.com\/de\/wp-json\/wp\/v2\/product"}],"about":[{"href":"https:\/\/designed4-you.com\/de\/wp-json\/wp\/v2\/types\/product"}],"replies":[{"embeddable":true,"href":"https:\/\/designed4-you.com\/de\/wp-json\/wp\/v2\/comments?post=9211"}],"version-history":[{"count":0,"href":"https:\/\/designed4-you.com\/de\/wp-json\/wp\/v2\/product\/9211\/revisions"}],"wp:featuredmedia":[{"embeddable":true,"href":"https:\/\/designed4-you.com\/de\/wp-json\/wp\/v2\/media\/4034"}],"wp:attachment":[{"href":"https:\/\/designed4-you.com\/de\/wp-json\/wp\/v2\/media?parent=9211"}],"wp:term":[{"taxonomy":"product_brand","embeddable":true,"href":"https:\/\/designed4-you.com\/de\/wp-json\/wp\/v2\/product_brand?post=9211"},{"taxonomy":"product_cat","embeddable":true,"href":"https:\/\/designed4-you.com\/de\/wp-json\/wp\/v2\/product_cat?post=9211"},{"taxonomy":"product_tag","embeddable":true,"href":"https:\/\/designed4-you.com\/de\/wp-json\/wp\/v2\/product_tag?post=9211"}],"curies":[{"name":"wp","href":"https:\/\/api.w.org\/{rel}","templated":true}]}}