{"id":9229,"date":"2024-04-03T13:24:24","date_gmt":"2024-04-03T13:24:24","guid":{"rendered":"https:\/\/designed4-you.com\/?post_type=product&#038;p=9229"},"modified":"2024-04-03T13:41:26","modified_gmt":"2024-04-03T13:41:26","slug":"graue-geldboerse-mit-weissen-streifen-spitze-und-einem-grauen-knoten","status":"publish","type":"product","link":"https:\/\/designed4-you.com\/de\/produkt\/graue-geldboerse-mit-weissen-streifen-spitze-und-einem-grauen-knoten\/","title":{"rendered":"Graue Geldb\u00f6rse mit wei\u00dfen Streifen, Spitze und einem grauen Knoten"},"content":{"rendered":"<p>Diese elegante graue Geldb\u00f6rse mit wei\u00dfen Streifen ist sch\u00f6n und praktisch. Es ist \u00a0voll mit einem wei\u00dfen Baumwollstoff gef\u00fcttert und hat einen wei\u00dfen Rei\u00dfverschluss.<\/p>\n<p>Perfekt als Geldb\u00f6rse, Schl\u00fcsselanh\u00e4nger oder Taschenzubeh\u00f6r.<\/p>\n<p>Dieses einzigartige Produkt basiert auf Upcycling und wird in Frankreich, im Departement Moselle, im Grand-Est handgefertigt.<\/p>\n<p>Diese sch\u00f6ne Geldb\u00f6rse ist das perfekte Geschenk f\u00fcr Sie, Ihre Familie oder Ihre Freunde. Es kann mit einem eleganten Beutel kombiniert werden.<\/p>","protected":false},"excerpt":{"rendered":"<p>Diese sch\u00f6ne Geldb\u00f6rse ist einzigartig und handgefertigt in Frankreich, im Departement Moselle, im Grand-Est.<\/p>\n<p>Basiert auf Upcycling und perfekt als Geldb\u00f6rse, Schl\u00fcsselanh\u00e4nger oder Taschenaccessoire.<\/p>\n<p>Die Abmessungen sind :<\/p>\n<p>Breite: ca. 14 cm<\/p>\n<p>Tiefe: 0,7 cm<\/p>\n<p>H\u00f6he: 10 cm<\/p>\n<p>Gewicht : 17 g<\/p>\n<p><strong>Material<\/strong>: Baumwolle<\/p>","protected":false},"featured_media":2388,"comment_status":"open","ping_status":"closed","template":"","meta":{"om_disable_all_campaigns":false},"product_brand":[],"product_cat":[704,724],"product_tag":[],"class_list":{"0":"post-9229","1":"product","2":"type-product","3":"status-publish","4":"has-post-thumbnail","6":"product_cat-accessoires-de","7":"product_cat-geldboerse","8":"product_shipping_class-m-fr-de","9":"product_shipping_class-s-fr-de","10":"product_shipping_class-xl-fr-de","11":"pa_color-beige-de","12":"pa_color-black-de","13":"pa_material-cotton-en","15":"first","16":"instock","17":"taxable","18":"shipping-taxable","19":"purchasable","20":"product-type-simple"},"_links":{"self":[{"href":"https:\/\/designed4-you.com\/de\/wp-json\/wp\/v2\/product\/9229","targetHints":{"allow":["GET"]}}],"collection":[{"href":"https:\/\/designed4-you.com\/de\/wp-json\/wp\/v2\/product"}],"about":[{"href":"https:\/\/designed4-you.com\/de\/wp-json\/wp\/v2\/types\/product"}],"replies":[{"embeddable":true,"href":"https:\/\/designed4-you.com\/de\/wp-json\/wp\/v2\/comments?post=9229"}],"version-history":[{"count":0,"href":"https:\/\/designed4-you.com\/de\/wp-json\/wp\/v2\/product\/9229\/revisions"}],"wp:featuredmedia":[{"embeddable":true,"href":"https:\/\/designed4-you.com\/de\/wp-json\/wp\/v2\/media\/2388"}],"wp:attachment":[{"href":"https:\/\/designed4-you.com\/de\/wp-json\/wp\/v2\/media?parent=9229"}],"wp:term":[{"taxonomy":"product_brand","embeddable":true,"href":"https:\/\/designed4-you.com\/de\/wp-json\/wp\/v2\/product_brand?post=9229"},{"taxonomy":"product_cat","embeddable":true,"href":"https:\/\/designed4-you.com\/de\/wp-json\/wp\/v2\/product_cat?post=9229"},{"taxonomy":"product_tag","embeddable":true,"href":"https:\/\/designed4-you.com\/de\/wp-json\/wp\/v2\/product_tag?post=9229"}],"curies":[{"name":"wp","href":"https:\/\/api.w.org\/{rel}","templated":true}]}}