{"id":9250,"date":"2024-04-03T14:06:37","date_gmt":"2024-04-03T14:06:37","guid":{"rendered":"https:\/\/designed4-you.com\/?post_type=product&#038;p=9250"},"modified":"2024-04-03T14:50:11","modified_gmt":"2024-04-03T14:50:11","slug":"magnettafel-mit-blauen-und-gruenen-streifen","status":"publish","type":"product","link":"https:\/\/designed4-you.com\/de\/produkt\/magnettafel-mit-blauen-und-gruenen-streifen\/","title":{"rendered":"Magnettafel mit blauen und gr\u00fcnen Streifen"},"content":{"rendered":"<p>Diese Metallplatte ist sch\u00f6n und perfekt f\u00fcr die Dekoration.<br \/>\nDamit k\u00f6nnen Sie die folgende Figurinen magnetisieren :<br \/>\n<a class=\"connectButton\" href=\"https:\/\/designed4-you.com\/de\/product\/fantasievoller-figurine-magnet-aus-pappmache\/\">Fantasievolle Figurine mit Magnet aus Pappmach\u00e9<\/a><br \/>\n<a class=\"connectButton\" href=\"https:\/\/designed4-you.com\/de\/product\/fantasievoller-hunde-magnet-aus-pappmache\/\">Fantasievoller Hunde-Magnet aus Pappmach\u00e9<\/a><br \/>\n<a class=\"connectButton\" href=\"https:\/\/designed4-you.com\/de\/product\/fantasievoller-hase-magnet-aus-pappmache\/\">Fantasievoller Hase-Magnet aus Pappmache<\/a><br \/>\n<a class=\"connectButton\" href=\"https:\/\/designed4-you.com\/de\/product\/fantasievoller-katze-magnet-aus-pappmache\/\">Fantasievoller Katze-Magnet aus Pappmache<\/a><\/p>","protected":false},"excerpt":{"rendered":"<p>Diese Metallplatte ist sch\u00f6n und perfekt f\u00fcr die Dekoration.<br \/>\nDamit k\u00f6nnen Sie die folgende Figurinen magnetisieren :<br \/>\n<a class=\"connectButton\" href=\"https:\/\/designed4-you.com\/de\/product\/fantasievoller-figurine-magnet-aus-pappmache\/\">Fantasievolle Figurine mit Magnet aus Pappmach\u00e9<\/a><br \/>\n<a class=\"connectButton\" href=\"https:\/\/designed4-you.com\/de\/product\/fantasievoller-hunde-magnet-aus-pappmache\/\">Fantasievoller Hunde-Magnet aus Pappmach\u00e9<\/a><br \/>\n<a class=\"connectButton\" href=\"https:\/\/designed4-you.com\/de\/product\/fantasievoller-hase-magnet-aus-pappmache\/\">Fantasievoller Hase-Magnet aus Pappmache<\/a><br \/>\n<a class=\"connectButton\" href=\"https:\/\/designed4-you.com\/de\/product\/fantasievoller-katze-magnet-aus-pappmache\/\">Fantasievoller Katze-Magnet aus Pappmache<\/a><br \/>\nDie Abmessungen sind :<br \/>\nBreite: 10 cm<br \/>\nTiefe: 2 cm<br \/>\nH\u00f6he: 10 cm<br \/>\nGewicht: 150 g<br \/>\nMaterialien: Metall, Magnet<br \/>\nK\u00fcnstler: Stefanie Weber<\/p>","protected":false},"featured_media":6274,"comment_status":"closed","ping_status":"closed","template":"","meta":{"om_disable_all_campaigns":false},"product_brand":[],"product_cat":[748,744],"product_tag":[],"class_list":{"0":"post-9250","1":"product","2":"type-product","3":"status-publish","4":"has-post-thumbnail","6":"product_cat-magnet-de","7":"product_cat-skulptur","8":"product_shipping_class-m-fr-de","9":"product_shipping_class-s-fr-de","10":"product_shipping_class-xl-fr-de","11":"pa_material-metal-en","12":"pa_material-metal-ferrite-en","14":"first","15":"instock","16":"taxable","17":"shipping-taxable","18":"purchasable","19":"product-type-simple"},"_links":{"self":[{"href":"https:\/\/designed4-you.com\/de\/wp-json\/wp\/v2\/product\/9250","targetHints":{"allow":["GET"]}}],"collection":[{"href":"https:\/\/designed4-you.com\/de\/wp-json\/wp\/v2\/product"}],"about":[{"href":"https:\/\/designed4-you.com\/de\/wp-json\/wp\/v2\/types\/product"}],"replies":[{"embeddable":true,"href":"https:\/\/designed4-you.com\/de\/wp-json\/wp\/v2\/comments?post=9250"}],"version-history":[{"count":0,"href":"https:\/\/designed4-you.com\/de\/wp-json\/wp\/v2\/product\/9250\/revisions"}],"wp:featuredmedia":[{"embeddable":true,"href":"https:\/\/designed4-you.com\/de\/wp-json\/wp\/v2\/media\/6274"}],"wp:attachment":[{"href":"https:\/\/designed4-you.com\/de\/wp-json\/wp\/v2\/media?parent=9250"}],"wp:term":[{"taxonomy":"product_brand","embeddable":true,"href":"https:\/\/designed4-you.com\/de\/wp-json\/wp\/v2\/product_brand?post=9250"},{"taxonomy":"product_cat","embeddable":true,"href":"https:\/\/designed4-you.com\/de\/wp-json\/wp\/v2\/product_cat?post=9250"},{"taxonomy":"product_tag","embeddable":true,"href":"https:\/\/designed4-you.com\/de\/wp-json\/wp\/v2\/product_tag?post=9250"}],"curies":[{"name":"wp","href":"https:\/\/api.w.org\/{rel}","templated":true}]}}