{"id":9281,"date":"2024-04-03T14:52:02","date_gmt":"2024-04-03T14:52:02","guid":{"rendered":"https:\/\/designed4-you.com\/?post_type=product&#038;p=9281"},"modified":"2026-02-10T07:16:55","modified_gmt":"2026-02-10T07:16:55","slug":"magnetischer-pilz-aus-pappmache","status":"publish","type":"product","link":"https:\/\/designed4-you.com\/de\/produkt\/magnetischer-pilz-aus-pappmache\/","title":{"rendered":"Magnetischer Pilz aus Pappmach\u00e9"},"content":{"rendered":"<p>Ein n\u00fctzliches und sch\u00f6nes kleines Kunstwerk, um Bilder, Erinnerungen, Notizen aufzuh\u00e4ngen und Ihre metallbasierten M\u00f6bel zu dekorieren!<\/p>\n<p>Dieser Pilz-Magnet wird Kinder und Erwachsene begeistern und einen Hauch Ihrem Interieur von Originalit\u00e4t verleihen!<\/p>\n<p>Diese Pappmach\u00e9-Skulptur besteht aus Zeitungspapier, ist ein \u00f6kologisches Produkt und wird sogar auf Upcycling basiert.<\/p>\n<p>Zum Abschluss seiner Arbeit (Spikes, usw.) verwendet der K\u00fcnstler sogar Toilettenpapier.<\/p>","protected":false},"excerpt":{"rendered":"<p>Ein n\u00fctzliches und sch\u00f6nes kleines Kunstwerk, um Bilder, Erinnerungen, Notizen aufzuh\u00e4ngen und um Ihre metallbasierten M\u00f6bel zu dekorieren!<\/p>\n<p>Dieser Magnet ist ein s\u00fc\u00dfes, n\u00fctzliches Kunstwerk und ein einzigartiges handgefertigtes Produkt aus Pappmach\u00e9. Es ist das perfekte Geschenk f\u00fcr Sie, Ihre Familie oder Ihre Freunde! Und es ist umweltfreundlich!<\/p>\n<p>Die Abmessungen sind :<\/p>\n<p>Breite: ca. 4 cm<\/p>\n<p>Tiefe: ca.\u00a0 4 cm<\/p>\n<p>H\u00f6he: ca. 5 cm<\/p>\n<p>Gewicht: 17 g<\/p>\n<p><strong>Materialien<\/strong>: Pappmach\u00e9, Metallferrit<\/p>","protected":false},"featured_media":3966,"comment_status":"open","ping_status":"closed","template":"","meta":{"om_disable_all_campaigns":false},"product_brand":[],"product_cat":[728,744],"product_tag":[],"class_list":{"0":"post-9281","1":"product","2":"type-product","3":"status-publish","4":"has-post-thumbnail","6":"product_cat-dekoration","7":"product_cat-skulptur","8":"product_shipping_class-m-fr-de","9":"product_shipping_class-s-fr-de","10":"product_shipping_class-xl-fr-de","11":"pa_color-beige-de","12":"pa_color-black-de","13":"pa_material-metal-ferrite-en","14":"pa_material-papier-mache-en","16":"first","17":"instock","18":"taxable","19":"shipping-taxable","20":"purchasable","21":"product-type-simple"},"_links":{"self":[{"href":"https:\/\/designed4-you.com\/de\/wp-json\/wp\/v2\/product\/9281","targetHints":{"allow":["GET"]}}],"collection":[{"href":"https:\/\/designed4-you.com\/de\/wp-json\/wp\/v2\/product"}],"about":[{"href":"https:\/\/designed4-you.com\/de\/wp-json\/wp\/v2\/types\/product"}],"replies":[{"embeddable":true,"href":"https:\/\/designed4-you.com\/de\/wp-json\/wp\/v2\/comments?post=9281"}],"version-history":[{"count":0,"href":"https:\/\/designed4-you.com\/de\/wp-json\/wp\/v2\/product\/9281\/revisions"}],"wp:featuredmedia":[{"embeddable":true,"href":"https:\/\/designed4-you.com\/de\/wp-json\/wp\/v2\/media\/3966"}],"wp:attachment":[{"href":"https:\/\/designed4-you.com\/de\/wp-json\/wp\/v2\/media?parent=9281"}],"wp:term":[{"taxonomy":"product_brand","embeddable":true,"href":"https:\/\/designed4-you.com\/de\/wp-json\/wp\/v2\/product_brand?post=9281"},{"taxonomy":"product_cat","embeddable":true,"href":"https:\/\/designed4-you.com\/de\/wp-json\/wp\/v2\/product_cat?post=9281"},{"taxonomy":"product_tag","embeddable":true,"href":"https:\/\/designed4-you.com\/de\/wp-json\/wp\/v2\/product_tag?post=9281"}],"curies":[{"name":"wp","href":"https:\/\/api.w.org\/{rel}","templated":true}]}}