{"id":9345,"date":"2024-04-03T15:39:29","date_gmt":"2024-04-03T15:39:29","guid":{"rendered":"https:\/\/designed4-you.com\/?post_type=product&#038;p=9345"},"modified":"2026-03-28T12:18:54","modified_gmt":"2026-03-28T12:18:54","slug":"rosa-umhaengetasche-damen-mit-glitzer","status":"publish","type":"product","link":"https:\/\/designed4-you.com\/de\/produkt\/rosa-umhaengetasche-damen-mit-glitzer\/","title":{"rendered":"Rosa Umh\u00e4ngetasche Damen mit Glitzer"},"content":{"rendered":"<p>Diese rosafarbene Umh\u00e4ngetasche mit Glitzer ist ein Eye-catcher. Es hat eine 1m30 abnehmbare Metallkette und einen sch\u00f6nen silbernen magnetischen Katzenverschluss. Die Au\u00dfenseite der Tasche besteht aus Pailletten-Kunstleder und ist vollst\u00e4ndig mit einem sch\u00f6nen Baumwoll-Blumenstoff gef\u00fcttert.<\/p>\n<p>Diese trendige und modische Umh\u00e4ngetasche, ist einfach zu tragen und ein echter Eye-catcher.<\/p>\n<p>Ideal als Abendtasche oder als sch\u00f6ne Sommertasche.<\/p>\n<p>Diese sch\u00f6ne\u00a0 Tasche ist ein einzigartiges Produkt, handgefertigt in S\u00fcdfrankreich, in der Provence, an der franz\u00f6sischen Riviera.<\/p>","protected":false},"excerpt":{"rendered":"<p>Diese sch\u00f6ne Tasche ist ein einzigartige Produkt, handgefertigt in S\u00fcdfrankreich, in der Provence, an der franz\u00f6sischen Riviera.<\/p>\n<p>Die Abmessungen der Taschen glitzer sind :<\/p>\n<p>Breite: ca. 27 cm<\/p>\n<p>Tiefe: 11 cm<\/p>\n<p>H\u00f6he: ca. 18 cm<\/p>\n<p>Gewicht 280 g<\/p>\n<p><strong>Materialien<\/strong>: Kunstleder, Metal, Baumwolle<\/p>","protected":false},"featured_media":2417,"comment_status":"open","ping_status":"closed","template":"","meta":{"om_disable_all_campaigns":false},"product_brand":[],"product_cat":[704,708],"product_tag":[],"class_list":{"0":"post-9345","1":"product","2":"type-product","3":"status-publish","4":"has-post-thumbnail","6":"product_cat-accessoires-de","7":"product_cat-tasche","8":"product_shipping_class-m-fr-de","9":"product_shipping_class-s-fr-de","10":"product_shipping_class-xl-fr-de","11":"pa_color-grey-en","12":"pa_color-pink-en","13":"pa_material-cotton-en","14":"pa_material-imitation-leather-en","15":"pa_material-metal-en","17":"first","18":"instock","19":"taxable","20":"shipping-taxable","21":"purchasable","22":"product-type-simple"},"_links":{"self":[{"href":"https:\/\/designed4-you.com\/de\/wp-json\/wp\/v2\/product\/9345","targetHints":{"allow":["GET"]}}],"collection":[{"href":"https:\/\/designed4-you.com\/de\/wp-json\/wp\/v2\/product"}],"about":[{"href":"https:\/\/designed4-you.com\/de\/wp-json\/wp\/v2\/types\/product"}],"replies":[{"embeddable":true,"href":"https:\/\/designed4-you.com\/de\/wp-json\/wp\/v2\/comments?post=9345"}],"version-history":[{"count":0,"href":"https:\/\/designed4-you.com\/de\/wp-json\/wp\/v2\/product\/9345\/revisions"}],"wp:featuredmedia":[{"embeddable":true,"href":"https:\/\/designed4-you.com\/de\/wp-json\/wp\/v2\/media\/2417"}],"wp:attachment":[{"href":"https:\/\/designed4-you.com\/de\/wp-json\/wp\/v2\/media?parent=9345"}],"wp:term":[{"taxonomy":"product_brand","embeddable":true,"href":"https:\/\/designed4-you.com\/de\/wp-json\/wp\/v2\/product_brand?post=9345"},{"taxonomy":"product_cat","embeddable":true,"href":"https:\/\/designed4-you.com\/de\/wp-json\/wp\/v2\/product_cat?post=9345"},{"taxonomy":"product_tag","embeddable":true,"href":"https:\/\/designed4-you.com\/de\/wp-json\/wp\/v2\/product_tag?post=9345"}],"curies":[{"name":"wp","href":"https:\/\/api.w.org\/{rel}","templated":true}]}}