{"id":9359,"date":"2024-04-03T16:06:09","date_gmt":"2024-04-03T16:06:09","guid":{"rendered":"https:\/\/designed4-you.com\/?post_type=product&#038;p=9359"},"modified":"2024-04-03T16:13:21","modified_gmt":"2024-04-03T16:13:21","slug":"beige-und-cremefarbene-handtasche-aus-kunstleder-python-mit-kunstharzgriffen","status":"publish","type":"product","link":"https:\/\/designed4-you.com\/de\/produkt\/beige-und-cremefarbene-handtasche-aus-kunstleder-python-mit-kunstharzgriffen\/","title":{"rendered":"Beige und cremefarbene Handtasche aus Kunstleder Python mit Kunstharzgriffen"},"content":{"rendered":"<p>Diese creme und beige Handtasche mit Kunstharzgriffen ist sehr elegant.<\/p>\n<p>Es hat braune Acryl Geldb\u00f6rse Griffe und beige Katzenkopf Abzeichen in Kunstleder auf der Vorderseite der Tasche.<\/p>\n<p>Die Au\u00dfenseite der Tasche ist aus Python-inspiriertem Lederimitat gefertigt und mit einem farbigen Savannenstoff und einer Innentasche gef\u00fcttert.<\/p>\n<p>Es ist die Alltagstasche,, elegant, f\u00fcr das Berufsleben.<\/p>\n<ul>\n<li>Kann w\u00e4hrend der Sommer\/ Fr\u00fchlingssaison benutzt werden<\/li>\n<\/ul>\n<p>Es ist eine einzigartige und angenehme n\u00fctzliche Tasche f\u00fcr Ihren Alltag.<\/p>\n<p>Diese sch\u00f6ne Tasche ist ein einzigartige Produkt, handgefertigt in S\u00fcdfrankreich, in der Provence, an der franz\u00f6sischen Riviera.<\/p>","protected":false},"excerpt":{"rendered":"<p>Diese sch\u00f6ne Tasche ist ein einzigartige Produkt, handgefertigt in S\u00fcdfrankreich, in der Provence, an der franz\u00f6sischen Riviera.<\/p>\n<p>Die Abmessungen sind :<\/p>\n<p>Breite : 34 cm<\/p>\n<p>Tiefe : 8 cm<\/p>\n<p>H\u00f6he :33 cm<\/p>\n<p>Gewicht : 400 g<\/p>\n<p><strong>Materialien:<\/strong>\u00a0Baumwolle, Kunstoff, Kunstleder<\/p>","protected":false},"featured_media":2408,"comment_status":"open","ping_status":"closed","template":"","meta":{"om_disable_all_campaigns":false},"product_brand":[],"product_cat":[704,708],"product_tag":[],"class_list":{"0":"post-9359","1":"product","2":"type-product","3":"status-publish","4":"has-post-thumbnail","6":"product_cat-accessoires-de","7":"product_cat-tasche","8":"product_shipping_class-m-fr-de","9":"product_shipping_class-s-fr-de","10":"product_shipping_class-xl-fr-de","11":"pa_color-beige-de","12":"pa_color-black-de","13":"pa_material-cotton-en","14":"pa_material-imitation-leather-en","15":"pa_material-plastic-en","17":"first","18":"instock","19":"taxable","20":"shipping-taxable","21":"purchasable","22":"product-type-simple"},"_links":{"self":[{"href":"https:\/\/designed4-you.com\/de\/wp-json\/wp\/v2\/product\/9359","targetHints":{"allow":["GET"]}}],"collection":[{"href":"https:\/\/designed4-you.com\/de\/wp-json\/wp\/v2\/product"}],"about":[{"href":"https:\/\/designed4-you.com\/de\/wp-json\/wp\/v2\/types\/product"}],"replies":[{"embeddable":true,"href":"https:\/\/designed4-you.com\/de\/wp-json\/wp\/v2\/comments?post=9359"}],"version-history":[{"count":0,"href":"https:\/\/designed4-you.com\/de\/wp-json\/wp\/v2\/product\/9359\/revisions"}],"wp:featuredmedia":[{"embeddable":true,"href":"https:\/\/designed4-you.com\/de\/wp-json\/wp\/v2\/media\/2408"}],"wp:attachment":[{"href":"https:\/\/designed4-you.com\/de\/wp-json\/wp\/v2\/media?parent=9359"}],"wp:term":[{"taxonomy":"product_brand","embeddable":true,"href":"https:\/\/designed4-you.com\/de\/wp-json\/wp\/v2\/product_brand?post=9359"},{"taxonomy":"product_cat","embeddable":true,"href":"https:\/\/designed4-you.com\/de\/wp-json\/wp\/v2\/product_cat?post=9359"},{"taxonomy":"product_tag","embeddable":true,"href":"https:\/\/designed4-you.com\/de\/wp-json\/wp\/v2\/product_tag?post=9359"}],"curies":[{"name":"wp","href":"https:\/\/api.w.org\/{rel}","templated":true}]}}