{"id":9366,"date":"2024-04-03T20:20:46","date_gmt":"2024-04-03T20:20:46","guid":{"rendered":"https:\/\/designed4-you.com\/?post_type=product&#038;p=9366"},"modified":"2024-04-03T20:26:41","modified_gmt":"2024-04-03T20:26:41","slug":"rosafarbene-tragetasche-in-kunstleder-mit-katzenkoepfen-und-blumenmotiven","status":"publish","type":"product","link":"https:\/\/designed4-you.com\/de\/produkt\/rosafarbene-tragetasche-in-kunstleder-mit-katzenkoepfen-und-blumenmotiven\/","title":{"rendered":"Rosafarbene Tragetasche in Kunstleder mit Katzenk\u00f6pfen und Blumenmotiven"},"content":{"rendered":"<p>Diese Kunstledertasche mit blumengemusterten Katzenk\u00f6pfen ist zweifarbig silbergrau auf der R\u00fcckseite.<\/p>\n<p>Es hat silberne Ledergriffe und eine rosa Lederquaste.<\/p>\n<p>Die Au\u00dfenseite der Tasche besteht aus Kunstleder, es ist komplett gef\u00fcttert mit einem sch\u00f6nen grauen Baumwollstoff, einer Innentasche und einem Magnetverschluss.<\/p>\n<p>Es ist die Alltagstasche, elegant, f\u00fcr das Berufsleben oder l\u00e4ssiger f\u00fcr das Wochenende.<\/p>\n<p>Diese sch\u00f6ne Sommer\/ Fr\u00fchling Tasche ist einzigartig und perfekt f\u00fcr Ihren Alltag.<\/p>\n<p>Diese sch\u00f6ne Tasche ist ein einzigartiges Produkt, handgefertigt in S\u00fcdfrankreich, in der Provence, an der franz\u00f6sischen Riviera.<\/p>","protected":false},"excerpt":{"rendered":"<p>Diese sch\u00f6ne Tasche ist ein einzigartiges Produkt, handgefertigt in S\u00fcdfrankreich, in der Provence, an der franz\u00f6sischen Riviera.<\/p>\n<p>Die Abmessungen sind :<\/p>\n<p>Breite : 36.\u00a0 Cm<\/p>\n<p>Tiefe : 9,5 cm<\/p>\n<p>H\u00f6he : ca. 35 cm<\/p>\n<p>Gewicht : 405 g<\/p>\n<p><strong>Materialien:<\/strong>\u00a0Baumwolle, Kunstleder, Leder<\/p>","protected":false},"featured_media":2404,"comment_status":"open","ping_status":"closed","template":"","meta":{"om_disable_all_campaigns":false},"product_brand":[],"product_cat":[704,708],"product_tag":[],"class_list":{"0":"post-9366","1":"product","2":"type-product","3":"status-publish","4":"has-post-thumbnail","6":"product_cat-accessoires-de","7":"product_cat-tasche","8":"product_shipping_class-m-fr-de","9":"product_shipping_class-s-fr-de","10":"product_shipping_class-xl-fr-de","11":"pa_color-grey-en","12":"pa_color-light-pink-en","13":"pa_material-cotton-en","14":"pa_material-imitation-leather-en","15":"pa_material-leather-en","17":"first","18":"instock","19":"taxable","20":"shipping-taxable","21":"purchasable","22":"product-type-simple"},"_links":{"self":[{"href":"https:\/\/designed4-you.com\/de\/wp-json\/wp\/v2\/product\/9366","targetHints":{"allow":["GET"]}}],"collection":[{"href":"https:\/\/designed4-you.com\/de\/wp-json\/wp\/v2\/product"}],"about":[{"href":"https:\/\/designed4-you.com\/de\/wp-json\/wp\/v2\/types\/product"}],"replies":[{"embeddable":true,"href":"https:\/\/designed4-you.com\/de\/wp-json\/wp\/v2\/comments?post=9366"}],"version-history":[{"count":0,"href":"https:\/\/designed4-you.com\/de\/wp-json\/wp\/v2\/product\/9366\/revisions"}],"wp:featuredmedia":[{"embeddable":true,"href":"https:\/\/designed4-you.com\/de\/wp-json\/wp\/v2\/media\/2404"}],"wp:attachment":[{"href":"https:\/\/designed4-you.com\/de\/wp-json\/wp\/v2\/media?parent=9366"}],"wp:term":[{"taxonomy":"product_brand","embeddable":true,"href":"https:\/\/designed4-you.com\/de\/wp-json\/wp\/v2\/product_brand?post=9366"},{"taxonomy":"product_cat","embeddable":true,"href":"https:\/\/designed4-you.com\/de\/wp-json\/wp\/v2\/product_cat?post=9366"},{"taxonomy":"product_tag","embeddable":true,"href":"https:\/\/designed4-you.com\/de\/wp-json\/wp\/v2\/product_tag?post=9366"}],"curies":[{"name":"wp","href":"https:\/\/api.w.org\/{rel}","templated":true}]}}