{"id":9386,"date":"2024-04-03T21:30:20","date_gmt":"2024-04-03T21:30:20","guid":{"rendered":"https:\/\/designed4-you.com\/?post_type=product&#038;p=9386"},"modified":"2026-02-21T06:20:52","modified_gmt":"2026-02-21T06:20:52","slug":"tasche-mit-pailletten-und-love-muster","status":"publish","type":"product","link":"https:\/\/designed4-you.com\/de\/produkt\/tasche-mit-pailletten-und-love-muster\/","title":{"rendered":"Tasche mit Pailletten und Love-Muster"},"content":{"rendered":"<p>Diese sch\u00f6ne Tasche mit Pailletten-Muster und Tragegurt ist sehr elegant und praktisch.<\/p>\n<p>Dank eines rechteckigen Bodens steht es aufrecht.<\/p>\n<p>Die Au\u00dfenseite des Beutels besteht aus 100% Baumwollstoff , es ist vollst\u00e4ndig mit einem sch\u00f6nen blauen Satinstoff gef\u00fcttert hat einen Rei\u00dfverschluss und eine Quaste.<\/p>\n<p>Die L\u00e4nge des Griffs kann dank einer Metallschlaufe in Herzform eingestellt werden.<\/p>\n<p>Diese Tasche ist einzigartig und handgefertigt in Frankreich, im Departement Moselle, im Grand-Est.<\/p>\n<p>Kann als Handtasche, Reise-Kit oder Tasche Zubeh\u00f6r benutzt werden.<\/p>\n<p>Das ist das perfekte Geschenk f\u00fcr Sie, Ihre Familie oder Ihre Freunde! Es kann mit einer sch\u00f6nen Geldb\u00f6rse kombiniert werden.<\/p>","protected":false},"excerpt":{"rendered":"<p>Diese sch\u00f6ne Tasche mit Pailletten und Love-Muster und Tragegurt ist ein einzigartiges Produkt, das auf Upcycling basiert. Es ist handgefertigt in Frankreich, im Departement Moselle, im Grand-Est.<\/p>\n<p>Perfekt als Handtasche, Reiseset oder Taschenzubeh\u00f6r.<\/p>\n<p>Die Abmessungen sind :<\/p>\n<p>Breite: 24 cm + 24 cm f\u00fcr den Griff<\/p>\n<p>Tiefe: 8 cm<\/p>\n<p>H\u00f6he: 16 cm<\/p>\n<p>Gewicht: 120 g<\/p>\n<p><strong>Materialien:\u00a0<\/strong>Baumwolle, Polyamid, Polyester<\/p>","protected":false},"featured_media":2255,"comment_status":"open","ping_status":"closed","template":"","meta":{"om_disable_all_campaigns":false},"product_brand":[],"product_cat":[704,708],"product_tag":[],"class_list":{"0":"post-9386","1":"product","2":"type-product","3":"status-publish","4":"has-post-thumbnail","6":"product_cat-accessoires-de","7":"product_cat-tasche","8":"product_shipping_class-m-fr-de","9":"product_shipping_class-s-fr-de","10":"product_shipping_class-xl-fr-de","11":"pa_color-beige-de","12":"pa_color-black-de","13":"pa_material-cotton-en","14":"pa_material-polyamide-en","15":"pa_material-polyester-en","17":"first","18":"instock","19":"taxable","20":"shipping-taxable","21":"purchasable","22":"product-type-simple"},"_links":{"self":[{"href":"https:\/\/designed4-you.com\/de\/wp-json\/wp\/v2\/product\/9386","targetHints":{"allow":["GET"]}}],"collection":[{"href":"https:\/\/designed4-you.com\/de\/wp-json\/wp\/v2\/product"}],"about":[{"href":"https:\/\/designed4-you.com\/de\/wp-json\/wp\/v2\/types\/product"}],"replies":[{"embeddable":true,"href":"https:\/\/designed4-you.com\/de\/wp-json\/wp\/v2\/comments?post=9386"}],"version-history":[{"count":0,"href":"https:\/\/designed4-you.com\/de\/wp-json\/wp\/v2\/product\/9386\/revisions"}],"wp:featuredmedia":[{"embeddable":true,"href":"https:\/\/designed4-you.com\/de\/wp-json\/wp\/v2\/media\/2255"}],"wp:attachment":[{"href":"https:\/\/designed4-you.com\/de\/wp-json\/wp\/v2\/media?parent=9386"}],"wp:term":[{"taxonomy":"product_brand","embeddable":true,"href":"https:\/\/designed4-you.com\/de\/wp-json\/wp\/v2\/product_brand?post=9386"},{"taxonomy":"product_cat","embeddable":true,"href":"https:\/\/designed4-you.com\/de\/wp-json\/wp\/v2\/product_cat?post=9386"},{"taxonomy":"product_tag","embeddable":true,"href":"https:\/\/designed4-you.com\/de\/wp-json\/wp\/v2\/product_tag?post=9386"}],"curies":[{"name":"wp","href":"https:\/\/api.w.org\/{rel}","templated":true}]}}