{"id":9393,"date":"2024-04-03T21:40:37","date_gmt":"2024-04-03T21:40:37","guid":{"rendered":"https:\/\/designed4-you.com\/?post_type=product&#038;p=9393"},"modified":"2024-04-03T21:44:23","modified_gmt":"2024-04-03T21:44:23","slug":"kleine-goldene-umhaengetasche-mit-glitzer","status":"publish","type":"product","link":"https:\/\/designed4-you.com\/de\/produkt\/kleine-goldene-umhaengetasche-mit-glitzer\/","title":{"rendered":"Kleine goldene umh\u00e4ngetasche mit Glitzer"},"content":{"rendered":"<p>Diese kleine goldene Umh\u00e4ngetasche mit Glitzer\u00a0 ist ein Eye-catcher. Es hat einen 1m13 abnehmbaren und verstellbaren Schultergurt \u00a0und einen sch\u00f6nen silbernen magnetischen Katzenverschluss.<\/p>\n<p>Diese trendige und modische Umh\u00e4ngetasche, ist einfach zu tragen und ein echter Eye-catcher.<\/p>\n<p>ideal als Abendtasche oder als sch\u00f6ne Sommertasche.<\/p>\n<p>Diese sch\u00f6ne Tasche ist ein einzigartiges Produkt, handgefertigt in S\u00fcdfrankreich, in der Provence, an der franz\u00f6sischen Riviera.<\/p>","protected":false},"excerpt":{"rendered":"<p>Diese kleine goldene Umh\u00e4ngetasche mit Glitzer ist ein einzigartiges Produkt, handgefertigt in S\u00fcdfrankreich, in der Provence, an der franz\u00f6sischen Riviera.<\/p>\n<p>Die Abmessungen sind :<\/p>\n<p>Breite: ca.19 cm<\/p>\n<p>Tiefe: 9 cm<\/p>\n<p>H\u00f6he: ca. 15 cm<\/p>\n<p>Gewicht: 170 g<\/p>\n<p><strong>Materialien<\/strong>: Kunstleder, Leder, Baumwolle<\/p>","protected":false},"featured_media":2400,"comment_status":"open","ping_status":"closed","template":"","meta":{"om_disable_all_campaigns":false},"product_brand":[],"product_cat":[704,708],"product_tag":[],"class_list":{"0":"post-9393","1":"product","2":"type-product","3":"status-publish","4":"has-post-thumbnail","6":"product_cat-accessoires-de","7":"product_cat-tasche","8":"product_shipping_class-m-fr-de","9":"product_shipping_class-s-fr-de","10":"product_shipping_class-xl-fr-de","12":"first","13":"instock","14":"taxable","15":"shipping-taxable","16":"purchasable","17":"product-type-simple"},"_links":{"self":[{"href":"https:\/\/designed4-you.com\/de\/wp-json\/wp\/v2\/product\/9393","targetHints":{"allow":["GET"]}}],"collection":[{"href":"https:\/\/designed4-you.com\/de\/wp-json\/wp\/v2\/product"}],"about":[{"href":"https:\/\/designed4-you.com\/de\/wp-json\/wp\/v2\/types\/product"}],"replies":[{"embeddable":true,"href":"https:\/\/designed4-you.com\/de\/wp-json\/wp\/v2\/comments?post=9393"}],"version-history":[{"count":0,"href":"https:\/\/designed4-you.com\/de\/wp-json\/wp\/v2\/product\/9393\/revisions"}],"wp:featuredmedia":[{"embeddable":true,"href":"https:\/\/designed4-you.com\/de\/wp-json\/wp\/v2\/media\/2400"}],"wp:attachment":[{"href":"https:\/\/designed4-you.com\/de\/wp-json\/wp\/v2\/media?parent=9393"}],"wp:term":[{"taxonomy":"product_brand","embeddable":true,"href":"https:\/\/designed4-you.com\/de\/wp-json\/wp\/v2\/product_brand?post=9393"},{"taxonomy":"product_cat","embeddable":true,"href":"https:\/\/designed4-you.com\/de\/wp-json\/wp\/v2\/product_cat?post=9393"},{"taxonomy":"product_tag","embeddable":true,"href":"https:\/\/designed4-you.com\/de\/wp-json\/wp\/v2\/product_tag?post=9393"}],"curies":[{"name":"wp","href":"https:\/\/api.w.org\/{rel}","templated":true}]}}