{"id":9398,"date":"2024-04-03T21:49:54","date_gmt":"2024-04-03T21:49:54","guid":{"rendered":"https:\/\/designed4-you.com\/?post_type=product&#038;p=9398"},"modified":"2026-02-09T03:06:26","modified_gmt":"2026-02-09T03:06:26","slug":"fee-mobile-mit-einem-gepunkteten-kleid-aus-pappmache","status":"publish","type":"product","link":"https:\/\/designed4-you.com\/de\/produkt\/fee-mobile-mit-einem-gepunkteten-kleid-aus-pappmache\/","title":{"rendered":"Fee Mobile mit einem gepunkteten Kleid aus Pappmach\u00e9"},"content":{"rendered":"<p>Ein originelles und sch\u00f6nes Mobile, um das Interieur Ihres Hauses aufzuhellen und es einzigartig zu machen!<\/p>\n<p>Dieses sch\u00f6ne federnde Fee-Mobile ist ein originelles Kunstwerk und ein einzigartiges handgefertigtes Produkt aus Pappmach\u00e9. Es kann aufgeh\u00e4ngt werden und springt sanft dank seiner Feder.<\/p>\n<div class=\"wp-video\">\n<div id=\"mep_1\" class=\"mejs-container mejs-container-keyboard-inactive wp-video-shortcode mejs-video\" tabindex=\"0\" role=\"application\" aria-label=\"Video-Player\">\n<div class=\"mejs-mediaelement\">\n<div style=\"width: 800px;\" class=\"wp-video\"><video class=\"wp-video-shortcode\" id=\"video-9398-2\" width=\"800\" height=\"450\" preload=\"metadata\" controls=\"controls\"><source type=\"video\/mp4\" src=\"https:\/\/designed4-you.com\/wp-content\/uploads\/2022\/03\/Springy-fairy-mobile-in-a-dress-with-polka-dots-in-papier-mache2.mp4?_=2\" \/><a href=\"https:\/\/designed4-you.com\/wp-content\/uploads\/2022\/03\/Springy-fairy-mobile-in-a-dress-with-polka-dots-in-papier-mache2.mp4\">https:\/\/designed4-you.com\/wp-content\/uploads\/2022\/03\/Springy-fairy-mobile-in-a-dress-with-polka-dots-in-papier-mache2.mp4<\/a><\/video><\/div>\n<\/div>\n<div class=\"mejs-inner\">\n<div class=\"mejs-layers\">\n<div class=\"mejs-overlay mejs-layer mejs-overlay-play\">\n<div class=\"mejs-overlay-button\" tabindex=\"0\" role=\"button\" aria-label=\"Abspielen\" aria-pressed=\"false\"><\/div>\n<\/div>\n<\/div>\n<div class=\"mejs-controls\">\n<div class=\"mejs-button mejs-playpause-button mejs-play\"><\/div>\n<\/div>\n<\/div>\n<\/div>\n<\/div>\n<p>Diese Pappmach\u00e9-Skulptur besteht aus Zeitungspapier. Das Kleid besteht aus d\u00fcnnem Papier, das mit Paste versteift ist. Das Haar wird mit Warnish aus einem St\u00fcck Edelstahl-Reinigungsspirale bespr\u00fcht.<\/p>\n<p>Dieses federnde Mobile ist ein einzigartiges handgefertigtes und originelles Kunstwerk, hergestellt in Deutschland, in\u00a0<span class=\"Y2IQFc\" lang=\"de\">Rheinland-Pfalz.<\/span><\/p>\n<p>Es ist das perfekte Geschenk, um Ihre Familie und Freunde zu \u00fcberraschen, Spass zu bringen und das Interieur ihres Hauses einzigartig zu machen!<\/p>","protected":false},"excerpt":{"rendered":"<p>Ein originelle und sch\u00f6ne Bewegliche Skulptur, um das Interieur Ihres Hauses aufzuhellen und einzigartig zu machen!<\/p>\n<p>Dieses sch\u00f6ne Fee-Mobile ist ein originelles Kunstwerk und ein einzigartige handgefertigte Produkt aus Pappmach\u00e9. Es muss aufgeh\u00e4ngt werden und springt sanft dank seiner Feder<\/p>\n<p>&nbsp;<\/p>\n<div class=\"wp-video\">\n<div style=\"width: 800px;\" class=\"wp-video\"><video class=\"wp-video-shortcode\" id=\"video-9398-1\" width=\"800\" height=\"450\" preload=\"metadata\" controls=\"controls\"><source type=\"video\/mp4\" src=\"https:\/\/designed4-you.com\/wp-content\/uploads\/2022\/03\/Springy-fairy-mobile-in-a-dress-with-polka-dots-in-papier-mache.mp4?_=1\" \/><a href=\"https:\/\/designed4-you.com\/wp-content\/uploads\/2022\/03\/Springy-fairy-mobile-in-a-dress-with-polka-dots-in-papier-mache.mp4\">https:\/\/designed4-you.com\/wp-content\/uploads\/2022\/03\/Springy-fairy-mobile-in-a-dress-with-polka-dots-in-papier-mache.mp4<\/a><\/video><\/div>\n<div id=\"mep_0\" class=\"mejs-container mejs-container-keyboard-inactive wp-video-shortcode mejs-video\" tabindex=\"0\" role=\"application\" aria-label=\"Video-Player\">\n<div class=\"mejs-inner\">\n<div class=\"mejs-layers\">\n<div class=\"mejs-overlay mejs-layer mejs-overlay-play\">\n<div class=\"mejs-overlay-button\" tabindex=\"0\" role=\"button\" aria-label=\"Abspielen\" aria-pressed=\"false\"><\/div>\n<\/div>\n<\/div>\n<div class=\"mejs-controls\">\n<div class=\"mejs-button mejs-playpause-button mejs-play\"><\/div>\n<div class=\"mejs-button mejs-fullscreen-button\">Die Abmessungen sind:<\/div>\n<\/div>\n<\/div>\n<\/div>\n<\/div>\n<p>Breite: 21 cm<\/p>\n<p>Tiefe:\u00a0 12 cm<\/p>\n<p>H\u00f6he: 21 cm<\/p>\n<p>Gewicht: 125 g<\/p>\n<p><strong>Materialien<\/strong>: Pappmach\u00e9, Metal, Edelstahl<\/p>","protected":false},"featured_media":3948,"comment_status":"open","ping_status":"closed","template":"","meta":{"om_disable_all_campaigns":false},"product_brand":[],"product_cat":[728,752,744],"product_tag":[],"class_list":{"0":"post-9398","1":"product","2":"type-product","3":"status-publish","4":"has-post-thumbnail","6":"product_cat-dekoration","7":"product_cat-mobile-de","8":"product_cat-skulptur","9":"product_shipping_class-m-fr-de","10":"product_shipping_class-s-fr-de","11":"product_shipping_class-xl-fr-de","12":"pa_color-beige-de","13":"pa_color-black-de","14":"pa_material-metal-en","15":"pa_material-papier-mache-en","16":"pa_material-stainless-steel-en","18":"first","19":"instock","20":"taxable","21":"shipping-taxable","22":"purchasable","23":"product-type-simple"},"_links":{"self":[{"href":"https:\/\/designed4-you.com\/de\/wp-json\/wp\/v2\/product\/9398","targetHints":{"allow":["GET"]}}],"collection":[{"href":"https:\/\/designed4-you.com\/de\/wp-json\/wp\/v2\/product"}],"about":[{"href":"https:\/\/designed4-you.com\/de\/wp-json\/wp\/v2\/types\/product"}],"replies":[{"embeddable":true,"href":"https:\/\/designed4-you.com\/de\/wp-json\/wp\/v2\/comments?post=9398"}],"version-history":[{"count":0,"href":"https:\/\/designed4-you.com\/de\/wp-json\/wp\/v2\/product\/9398\/revisions"}],"wp:featuredmedia":[{"embeddable":true,"href":"https:\/\/designed4-you.com\/de\/wp-json\/wp\/v2\/media\/3948"}],"wp:attachment":[{"href":"https:\/\/designed4-you.com\/de\/wp-json\/wp\/v2\/media?parent=9398"}],"wp:term":[{"taxonomy":"product_brand","embeddable":true,"href":"https:\/\/designed4-you.com\/de\/wp-json\/wp\/v2\/product_brand?post=9398"},{"taxonomy":"product_cat","embeddable":true,"href":"https:\/\/designed4-you.com\/de\/wp-json\/wp\/v2\/product_cat?post=9398"},{"taxonomy":"product_tag","embeddable":true,"href":"https:\/\/designed4-you.com\/de\/wp-json\/wp\/v2\/product_tag?post=9398"}],"curies":[{"name":"wp","href":"https:\/\/api.w.org\/{rel}","templated":true}]}}