{"id":9406,"date":"2024-04-03T22:08:29","date_gmt":"2024-04-03T22:08:29","guid":{"rendered":"https:\/\/designed4-you.com\/?post_type=product&#038;p=9406"},"modified":"2026-02-10T07:16:23","modified_gmt":"2026-02-10T07:16:23","slug":"fee-mobile-in-einem-roten-kleid-aus-pappmache","status":"publish","type":"product","link":"https:\/\/designed4-you.com\/de\/produkt\/fee-mobile-in-einem-roten-kleid-aus-pappmache\/","title":{"rendered":"Fee Mobile in einem roten Kleid aus Pappmach\u00e9"},"content":{"rendered":"<p>Ein originelles und sch\u00f6nes Mobile, um das Interieur Ihres Hauses aufzuhellen und es einzigartig zu machen!<\/p>\n<p>Dieses sch\u00f6ne federnde Fee-Mobile ist ein originelles Kunstwerk und ein einzigartiges handgefertigtes Produkt aus Pappmach\u00e9. Es kann aufgeh\u00e4ngt werden und springt sanft dank seiner Feder.<\/p>\n<p>Diese Pappmach\u00e9-Skulptur besteht aus Zeitungspapier. Das Kleid besteht aus d\u00fcnnem Papier, das mit Paste versteift ist. Das Haar wird mit Warnish aus einem St\u00fcck Edelstahl-Reinigungsspirale bespr\u00fcht.<\/p>\n<p>Dieses federnde Mobile ist ein einzigartiges handgefertigtes und originelles Kunstwerk, hergestellt in Deutschland, in Rheinland-Pfalz<mark><\/mark>.<\/p>\n<p>Es ist das perfekte Geschenk, um Ihre Familie und Freunde zu \u00fcberraschen, Spass zu bringen und das Interieur ihres Hauses einzigartig zu machen!<\/p>","protected":false},"excerpt":{"rendered":"<p>Ein originelle und sch\u00f6ne Bewegliche Skulptur, um das Interieur Ihres Hauses aufzuhellen und einzigartig zu machen!<\/p>\n<p>Dieses sch\u00f6ne Fee-Mobile ist ein originelles Kunstwerk und ein einzigartige handgefertigte Produkt aus Pappmach\u00e9.<\/p>\n<p>Es kann aufgeh\u00e4ngt werden und springt sanft dank seiner Feder.<\/p>\n<div style=\"width: 800px;\" class=\"wp-video\"><video class=\"wp-video-shortcode\" id=\"video-9406-1\" width=\"800\" height=\"450\" preload=\"metadata\" controls=\"controls\"><source type=\"video\/mp4\" src=\"https:\/\/designed4-you.com\/wp-content\/uploads\/2022\/03\/Springyfairymobileinareddress-1.mp4?_=1\" \/><a href=\"https:\/\/designed4-you.com\/wp-content\/uploads\/2022\/03\/Springyfairymobileinareddress-1.mp4\">https:\/\/designed4-you.com\/wp-content\/uploads\/2022\/03\/Springyfairymobileinareddress-1.mp4<\/a><\/video><\/div>\n<p>Die Abmessungen sind :<\/p>\n<p>Breite: 15 cm<\/p>\n<p>Tiefe:\u00a0 13 cm<\/p>\n<p>H\u00f6he: 18 cm<\/p>\n<p>Gewicht: 110 g<\/p>\n<p><strong>Materialien<\/strong>: Pappmach\u00e9, Metal, Edelstahl<\/p>","protected":false},"featured_media":3951,"comment_status":"open","ping_status":"closed","template":"","meta":{"om_disable_all_campaigns":false},"product_brand":[],"product_cat":[728,744],"product_tag":[],"class_list":{"0":"post-9406","1":"product","2":"type-product","3":"status-publish","4":"has-post-thumbnail","6":"product_cat-dekoration","7":"product_cat-skulptur","8":"product_shipping_class-m-fr-de","9":"product_shipping_class-s-fr-de","10":"product_shipping_class-xl-fr-de","11":"pa_color-beige-de","12":"pa_color-black-de","13":"pa_material-metal-en","14":"pa_material-papier-mache-en","15":"pa_material-stainless-steel-en","17":"first","18":"instock","19":"taxable","20":"shipping-taxable","21":"purchasable","22":"product-type-simple"},"_links":{"self":[{"href":"https:\/\/designed4-you.com\/de\/wp-json\/wp\/v2\/product\/9406","targetHints":{"allow":["GET"]}}],"collection":[{"href":"https:\/\/designed4-you.com\/de\/wp-json\/wp\/v2\/product"}],"about":[{"href":"https:\/\/designed4-you.com\/de\/wp-json\/wp\/v2\/types\/product"}],"replies":[{"embeddable":true,"href":"https:\/\/designed4-you.com\/de\/wp-json\/wp\/v2\/comments?post=9406"}],"version-history":[{"count":0,"href":"https:\/\/designed4-you.com\/de\/wp-json\/wp\/v2\/product\/9406\/revisions"}],"wp:featuredmedia":[{"embeddable":true,"href":"https:\/\/designed4-you.com\/de\/wp-json\/wp\/v2\/media\/3951"}],"wp:attachment":[{"href":"https:\/\/designed4-you.com\/de\/wp-json\/wp\/v2\/media?parent=9406"}],"wp:term":[{"taxonomy":"product_brand","embeddable":true,"href":"https:\/\/designed4-you.com\/de\/wp-json\/wp\/v2\/product_brand?post=9406"},{"taxonomy":"product_cat","embeddable":true,"href":"https:\/\/designed4-you.com\/de\/wp-json\/wp\/v2\/product_cat?post=9406"},{"taxonomy":"product_tag","embeddable":true,"href":"https:\/\/designed4-you.com\/de\/wp-json\/wp\/v2\/product_tag?post=9406"}],"curies":[{"name":"wp","href":"https:\/\/api.w.org\/{rel}","templated":true}]}}