{"id":9410,"date":"2024-04-03T22:19:11","date_gmt":"2024-04-03T22:19:11","guid":{"rendered":"https:\/\/designed4-you.com\/?post_type=product&#038;p=9410"},"modified":"2024-04-03T22:28:51","modified_gmt":"2024-04-03T22:28:51","slug":"schwimmer-wandhaken-im-floralen-badeanzug-aus-pappmache","status":"publish","type":"product","link":"https:\/\/designed4-you.com\/de\/produkt\/schwimmer-wandhaken-im-floralen-badeanzug-aus-pappmache\/","title":{"rendered":"Schwimmer-Wandhaken im floralen Badeanzug aus Pappmach\u00e9"},"content":{"rendered":"<p>Ein n\u00fctzliches und sch\u00f6nes Kunstwerk zum Aufh\u00e4ngen von Bade- oder Handt\u00fcchern!<\/p>\n<p>Diese Pappmach\u00e9-Skulptur besteht aus Zeitungspapier, ist ein \u00f6kologisches Produkt und basiert sogar auf Upcycling.<\/p>\n<p>Der Badeanzug und die Badekappe sind aus d\u00fcnnem Papier, versteift mit Paste.<\/p>\n<p>Dieser Garderobenhaken ist ein sch\u00f6nes, n\u00fctzliches Kunstwerk und ein einzigartiges handgefertigtes Produkt aus Pappmach\u00e9, hergestellt in Deutschland, in Rheinland-Pfalz.<\/p>\n<p>Es wird einen Hauch von Fantasie und Dekoration zu Ihrem Badezimmer bieten, um Ihre Badewanne oder Handt\u00fccher zu h\u00e4ngen .<\/p>\n<p>Es ist das perfekte Geschenk f\u00fcr Sie, Ihre Familie oder Ihre Freunde! Und es ist umweltfreundlich!<\/p>","protected":false},"excerpt":{"rendered":"<p>Dieser Garderobenhaken ist ein sch\u00f6nes, n\u00fctzliches Kunstwerk und ein einzigartiges handgefertigtes Produkt aus Pappmach\u00e9.<\/p>\n<p>Es wird einen Hauch von Fantasie und Dekoration zu Ihrem Badezimmer bieten, um Ihre Badewanne oder Handt\u00fccher zu h\u00e4ngen .<\/p>\n<p>Es ist das perfekte Geschenk f\u00fcr Sie, Ihre Familie oder Ihre Freunde! Und es ist umweltfreundlich!<\/p>\n<p>Die Abmessungen sind :<\/p>\n<p>Breite: ca. 19 cm<\/p>\n<p>Tiefe: 9 cm<\/p>\n<p>H\u00f6he: 30 cm mit Haken<\/p>\n<p>Gewicht: 154 g<\/p>\n<p><strong>Materialien:<\/strong>\u00a0Pappmach\u00e9, Papier, Plastik<\/p>","protected":false},"featured_media":3975,"comment_status":"open","ping_status":"closed","template":"","meta":{"om_disable_all_campaigns":false},"product_brand":[],"product_cat":[728,744,756],"product_tag":[],"class_list":{"0":"post-9410","1":"product","2":"type-product","3":"status-publish","4":"has-post-thumbnail","6":"product_cat-dekoration","7":"product_cat-skulptur","8":"product_cat-wandhaken","9":"product_shipping_class-m-fr-de","10":"product_shipping_class-s-fr-de","11":"product_shipping_class-xl-fr-de","12":"pa_color-beige-de","13":"pa_color-black-de","14":"pa_material-paper-en","15":"pa_material-papier-mache-en","16":"pa_material-plastic-en","18":"first","19":"instock","20":"taxable","21":"shipping-taxable","22":"purchasable","23":"product-type-simple"},"_links":{"self":[{"href":"https:\/\/designed4-you.com\/de\/wp-json\/wp\/v2\/product\/9410","targetHints":{"allow":["GET"]}}],"collection":[{"href":"https:\/\/designed4-you.com\/de\/wp-json\/wp\/v2\/product"}],"about":[{"href":"https:\/\/designed4-you.com\/de\/wp-json\/wp\/v2\/types\/product"}],"replies":[{"embeddable":true,"href":"https:\/\/designed4-you.com\/de\/wp-json\/wp\/v2\/comments?post=9410"}],"version-history":[{"count":0,"href":"https:\/\/designed4-you.com\/de\/wp-json\/wp\/v2\/product\/9410\/revisions"}],"wp:featuredmedia":[{"embeddable":true,"href":"https:\/\/designed4-you.com\/de\/wp-json\/wp\/v2\/media\/3975"}],"wp:attachment":[{"href":"https:\/\/designed4-you.com\/de\/wp-json\/wp\/v2\/media?parent=9410"}],"wp:term":[{"taxonomy":"product_brand","embeddable":true,"href":"https:\/\/designed4-you.com\/de\/wp-json\/wp\/v2\/product_brand?post=9410"},{"taxonomy":"product_cat","embeddable":true,"href":"https:\/\/designed4-you.com\/de\/wp-json\/wp\/v2\/product_cat?post=9410"},{"taxonomy":"product_tag","embeddable":true,"href":"https:\/\/designed4-you.com\/de\/wp-json\/wp\/v2\/product_tag?post=9410"}],"curies":[{"name":"wp","href":"https:\/\/api.w.org\/{rel}","templated":true}]}}