{"id":9858,"date":"2024-05-27T08:52:37","date_gmt":"2024-05-27T08:52:37","guid":{"rendered":"https:\/\/designed4-you.com\/?post_type=product&#038;p=9858"},"modified":"2024-05-27T09:26:06","modified_gmt":"2024-05-27T09:26:06","slug":"clutch-mit-blumenmuster","status":"publish","type":"product","link":"https:\/\/designed4-you.com\/de\/produkt\/clutch-mit-blumenmuster\/","title":{"rendered":"Clutch mit Blumenmuster"},"content":{"rendered":"<p>Diese einzigartige handgefertigte flache Clutch mit Griff hat ein sommerliches Design, ist sch\u00f6n und praktisch.<br \/>\nDie Au\u00dfenseite des Beutels besteht aus 100% Baumwollgewebe oder aus Polyamid.\u00a0 Es ist komplett mit einem sch\u00f6nen Satin oder Baumwollstoff gef\u00fcttert und mit einem farbigen Rei\u00dfverschluss abgeschlossen.<br \/>\nDiese Tasche ist einzigartig und handgefertigt in Frankreich, in Mosel, im Grand Est. Es ist ideal als Handtasche f\u00fcr den Strand, Reise-Kit oder Tasche Zubeh\u00f6r zu verwenden.<br \/>\nDas ist das perfekte Geschenk f\u00fcr Sie, Ihre Familie oder Ihren Freund! Es kann mit einer sch\u00f6nen Geldb\u00f6rse kombiniert werden.<\/p>","protected":false},"excerpt":{"rendered":"<p>Diese einzigartige handgemachte flache Clutch\u00a0 mit Griff hat ein sommerliches Design , ist sch\u00f6n, praktisch und in Frankreich, in Mosel, im Grand Est herstellt.<\/p>\n<p>Perfekt als Handtasche f\u00fcr den Strand, Reise-Kit oder Tasche Zubeh\u00f6r.<\/p>\n<p>Die Ma\u00dfe dieser einzigartigen handgefertigten flachen Tasche sind:<\/p>\n<p>Breite: ca. 23 cm + 20cm f\u00fcr den Griff<\/p>\n<p>Tiefe: ca. 2 cm<\/p>\n<p>H\u00f6he: ca. 20 cm<\/p>\n<p>Gewicht: 95 g<\/p>\n<p>Material: Baumwolle, Polyamid, Polyester, Kunstleder<\/p>","protected":false},"featured_media":9823,"comment_status":"closed","ping_status":"closed","template":"","meta":{"om_disable_all_campaigns":false},"product_brand":[],"product_cat":[704,708,712],"product_tag":[],"class_list":{"0":"post-9858","1":"product","2":"type-product","3":"status-publish","4":"has-post-thumbnail","6":"product_cat-accessoires-de","7":"product_cat-tasche","8":"product_cat-tasche-de","9":"product_shipping_class-m-fr-de","10":"product_shipping_class-s-fr-de","11":"product_shipping_class-xl-fr-de","13":"first","14":"instock","15":"taxable","16":"shipping-taxable","17":"purchasable","18":"product-type-variable"},"_links":{"self":[{"href":"https:\/\/designed4-you.com\/de\/wp-json\/wp\/v2\/product\/9858","targetHints":{"allow":["GET"]}}],"collection":[{"href":"https:\/\/designed4-you.com\/de\/wp-json\/wp\/v2\/product"}],"about":[{"href":"https:\/\/designed4-you.com\/de\/wp-json\/wp\/v2\/types\/product"}],"replies":[{"embeddable":true,"href":"https:\/\/designed4-you.com\/de\/wp-json\/wp\/v2\/comments?post=9858"}],"version-history":[{"count":0,"href":"https:\/\/designed4-you.com\/de\/wp-json\/wp\/v2\/product\/9858\/revisions"}],"wp:featuredmedia":[{"embeddable":true,"href":"https:\/\/designed4-you.com\/de\/wp-json\/wp\/v2\/media\/9823"}],"wp:attachment":[{"href":"https:\/\/designed4-you.com\/de\/wp-json\/wp\/v2\/media?parent=9858"}],"wp:term":[{"taxonomy":"product_brand","embeddable":true,"href":"https:\/\/designed4-you.com\/de\/wp-json\/wp\/v2\/product_brand?post=9858"},{"taxonomy":"product_cat","embeddable":true,"href":"https:\/\/designed4-you.com\/de\/wp-json\/wp\/v2\/product_cat?post=9858"},{"taxonomy":"product_tag","embeddable":true,"href":"https:\/\/designed4-you.com\/de\/wp-json\/wp\/v2\/product_tag?post=9858"}],"curies":[{"name":"wp","href":"https:\/\/api.w.org\/{rel}","templated":true}]}}