{"id":9904,"date":"2024-06-13T14:30:17","date_gmt":"2024-06-13T14:30:17","guid":{"rendered":"https:\/\/designed4-you.com\/?post_type=product&#038;p=9904"},"modified":"2024-12-16T13:04:28","modified_gmt":"2024-12-16T13:04:28","slug":"katze-skulptur-und-turstopper","status":"publish","type":"product","link":"https:\/\/designed4-you.com\/de\/produkt\/katze-skulptur-und-turstopper\/","title":{"rendered":"Katzenskulptur und T\u00fcrstopper"},"content":{"rendered":"<p>Diese Katzenskulptur ist angenehm anzufassen und einzigartig. Sie bringt s\u00fcdfranz\u00f6sischen Charme in Ihr Zuhause und ist eine perfekte Inspiration f\u00fcr Ihre Inneneinrichtung!<\/p>\n<p>Um die Stabilit\u00e4t des Kunstwerks zu gew\u00e4hrleisten, sind die F\u00fc\u00dfe aus nat\u00fcrlichem Mineralmaterial und der Rest der Struktur aus Fasern gefertigt.<\/p>\n<p>Diese Skulptur ist in 2 Gr\u00f6\u00dfen erh\u00e4ltlich: klein und gro\u00df, und in vielen Mustern.<\/p>\n<p>Auf Anfrage kann sie individuell gestaltet werden oder ein Hund sein.<\/p>\n<p>Die Abmessungen der kleinen Versionen sind:<\/p>\n<p>Breite: 10 cm<\/p>\n<p>Tiefe: 6 cm<\/p>\n<p>H\u00f6he: 33 cm<\/p>\n<p>Gewicht: ca. 400 g<\/p>\n<p>Die Abmessungen der gro\u00dfen Versionen sind:<\/p>\n<p>Breite: 15 cm<\/p>\n<p>Tiefe: 16 cm<\/p>\n<p>H\u00f6he: 45 cm<\/p>\n<p>Gewicht: ca. 820 g<\/p>\n<p>Es ist das perfekte Geschenk f\u00fcr Sie, Ihre Familie oder Ihren Freund ! Es ist einzigartig, originell und handgefertigt!<\/p>","protected":false},"excerpt":{"rendered":"<p>Diese Katzenskulptur ist angenehm anzufassen und einzigartig. Sie bringt s\u00fcdfranz\u00f6sischen Charme in Ihr Zuhause und ist eine perfekte Inspiration f\u00fcr Ihre Inneneinrichtung!<\/p>\n<p>Die Abmessungen der kleinen Versionen sind:<\/p>\n<p>Breite: 10 cm Tiefe: 6 cm H\u00f6he: 33 cm Gewicht: ca. 400 g<\/p>\n<p>Die Ma\u00dfe der gro\u00dfen Versionen sind:<\/p>\n<p>Breite: 15 cm Tiefe: 16 cm H\u00f6he: 45 cm Gewicht: ca. 820 g<\/p>","protected":false},"featured_media":6788,"comment_status":"closed","ping_status":"closed","template":"","meta":{"om_disable_all_campaigns":false},"product_brand":[],"product_cat":[728,744],"product_tag":[],"class_list":{"0":"post-9904","1":"product","2":"type-product","3":"status-publish","4":"has-post-thumbnail","6":"product_cat-dekoration","7":"product_cat-skulptur","8":"product_shipping_class-m-fr-de","9":"product_shipping_class-s-fr-de","10":"product_shipping_class-xl-fr-de","11":"pa_color-beige-de","12":"pa_color-blue-with-swimmer-de","13":"pa_color-black-de","15":"first","16":"instock","17":"taxable","18":"shipping-taxable","19":"purchasable","20":"product-type-variable"},"_links":{"self":[{"href":"https:\/\/designed4-you.com\/de\/wp-json\/wp\/v2\/product\/9904","targetHints":{"allow":["GET"]}}],"collection":[{"href":"https:\/\/designed4-you.com\/de\/wp-json\/wp\/v2\/product"}],"about":[{"href":"https:\/\/designed4-you.com\/de\/wp-json\/wp\/v2\/types\/product"}],"replies":[{"embeddable":true,"href":"https:\/\/designed4-you.com\/de\/wp-json\/wp\/v2\/comments?post=9904"}],"version-history":[{"count":0,"href":"https:\/\/designed4-you.com\/de\/wp-json\/wp\/v2\/product\/9904\/revisions"}],"wp:featuredmedia":[{"embeddable":true,"href":"https:\/\/designed4-you.com\/de\/wp-json\/wp\/v2\/media\/6788"}],"wp:attachment":[{"href":"https:\/\/designed4-you.com\/de\/wp-json\/wp\/v2\/media?parent=9904"}],"wp:term":[{"taxonomy":"product_brand","embeddable":true,"href":"https:\/\/designed4-you.com\/de\/wp-json\/wp\/v2\/product_brand?post=9904"},{"taxonomy":"product_cat","embeddable":true,"href":"https:\/\/designed4-you.com\/de\/wp-json\/wp\/v2\/product_cat?post=9904"},{"taxonomy":"product_tag","embeddable":true,"href":"https:\/\/designed4-you.com\/de\/wp-json\/wp\/v2\/product_tag?post=9904"}],"curies":[{"name":"wp","href":"https:\/\/api.w.org\/{rel}","templated":true}]}}