{"id":8074,"date":"2024-03-03T15:00:49","date_gmt":"2024-03-03T15:00:49","guid":{"rendered":"https:\/\/recup.designed4-you.com\/?page_id=8074"},"modified":"2024-04-04T17:00:19","modified_gmt":"2024-04-04T17:00:19","slug":"a-propos-de-nous","status":"publish","type":"page","link":"https:\/\/designed4-you.com\/fr\/a-propos-de-nous\/","title":{"rendered":"A propos de nous"},"content":{"rendered":"<div data-elementor-type=\"wp-page\" data-elementor-id=\"8074\" class=\"elementor elementor-8074\">\n\t\t\t\t\t\t<section class=\"elementor-section elementor-top-section elementor-element elementor-element-83c2e8f elementor-section-boxed elementor-section-height-default elementor-section-height-default\" data-id=\"83c2e8f\" data-element_type=\"section\" data-e-type=\"section\" data-settings=\"{&quot;background_background&quot;:&quot;classic&quot;}\">\n\t\t\t\t\t\t\t<div class=\"elementor-background-overlay\"><\/div>\n\t\t\t\t\t\t\t<div class=\"elementor-container elementor-column-gap-default\">\n\t\t\t\t\t<div class=\"elementor-column elementor-col-100 elementor-top-column elementor-element elementor-element-d5d6475\" data-id=\"d5d6475\" data-element_type=\"column\" data-e-type=\"column\">\n\t\t\t<div class=\"elementor-widget-wrap elementor-element-populated\">\n\t\t\t\t\t\t<section class=\"elementor-section elementor-inner-section elementor-element elementor-element-fd92b75 elementor-section-full_width elementor-section-height-default elementor-section-height-default\" data-id=\"fd92b75\" data-element_type=\"section\" data-e-type=\"section\">\n\t\t\t\t\t\t<div class=\"elementor-container elementor-column-gap-default\">\n\t\t\t\t\t<div class=\"elementor-column elementor-col-100 elementor-inner-column elementor-element elementor-element-7ff33ca\" data-id=\"7ff33ca\" data-element_type=\"column\" data-e-type=\"column\">\n\t\t\t<div class=\"elementor-widget-wrap elementor-element-populated\">\n\t\t\t\t\t\t<div class=\"elementor-element elementor-element-750073e elementor-widget elementor-widget-elementskit-heading\" data-id=\"750073e\" data-element_type=\"widget\" data-e-type=\"widget\" data-widget_type=\"elementskit-heading.default\">\n\t\t\t\t<div class=\"elementor-widget-container\">\n\t\t\t\t\t<div class=\"ekit-wid-con\" ><div class=\"ekit-heading elementskit-section-title-wraper text_center   ekit_heading_tablet-   ekit_heading_mobile-\"><h2 class=\"ekit-heading--title elementskit-section-title\">\u00c0 propos de nous<\/h2><\/div><\/div>\t\t\t\t<\/div>\n\t\t\t\t<\/div>\n\t\t\t\t\t<\/div>\n\t\t<\/div>\n\t\t\t\t\t<\/div>\n\t\t<\/section>\n\t\t\t\t\t<\/div>\n\t\t<\/div>\n\t\t\t\t\t<\/div>\n\t\t<\/section>\n\t\t\t\t<section class=\"elementor-section elementor-top-section elementor-element elementor-element-5fd2e4f elementor-section-boxed elementor-section-height-default elementor-section-height-default\" data-id=\"5fd2e4f\" data-element_type=\"section\" data-e-type=\"section\">\n\t\t\t\t\t\t<div class=\"elementor-container elementor-column-gap-default\">\n\t\t\t\t\t<div class=\"elementor-column elementor-col-100 elementor-top-column elementor-element elementor-element-0d696cd\" data-id=\"0d696cd\" data-element_type=\"column\" data-e-type=\"column\">\n\t\t\t<div class=\"elementor-widget-wrap elementor-element-populated\">\n\t\t\t\t\t\t<section class=\"elementor-section elementor-inner-section elementor-element elementor-element-6b35ec8 elementor-section-boxed elementor-section-height-default elementor-section-height-default\" data-id=\"6b35ec8\" data-element_type=\"section\" data-e-type=\"section\">\n\t\t\t\t\t\t<div class=\"elementor-container elementor-column-gap-default\">\n\t\t\t\t\t<div class=\"elementor-column elementor-col-100 elementor-inner-column elementor-element elementor-element-0a97950\" data-id=\"0a97950\" data-element_type=\"column\" data-e-type=\"column\">\n\t\t\t<div class=\"elementor-widget-wrap elementor-element-populated\">\n\t\t\t\t\t\t<div class=\"elementor-element elementor-element-cf8c269 elementor-position-inline-start elementor-view-default elementor-mobile-position-block-start elementor-widget elementor-widget-icon-box\" data-id=\"cf8c269\" data-element_type=\"widget\" data-e-type=\"widget\" data-widget_type=\"icon-box.default\">\n\t\t\t\t<div class=\"elementor-widget-container\">\n\t\t\t\t\t\t\t<div class=\"elementor-icon-box-wrapper\">\n\n\t\t\t\t\t\t<div class=\"elementor-icon-box-icon\">\n\t\t\t\t<span  class=\"elementor-icon\">\n\t\t\t\t<i aria-hidden=\"true\" class=\"fas fa-quote-left\"><\/i>\t\t\t\t<\/span>\n\t\t\t<\/div>\n\t\t\t\n\t\t\t\t\t\t<div class=\"elementor-icon-box-content\">\n\n\t\t\t\t\t\t\t\t\t<span class=\"elementor-icon-box-title\">\n\t\t\t\t\t\t<span  >\n\t\t\t\t\t\t\tDans l\u2019artisanat, il n\u2019y a pas d\u2019erreurs, seulement des cr\u00e9ations uniques.\t\t\t\t\t\t<\/span>\n\t\t\t\t\t<\/span>\n\t\t\t\t\n\t\t\t\t\t\t\t\t\t<p class=\"elementor-icon-box-description\">\n\t\t\t\t\t\tAnonyme\t\t\t\t\t<\/p>\n\t\t\t\t\n\t\t\t<\/div>\n\t\t\t\n\t\t<\/div>\n\t\t\t\t\t\t<\/div>\n\t\t\t\t<\/div>\n\t\t\t\t\t<\/div>\n\t\t<\/div>\n\t\t\t\t\t<\/div>\n\t\t<\/section>\n\t\t\t\t\t<\/div>\n\t\t<\/div>\n\t\t\t\t\t<\/div>\n\t\t<\/section>\n\t\t\t\t<section class=\"elementor-section elementor-top-section elementor-element elementor-element-b900404 elementor-section-content-middle elementor-section-boxed elementor-section-height-default elementor-section-height-default\" data-id=\"b900404\" data-element_type=\"section\" data-e-type=\"section\">\n\t\t\t\t\t\t<div class=\"elementor-container elementor-column-gap-default\">\n\t\t\t\t\t<div class=\"elementor-column elementor-col-50 elementor-top-column elementor-element elementor-element-1876246\" data-id=\"1876246\" data-element_type=\"column\" data-e-type=\"column\">\n\t\t\t<div class=\"elementor-widget-wrap elementor-element-populated\">\n\t\t\t\t\t\t<div class=\"elementor-element elementor-element-38cc0f0 elementor-widget elementor-widget-image\" data-id=\"38cc0f0\" data-element_type=\"widget\" data-e-type=\"widget\" data-widget_type=\"image.default\">\n\t\t\t\t<div class=\"elementor-widget-container\">\n\t\t\t\t\t\t\t\t\t\t\t\t\t\t\t<img fetchpriority=\"high\" decoding=\"async\" width=\"2560\" height=\"1829\" src=\"https:\/\/designed4-you.com\/wp-content\/uploads\/2022\/04\/PHOTOMARIENOIR-scaled.jpg\" class=\"attachment-full size-full wp-image-4432\" alt=\"\" srcset=\"https:\/\/designed4-you.com\/wp-content\/uploads\/2022\/04\/PHOTOMARIENOIR-scaled.jpg 2560w, https:\/\/designed4-you.com\/wp-content\/uploads\/2022\/04\/PHOTOMARIENOIR-600x429.jpg 600w, https:\/\/designed4-you.com\/wp-content\/uploads\/2022\/04\/PHOTOMARIENOIR-300x214.jpg 300w, https:\/\/designed4-you.com\/wp-content\/uploads\/2022\/04\/PHOTOMARIENOIR-1024x731.jpg 1024w, https:\/\/designed4-you.com\/wp-content\/uploads\/2022\/04\/PHOTOMARIENOIR-150x107.jpg 150w, https:\/\/designed4-you.com\/wp-content\/uploads\/2022\/04\/PHOTOMARIENOIR-768x549.jpg 768w, https:\/\/designed4-you.com\/wp-content\/uploads\/2022\/04\/PHOTOMARIENOIR-1536x1097.jpg 1536w, https:\/\/designed4-you.com\/wp-content\/uploads\/2022\/04\/PHOTOMARIENOIR-2048x1463.jpg 2048w, https:\/\/designed4-you.com\/wp-content\/uploads\/2022\/04\/PHOTOMARIENOIR-1320x943.jpg 1320w\" sizes=\"(max-width: 2560px) 100vw, 2560px\" \/>\t\t\t\t\t\t\t\t\t\t\t\t\t\t\t<\/div>\n\t\t\t\t<\/div>\n\t\t\t\t\t<\/div>\n\t\t<\/div>\n\t\t\t\t<div class=\"elementor-column elementor-col-50 elementor-top-column elementor-element elementor-element-d3b1966\" data-id=\"d3b1966\" data-element_type=\"column\" data-e-type=\"column\">\n\t\t\t<div class=\"elementor-widget-wrap elementor-element-populated\">\n\t\t\t\t\t\t<div class=\"elementor-element elementor-element-6b53b52 elementor-widget elementor-widget-elementskit-heading\" data-id=\"6b53b52\" data-element_type=\"widget\" data-e-type=\"widget\" data-widget_type=\"elementskit-heading.default\">\n\t\t\t\t<div class=\"elementor-widget-container\">\n\t\t\t\t\t<div class=\"ekit-wid-con\" ><div class=\"ekit-heading elementskit-section-title-wraper text_left   ekit_heading_tablet-   ekit_heading_mobile-\"><h2 class=\"ekit-heading--title elementskit-section-title\">Bienvenue dans ce site con\u00e7u pour vous.<\/h2>\t\t\t\t<div class='ekit-heading__description'>\n\t\t\t\t\t<p>Je m\u2019appelle Marie et je suis passionn\u00e9e par l\u2019art.<\/p>\n<p>Je suis mari\u00e9e, j\u2019ai deux filles et un amour pour la cr\u00e9ativit\u00e9 et les artistes.<\/p>\n<p>Pour des raisons familiales et \u00e9thiques, j\u2019ai d\u00e9cid\u00e9 de d\u00e9velopper mon entreprise afin de soutenir les artistes\/artisans cr\u00e9atifs allemands et fran\u00e7ais locaux.<\/p>\n\t\t\t\t<\/div>\n\t\t\t<\/div><\/div>\t\t\t\t<\/div>\n\t\t\t\t<\/div>\n\t\t\t\t<div class=\"elementor-element elementor-element-c8b9e3a text-para elementor-widget elementor-widget-text-editor\" data-id=\"c8b9e3a\" data-element_type=\"widget\" data-e-type=\"widget\" data-widget_type=\"text-editor.default\">\n\t\t\t\t<div class=\"elementor-widget-container\">\n\t\t\t\t\t\t\t\t\t  Sur designed4-you.com, vous trouverez des objets artisanaux con\u00e7us et fabriqu\u00e9s en Allemagne et en France.\t\t\t\t\t\t\t\t<\/div>\n\t\t\t\t<\/div>\n\t\t\t\t\t<\/div>\n\t\t<\/div>\n\t\t\t\t\t<\/div>\n\t\t<\/section>\n\t\t\t\t<section class=\"elementor-section elementor-top-section elementor-element elementor-element-1d1cdac elementor-section-content-middle elementor-section-boxed elementor-section-height-default elementor-section-height-default\" data-id=\"1d1cdac\" data-element_type=\"section\" data-e-type=\"section\">\n\t\t\t\t\t\t<div class=\"elementor-container elementor-column-gap-default\">\n\t\t\t\t\t<div class=\"elementor-column elementor-col-50 elementor-top-column elementor-element elementor-element-6126005\" data-id=\"6126005\" data-element_type=\"column\" data-e-type=\"column\">\n\t\t\t<div class=\"elementor-widget-wrap elementor-element-populated\">\n\t\t\t\t\t\t<div class=\"elementor-element elementor-element-a901929 text-para elementor-widget elementor-widget-text-editor\" data-id=\"a901929\" data-element_type=\"widget\" data-e-type=\"widget\" data-widget_type=\"text-editor.default\">\n\t\t\t\t<div class=\"elementor-widget-container\">\n\t\t\t\t\t\t\t\t\t<h3><strong>Les prix sont justes<\/strong><\/h3><p>afin de soutenir la cr\u00e9ativit\u00e9 locale.<\/p><h3><strong>Les produits sont uniques,<\/strong><\/h3><p>Fabriqu\u00e9 en Allemagne ou en France<br \/>Faits \u00e0 la main par des artistes ou artisans locaux.<\/p><p>Pour toute question ou avis, n\u2019h\u00e9sitez pas \u00e0 me contacter : <a style=\"color: #6c0084; font-weight: 600;\" href=\"mailto:info@designed4-you.com\">info@designed4-you.com<\/a><\/p>\t\t\t\t\t\t\t\t<\/div>\n\t\t\t\t<\/div>\n\t\t\t\t\t<\/div>\n\t\t<\/div>\n\t\t\t\t<div class=\"elementor-column elementor-col-50 elementor-top-column elementor-element elementor-element-b322c9f\" data-id=\"b322c9f\" data-element_type=\"column\" data-e-type=\"column\">\n\t\t\t<div class=\"elementor-widget-wrap elementor-element-populated\">\n\t\t\t\t\t\t<div class=\"elementor-element elementor-element-37847b2 elementor-widget elementor-widget-image\" data-id=\"37847b2\" data-element_type=\"widget\" data-e-type=\"widget\" data-widget_type=\"image.default\">\n\t\t\t\t<div class=\"elementor-widget-container\">\n\t\t\t\t\t\t\t\t\t\t\t\t\t\t\t<img decoding=\"async\" width=\"2325\" height=\"2560\" src=\"https:\/\/designed4-you.com\/wp-content\/uploads\/2022\/04\/ABOUTYOU2-scaled.jpg\" class=\"attachment-full size-full wp-image-4456\" alt=\"\" srcset=\"https:\/\/designed4-you.com\/wp-content\/uploads\/2022\/04\/ABOUTYOU2-scaled.jpg 2325w, https:\/\/designed4-you.com\/wp-content\/uploads\/2022\/04\/ABOUTYOU2-600x661.jpg 600w, https:\/\/designed4-you.com\/wp-content\/uploads\/2022\/04\/ABOUTYOU2-273x300.jpg 273w, https:\/\/designed4-you.com\/wp-content\/uploads\/2022\/04\/ABOUTYOU2-930x1024.jpg 930w, https:\/\/designed4-you.com\/wp-content\/uploads\/2022\/04\/ABOUTYOU2-136x150.jpg 136w, https:\/\/designed4-you.com\/wp-content\/uploads\/2022\/04\/ABOUTYOU2-768x845.jpg 768w, https:\/\/designed4-you.com\/wp-content\/uploads\/2022\/04\/ABOUTYOU2-1395x1536.jpg 1395w, https:\/\/designed4-you.com\/wp-content\/uploads\/2022\/04\/ABOUTYOU2-1860x2048.jpg 1860w, https:\/\/designed4-you.com\/wp-content\/uploads\/2022\/04\/ABOUTYOU2-1320x1453.jpg 1320w\" sizes=\"(max-width: 2325px) 100vw, 2325px\" \/>\t\t\t\t\t\t\t\t\t\t\t\t\t\t\t<\/div>\n\t\t\t\t<\/div>\n\t\t\t\t\t<\/div>\n\t\t<\/div>\n\t\t\t\t\t<\/div>\n\t\t<\/section>\n\t\t\t\t<\/div>","protected":false},"excerpt":{"rendered":"<p>\u00c0 propos de nous Dans l\u2019artisanat, il n\u2019y a pas d\u2019erreurs, seulement des cr\u00e9ations uniques. Anonyme Bienvenue dans ce site con\u00e7u pour vous. Je m\u2019appelle Marie et je suis passionn\u00e9e par l\u2019art. Je suis mari\u00e9e, j\u2019ai deux filles et un amour pour la cr\u00e9ativit\u00e9 et les artistes. Pour des raisons familiales et \u00e9thiques, j\u2019ai d\u00e9cid\u00e9 [&hellip;]<\/p>","protected":false},"author":5,"featured_media":0,"parent":0,"menu_order":0,"comment_status":"closed","ping_status":"closed","template":"elementor_header_footer","meta":{"om_disable_all_campaigns":false,"footnotes":""},"class_list":["post-8074","page","type-page","status-publish","hentry"],"_links":{"self":[{"href":"https:\/\/designed4-you.com\/fr\/wp-json\/wp\/v2\/pages\/8074","targetHints":{"allow":["GET"]}}],"collection":[{"href":"https:\/\/designed4-you.com\/fr\/wp-json\/wp\/v2\/pages"}],"about":[{"href":"https:\/\/designed4-you.com\/fr\/wp-json\/wp\/v2\/types\/page"}],"author":[{"embeddable":true,"href":"https:\/\/designed4-you.com\/fr\/wp-json\/wp\/v2\/users\/5"}],"replies":[{"embeddable":true,"href":"https:\/\/designed4-you.com\/fr\/wp-json\/wp\/v2\/comments?post=8074"}],"version-history":[{"count":0,"href":"https:\/\/designed4-you.com\/fr\/wp-json\/wp\/v2\/pages\/8074\/revisions"}],"wp:attachment":[{"href":"https:\/\/designed4-you.com\/fr\/wp-json\/wp\/v2\/media?parent=8074"}],"curies":[{"name":"wp","href":"https:\/\/api.w.org\/{rel}","templated":true}]}}