{"id":8098,"date":"2024-03-04T17:28:38","date_gmt":"2024-03-04T17:28:38","guid":{"rendered":"https:\/\/recup.designed4-you.com\/?page_id=8098"},"modified":"2024-03-05T07:31:22","modified_gmt":"2024-03-05T07:31:22","slug":"livraison-et-paiement","status":"publish","type":"page","link":"https:\/\/designed4-you.com\/fr\/livraison-et-paiement\/","title":{"rendered":"Livraison et paiement"},"content":{"rendered":"<div data-elementor-type=\"wp-page\" data-elementor-id=\"8098\" class=\"elementor elementor-8098\">\n\t\t\t\t\t\t<section class=\"elementor-section elementor-top-section elementor-element elementor-element-899a24f elementor-section-boxed elementor-section-height-default elementor-section-height-default\" data-id=\"899a24f\" data-element_type=\"section\" data-e-type=\"section\" data-settings=\"{&quot;background_background&quot;:&quot;classic&quot;}\">\n\t\t\t\t\t\t\t<div class=\"elementor-background-overlay\"><\/div>\n\t\t\t\t\t\t\t<div class=\"elementor-container elementor-column-gap-default\">\n\t\t\t\t\t<div class=\"elementor-column elementor-col-100 elementor-top-column elementor-element elementor-element-945d356\" data-id=\"945d356\" data-element_type=\"column\" data-e-type=\"column\">\n\t\t\t<div class=\"elementor-widget-wrap elementor-element-populated\">\n\t\t\t\t\t\t<section class=\"elementor-section elementor-inner-section elementor-element elementor-element-cd3eb3a elementor-section-full_width elementor-section-height-default elementor-section-height-default\" data-id=\"cd3eb3a\" data-element_type=\"section\" data-e-type=\"section\">\n\t\t\t\t\t\t<div class=\"elementor-container elementor-column-gap-default\">\n\t\t\t\t\t<div class=\"elementor-column elementor-col-100 elementor-inner-column elementor-element elementor-element-62fcc47\" data-id=\"62fcc47\" data-element_type=\"column\" data-e-type=\"column\">\n\t\t\t<div class=\"elementor-widget-wrap elementor-element-populated\">\n\t\t\t\t\t\t<div class=\"elementor-element elementor-element-7200f1b elementor-widget elementor-widget-elementskit-heading\" data-id=\"7200f1b\" data-element_type=\"widget\" data-e-type=\"widget\" data-widget_type=\"elementskit-heading.default\">\n\t\t\t\t<div class=\"elementor-widget-container\">\n\t\t\t\t\t<div class=\"ekit-wid-con\" ><div class=\"ekit-heading elementskit-section-title-wraper text_center   ekit_heading_tablet-   ekit_heading_mobile-\"><h2 class=\"ekit-heading--title elementskit-section-title\">Livraison et paiement<\/h2><\/div><\/div>\t\t\t\t<\/div>\n\t\t\t\t<\/div>\n\t\t\t\t\t<\/div>\n\t\t<\/div>\n\t\t\t\t\t<\/div>\n\t\t<\/section>\n\t\t\t\t\t<\/div>\n\t\t<\/div>\n\t\t\t\t\t<\/div>\n\t\t<\/section>\n\t\t\t\t<section class=\"elementor-section elementor-top-section elementor-element elementor-element-3663aee0 elementor-section-boxed elementor-section-height-default elementor-section-height-default\" data-id=\"3663aee0\" data-element_type=\"section\" data-e-type=\"section\">\n\t\t\t\t\t\t<div class=\"elementor-container elementor-column-gap-default\">\n\t\t\t\t\t<div class=\"elementor-column elementor-col-100 elementor-top-column elementor-element elementor-element-198a53c7\" data-id=\"198a53c7\" data-element_type=\"column\" data-e-type=\"column\">\n\t\t\t<div class=\"elementor-widget-wrap elementor-element-populated\">\n\t\t\t\t\t\t<div class=\"elementor-element elementor-element-70a59efc text-para elementor-widget elementor-widget-text-editor\" data-id=\"70a59efc\" data-element_type=\"widget\" data-e-type=\"widget\" data-widget_type=\"text-editor.default\">\n\t\t\t\t<div class=\"elementor-widget-container\">\n\t\t\t\t\t\t\t\t\t<p>Tous les produits sont exp\u00e9di\u00e9s par DHL<\/p><h2><strong>1. Exp\u00e9dition<\/strong> <strong>d\u2019exp\u00e9dition<\/strong><\/h2><h3><strong>ALLEMAGNE<\/strong><\/h3><p>DHL : 6\u20ac sur les commandes de moins de 150\u20ac et <strong>LIVRAISON GRATUITE<\/strong> \u00e0 partir de 150\u20ac sauf pour les produits lourds comme les bancs.<\/p><h3><strong>L\u2019UNION EUROP\u00c9ENNE<\/strong><\/h3><p>DHL : 9,5\u20ac pour les commandes inf\u00e9rieures \u00e0 150\u20ac et <strong>LIVRAISON GRATUITE<\/strong> au-del\u00e0 de 150\u20ac sauf pour les produits lourds comme les bancs.<\/p><p>Pays d\u2019exp\u00e9dition : Autriche, Belgique, Bulgarie, Danemark, Estonie, Finlande, France, Gr\u00e8ce, Irlande, Italie, Croatie, Lettonie, Lettonie, Luxembourg, Malte, Pays-Bas, Pologne, Portugal, Roumanie, Su\u00e8de, Slovaquie, Slov\u00e9nie, Espagne, R\u00e9publique tch\u00e8que, Hongrie, Chypre.<\/p><h2>2. <strong>Frais d\u2019exp\u00e9dition et de manutention<\/strong><\/h2><p>Veuillez noter que les frais d\u2019exp\u00e9dition et de manutention comprennent plus que les frais postaux. Ils couvrent \u00e9galement l\u2019assurance transport, les frais de personnel pour les employ\u00e9s charg\u00e9s de l\u2019exp\u00e9dition et l\u2019emballage. Si vous avez des questions ou des commentaires, n\u2019h\u00e9sitez pas \u00e0 nous en faire part.<\/p><h2><strong>3. D\u00e9lai de livraison<\/strong><\/h2><p>Nous faisons tout notre possible pour que vos produits arrivent \u00e0 votre porte le plus rapidement possible.<\/p><p>Tous les produits sont exp\u00e9di\u00e9s depuis l\u2019Allemagne. \u00c0 partir de la r\u00e9ception de la commande et du paiement, la livraison prend jusqu\u2019\u00e0 7-10 jours ouvrables pour arriver.<\/p><h2><strong>4. Paiement<\/strong><\/h2><p>Nos options de paiement comprennent toutes les principales cartes de cr\u00e9dit, les virements bancaires, ainsi que PayPal.<\/p><h2><strong>5. Retourner<\/strong><\/h2><p>Notre politique de remboursement et de retour dure 14 jours.<\/p><p>Si 14 jours se sont \u00e9coul\u00e9s depuis votre achat, nous ne pouvons pas vous offrir un remboursement complet ou un \u00e9change.<\/p><p>Pour \u00eatre admissible \u00e0 un retour, votre article doit \u00eatre inutilis\u00e9, non endommag\u00e9 et dans le m\u00eame \u00e9tat que celui dans lequel vous l\u2019avez re\u00e7u. Il doit \u00e9galement \u00eatre dans son emballage d\u2019origine.<\/p><p><strong>Processus de remboursement<\/strong><\/p><p>Vous serez responsable du paiement de vos propres frais d\u2019exp\u00e9dition pour le retour de votre article. Les frais d\u2019exp\u00e9dition ne sont pas remboursables. Si vous recevez un remboursement, les frais de retour seront d\u00e9duits de votre remboursement.<\/p><p>Si vous retournez des articles plus chers, vous pouvez envisager d\u2019utiliser un service d\u2019exp\u00e9dition avec suivi ou de souscrire une assurance exp\u00e9dition. Nous ne garantissons pas que nous recevrons votre article retourn\u00e9.<\/p><p>Contactez-nous \u00e0 l\u2019adresse info@designed4-you.com pour toute question relative aux remboursements et aux retours.<\/p>\t\t\t\t\t\t\t\t<\/div>\n\t\t\t\t<\/div>\n\t\t\t\t\t<\/div>\n\t\t<\/div>\n\t\t\t\t\t<\/div>\n\t\t<\/section>\n\t\t\t\t<\/div>","protected":false},"excerpt":{"rendered":"<p>Livraison et paiement Tous les produits sont exp\u00e9di\u00e9s par DHL 1. Exp\u00e9dition d\u2019exp\u00e9dition ALLEMAGNE DHL : 6\u20ac sur les commandes de moins de 150\u20ac et LIVRAISON GRATUITE \u00e0 partir de 150\u20ac sauf pour les produits lourds comme les bancs. L\u2019UNION EUROP\u00c9ENNE DHL : 9,5\u20ac pour les commandes inf\u00e9rieures \u00e0 150\u20ac et LIVRAISON GRATUITE au-del\u00e0 de [&hellip;]<\/p>","protected":false},"author":5,"featured_media":0,"parent":0,"menu_order":0,"comment_status":"closed","ping_status":"closed","template":"elementor_header_footer","meta":{"om_disable_all_campaigns":false,"footnotes":""},"class_list":["post-8098","page","type-page","status-publish","hentry"],"_links":{"self":[{"href":"https:\/\/designed4-you.com\/fr\/wp-json\/wp\/v2\/pages\/8098","targetHints":{"allow":["GET"]}}],"collection":[{"href":"https:\/\/designed4-you.com\/fr\/wp-json\/wp\/v2\/pages"}],"about":[{"href":"https:\/\/designed4-you.com\/fr\/wp-json\/wp\/v2\/types\/page"}],"author":[{"embeddable":true,"href":"https:\/\/designed4-you.com\/fr\/wp-json\/wp\/v2\/users\/5"}],"replies":[{"embeddable":true,"href":"https:\/\/designed4-you.com\/fr\/wp-json\/wp\/v2\/comments?post=8098"}],"version-history":[{"count":0,"href":"https:\/\/designed4-you.com\/fr\/wp-json\/wp\/v2\/pages\/8098\/revisions"}],"wp:attachment":[{"href":"https:\/\/designed4-you.com\/fr\/wp-json\/wp\/v2\/media?parent=8098"}],"curies":[{"name":"wp","href":"https:\/\/api.w.org\/{rel}","templated":true}]}}