{"id":8114,"date":"2024-03-04T17:35:13","date_gmt":"2024-03-04T17:35:13","guid":{"rendered":"https:\/\/recup.designed4-you.com\/?page_id=8114"},"modified":"2024-03-05T08:03:45","modified_gmt":"2024-03-05T08:03:45","slug":"conditions-generales-dutilisation","status":"publish","type":"page","link":"https:\/\/designed4-you.com\/fr\/conditions-generales-dutilisation\/","title":{"rendered":"Conditions g\u00e9n\u00e9rales d&#8217;utilisation"},"content":{"rendered":"<div data-elementor-type=\"wp-page\" data-elementor-id=\"8114\" class=\"elementor elementor-8114\">\n\t\t\t\t\t\t<section class=\"elementor-section elementor-top-section elementor-element elementor-element-bb8213e elementor-section-boxed elementor-section-height-default elementor-section-height-default\" data-id=\"bb8213e\" data-element_type=\"section\" data-e-type=\"section\" data-settings=\"{&quot;background_background&quot;:&quot;classic&quot;}\">\n\t\t\t\t\t\t\t<div class=\"elementor-background-overlay\"><\/div>\n\t\t\t\t\t\t\t<div class=\"elementor-container elementor-column-gap-default\">\n\t\t\t\t\t<div class=\"elementor-column elementor-col-100 elementor-top-column elementor-element elementor-element-4d32c33\" data-id=\"4d32c33\" data-element_type=\"column\" data-e-type=\"column\">\n\t\t\t<div class=\"elementor-widget-wrap elementor-element-populated\">\n\t\t\t\t\t\t<section class=\"elementor-section elementor-inner-section elementor-element elementor-element-b8feee3 elementor-section-full_width elementor-section-height-default elementor-section-height-default\" data-id=\"b8feee3\" data-element_type=\"section\" data-e-type=\"section\">\n\t\t\t\t\t\t<div class=\"elementor-container elementor-column-gap-default\">\n\t\t\t\t\t<div class=\"elementor-column elementor-col-100 elementor-inner-column elementor-element elementor-element-37d9eb8\" data-id=\"37d9eb8\" data-element_type=\"column\" data-e-type=\"column\">\n\t\t\t<div class=\"elementor-widget-wrap elementor-element-populated\">\n\t\t\t\t\t\t<div class=\"elementor-element elementor-element-e5f2c0d elementor-widget elementor-widget-elementskit-heading\" data-id=\"e5f2c0d\" data-element_type=\"widget\" data-e-type=\"widget\" data-widget_type=\"elementskit-heading.default\">\n\t\t\t\t<div class=\"elementor-widget-container\">\n\t\t\t\t\t<div class=\"ekit-wid-con\" ><div class=\"ekit-heading elementskit-section-title-wraper text_center   ekit_heading_tablet-   ekit_heading_mobile-\"><h2 class=\"ekit-heading--title elementskit-section-title\">Conditions g\u00e9n\u00e9rales d'utilisation<\/h2><\/div><\/div>\t\t\t\t<\/div>\n\t\t\t\t<\/div>\n\t\t\t\t\t<\/div>\n\t\t<\/div>\n\t\t\t\t\t<\/div>\n\t\t<\/section>\n\t\t\t\t\t<\/div>\n\t\t<\/div>\n\t\t\t\t\t<\/div>\n\t\t<\/section>\n\t\t\t\t<section class=\"elementor-section elementor-top-section elementor-element elementor-element-32ec4f45 elementor-section-boxed elementor-section-height-default elementor-section-height-default\" data-id=\"32ec4f45\" data-element_type=\"section\" data-e-type=\"section\">\n\t\t\t\t\t\t<div class=\"elementor-container elementor-column-gap-default\">\n\t\t\t\t\t<div class=\"elementor-column elementor-col-100 elementor-top-column elementor-element elementor-element-7e23d1ae\" data-id=\"7e23d1ae\" data-element_type=\"column\" data-e-type=\"column\">\n\t\t\t<div class=\"elementor-widget-wrap elementor-element-populated\">\n\t\t\t\t\t\t<div class=\"elementor-element elementor-element-41a514cd text-para elementor-widget elementor-widget-text-editor\" data-id=\"41a514cd\" data-element_type=\"widget\" data-e-type=\"widget\" data-widget_type=\"text-editor.default\">\n\t\t\t\t<div class=\"elementor-widget-container\">\n\t\t\t\t\t\t\t\t\t<h2>1. CHAMP D&#8217;APPLICATION<\/h2><p>Toutes les commandes pass\u00e9es par l&#8217;interm\u00e9diaire de notre boutique en ligne sont soumises aux conditions g\u00e9n\u00e9rales suivantes.<\/p><p>Le consommateur est toute personne physique qui conclut un acte juridique \u00e0 des fins qui ne peuvent \u00eatre attribu\u00e9es de mani\u00e8re pr\u00e9pond\u00e9rante \u00e0 son activit\u00e9 commerciale ou professionnelle ind\u00e9pendante. Un entrepreneur est une personne physique ou morale ou une soci\u00e9t\u00e9 de personnes dot\u00e9e de la capacit\u00e9 juridique qui, lors de la conclusion d&#8217;une transaction juridique, agit dans l&#8217;exercice de son activit\u00e9 commerciale ou professionnelle ind\u00e9pendante.<\/p><h2>2.PARTENAIRE CONTRACTUEL, CONCLUSION DU CONTRAT, OPTIONS DE CORRECTION<\/h2><p>Le contrat d&#8217;achat est conclu avec Designed for You.<\/p><p>En pla\u00e7ant les produits dans la boutique en ligne, nous faisons une offre ferme de conclure un contrat pour ces articles. Vous pouvez d&#8217;abord placer nos produits dans le panier sans obligation et corriger vos entr\u00e9es avant d&#8217;envoyer votre commande \u00e0 tout moment en utilisant les aides \u00e0 la correction fournies et expliqu\u00e9es dans le processus de commande. Le contrat est conclu lorsque vous cliquez sur le bouton de commande pour accepter l&#8217;offre relative aux marchandises contenues dans le panier. Imm\u00e9diatement apr\u00e8s l&#8217;envoi de la commande, vous recevrez une autre confirmation par e-mail.<\/p><h2>3. LANGAGE CONTRACTUEL, STOCKAGE DE TEXTES CONTRACTUELS<\/h2><p>Langue(s) disponible(s) pour la conclusion du contrat : allemand, anglais, fran\u00e7ais.<\/p><p>Nous sauvegardons le texte du contrat et vous envoyons les donn\u00e9es de la commande et nos conditions g\u00e9n\u00e9rales sous forme de texte. Vous pouvez consulter le texte du contrat dans notre espace client.<\/p><h2>4. CONDITIONS DE LIVRAISON<\/h2><p>Outre les prix indiqu\u00e9s pour les produits, des frais d&#8217;exp\u00e9dition peuvent \u00eatre appliqu\u00e9s. Les frais d&#8217;exp\u00e9dition sont indiqu\u00e9s dans les offres.<\/p><p>Nous ne livrons les marchandises que par voie maritime. Un enl\u00e8vement de la marchandise n&#8217;est malheureusement pas possible.<\/p><p>Nous ne livrons pas aux stations d&#8217;emballage.<\/p><h2>5. PAIEMENT<\/h2><p>Les modes de paiement suivants sont disponibles dans notre magasin :<\/p><p>Carte de cr\u00e9dit<\/p><p>Lors du processus de commande, vous indiquez les d\u00e9tails de votre carte de cr\u00e9dit et votre carte sera d\u00e9bit\u00e9e imm\u00e9diatement apr\u00e8s avoir pass\u00e9 la commande.<\/p><p>PayPal<\/p><p>Pour pouvoir r\u00e9gler le montant de la facture par l&#8217;interm\u00e9diaire du prestataire de services de paiement PayPal (Europe) S.\u00e0 r.l., S.C.A, 22-24 Boulevard Royal, L-2449 Luxembourg (&#8220;PayPal&#8221;), vous devez vous inscrire aupr\u00e8s de PayPal, vous authentifier \u00e0 l&#8217;aide de vos donn\u00e9es d&#8217;acc\u00e8s et confirmer l&#8217;ordre de paiement. La transaction de paiement sera effectu\u00e9e par PayPal imm\u00e9diatement apr\u00e8s la passation de la commande.<\/p><p>Virement bancaire<\/p><p>A l&#8217;issue de la commande<\/p><h2>6. R\u00c9SERVE DE PROPRI\u00c9T\u00c9<\/h2><p>Les marchandises restent notre propri\u00e9t\u00e9 jusqu&#8217;au paiement int\u00e9gral.<\/p><h2>7. LA GARANTIE ET LES GARANTIES<\/h2><h3>7.1 DROIT \u00c0 LA GARANTIE<\/h3><p>Le droit l\u00e9gal \u00e0 la responsabilit\u00e9 pour les d\u00e9fauts s&#8217;applique.<\/p><h3>7.2 GARANTIES ET SERVICE A LA CLIENTELE<\/h3><p>Les informations sur les garanties suppl\u00e9mentaires applicables et leurs conditions exactes figurent dans le produit et sur les pages d&#8217;informations sp\u00e9ciales de la boutique en ligne.<\/p><h2>8. PASSIF<\/h2><p>En cas de r\u00e9clamation pour des dommages caus\u00e9s par nous, nos repr\u00e9sentants l\u00e9gaux ou nos auxiliaires d&#8217;ex\u00e9cution, nous sommes toujours responsables sans limitation<\/p><p>* en cas d&#8217;atteinte \u00e0 la vie, \u00e0 l&#8217;int\u00e9grit\u00e9 physique ou \u00e0 la sant\u00e9,<\/p><p>* en cas de violation intentionnelle ou par n\u00e9gligence grave d&#8217;une obligation,<\/p><p>* en cas de promesses de garantie, si elles ont \u00e9t\u00e9 convenues, ou<\/p><p>* dans la mesure o\u00f9 le champ d&#8217;application de la loi sur la responsabilit\u00e9 du fait des produits est ouvert.<\/p><p>En cas de violation d&#8217;obligations contractuelles essentielles, dont le respect rend possible la bonne ex\u00e9cution du contrat et sur le respect desquelles le partenaire contractuel peut r\u00e9guli\u00e8rement compter, (obligations cardinales) par n\u00e9gligence l\u00e9g\u00e8re de notre part, la responsabilit\u00e9 de nos repr\u00e9sentants l\u00e9gaux ou de nos auxiliaires d&#8217;ex\u00e9cution est limit\u00e9e au montant du dommage pr\u00e9visible au moment de la conclusion du contrat et dont la survenance doit \u00eatre typiquement attendue.<\/p><p>Dans le cas contraire, les demandes de dommages-int\u00e9r\u00eats sont exclues.<\/p><p><!-- \/wp:paragraph --><\/p><p><!-- wp:paragraph --><\/p><h2>9. R\u00c8GLEMENT DES LITIGES<\/h2><p>La Commission europ\u00e9enne met \u00e0 disposition une plateforme de r\u00e9solution des litiges en ligne (ODR) qui peut \u00eatre consult\u00e9e \u00e0 l&#8217;adresse suivante : [https:\/\/ec.europa.eu\/consumers\/odr\/]. Nous ne sommes pas oblig\u00e9s de participer \u00e0 une proc\u00e9dure de r\u00e9solution des litiges devant une commission d&#8217;arbitrage des consommateurs et nous ne sommes pas dispos\u00e9s \u00e0 le faire.<\/p>\t\t\t\t\t\t\t\t<\/div>\n\t\t\t\t<\/div>\n\t\t\t\t\t<\/div>\n\t\t<\/div>\n\t\t\t\t\t<\/div>\n\t\t<\/section>\n\t\t\t\t<\/div>","protected":false},"excerpt":{"rendered":"<p>Conditions g\u00e9n\u00e9rales d&#8217;utilisation 1. CHAMP D&#8217;APPLICATION Toutes les commandes pass\u00e9es par l&#8217;interm\u00e9diaire de notre boutique en ligne sont soumises aux conditions g\u00e9n\u00e9rales suivantes. Le consommateur est toute personne physique qui conclut un acte juridique \u00e0 des fins qui ne peuvent \u00eatre attribu\u00e9es de mani\u00e8re pr\u00e9pond\u00e9rante \u00e0 son activit\u00e9 commerciale ou professionnelle ind\u00e9pendante. Un entrepreneur est [&hellip;]<\/p>","protected":false},"author":5,"featured_media":0,"parent":0,"menu_order":0,"comment_status":"closed","ping_status":"closed","template":"elementor_header_footer","meta":{"om_disable_all_campaigns":false,"footnotes":""},"class_list":["post-8114","page","type-page","status-publish","hentry"],"_links":{"self":[{"href":"https:\/\/designed4-you.com\/fr\/wp-json\/wp\/v2\/pages\/8114","targetHints":{"allow":["GET"]}}],"collection":[{"href":"https:\/\/designed4-you.com\/fr\/wp-json\/wp\/v2\/pages"}],"about":[{"href":"https:\/\/designed4-you.com\/fr\/wp-json\/wp\/v2\/types\/page"}],"author":[{"embeddable":true,"href":"https:\/\/designed4-you.com\/fr\/wp-json\/wp\/v2\/users\/5"}],"replies":[{"embeddable":true,"href":"https:\/\/designed4-you.com\/fr\/wp-json\/wp\/v2\/comments?post=8114"}],"version-history":[{"count":0,"href":"https:\/\/designed4-you.com\/fr\/wp-json\/wp\/v2\/pages\/8114\/revisions"}],"wp:attachment":[{"href":"https:\/\/designed4-you.com\/fr\/wp-json\/wp\/v2\/media?parent=8114"}],"curies":[{"name":"wp","href":"https:\/\/api.w.org\/{rel}","templated":true}]}}