{"id":8850,"date":"2024-03-23T18:18:50","date_gmt":"2024-03-23T18:18:50","guid":{"rendered":"https:\/\/designed4-you.com\/?page_id=8850"},"modified":"2024-04-04T16:54:49","modified_gmt":"2024-04-04T16:54:49","slug":"personnalisation","status":"publish","type":"page","link":"https:\/\/designed4-you.com\/fr\/personnalisation\/","title":{"rendered":"Personnalisation"},"content":{"rendered":"<div data-elementor-type=\"wp-page\" data-elementor-id=\"8850\" class=\"elementor elementor-8850\">\n\t\t\t\t\t\t<section class=\"elementor-section elementor-top-section elementor-element elementor-element-cdf7d62 elementor-section-boxed elementor-section-height-default elementor-section-height-default\" data-id=\"cdf7d62\" data-element_type=\"section\" data-e-type=\"section\" data-settings=\"{&quot;background_background&quot;:&quot;classic&quot;}\">\n\t\t\t\t\t\t\t<div class=\"elementor-background-overlay\"><\/div>\n\t\t\t\t\t\t\t<div class=\"elementor-container elementor-column-gap-default\">\n\t\t\t\t\t<div class=\"elementor-column elementor-col-100 elementor-top-column elementor-element elementor-element-837e9c6\" data-id=\"837e9c6\" data-element_type=\"column\" data-e-type=\"column\" data-settings=\"{&quot;background_background&quot;:&quot;slideshow&quot;,&quot;background_slideshow_gallery&quot;:[],&quot;background_slideshow_loop&quot;:&quot;yes&quot;,&quot;background_slideshow_slide_duration&quot;:5000,&quot;background_slideshow_slide_transition&quot;:&quot;fade&quot;,&quot;background_slideshow_transition_duration&quot;:500}\">\n\t\t\t<div class=\"elementor-widget-wrap elementor-element-populated\">\n\t\t\t\t\t\t<section class=\"elementor-section elementor-inner-section elementor-element elementor-element-17b536b elementor-section-full_width elementor-section-height-default elementor-section-height-default\" data-id=\"17b536b\" data-element_type=\"section\" data-e-type=\"section\">\n\t\t\t\t\t\t<div class=\"elementor-container elementor-column-gap-default\">\n\t\t\t\t\t<div class=\"elementor-column elementor-col-100 elementor-inner-column elementor-element elementor-element-df800a9\" data-id=\"df800a9\" data-element_type=\"column\" data-e-type=\"column\">\n\t\t\t<div class=\"elementor-widget-wrap elementor-element-populated\">\n\t\t\t\t\t\t<div class=\"elementor-element elementor-element-8fc8ea8 elementor-widget elementor-widget-elementskit-heading\" data-id=\"8fc8ea8\" data-element_type=\"widget\" data-e-type=\"widget\" data-widget_type=\"elementskit-heading.default\">\n\t\t\t\t<div class=\"elementor-widget-container\">\n\t\t\t\t\t<div class=\"ekit-wid-con\" ><div class=\"ekit-heading elementskit-section-title-wraper text_center   ekit_heading_tablet-   ekit_heading_mobile-\"><h2 class=\"ekit-heading--title elementskit-section-title\">Personnalisation<\/h2><\/div><\/div>\t\t\t\t<\/div>\n\t\t\t\t<\/div>\n\t\t\t\t\t<\/div>\n\t\t<\/div>\n\t\t\t\t\t<\/div>\n\t\t<\/section>\n\t\t\t\t\t<\/div>\n\t\t<\/div>\n\t\t\t\t\t<\/div>\n\t\t<\/section>\n\t\t\t\t<section class=\"elementor-section elementor-top-section elementor-element elementor-element-bdb3321 elementor-section-boxed elementor-section-height-default elementor-section-height-default\" data-id=\"bdb3321\" data-element_type=\"section\" data-e-type=\"section\">\n\t\t\t\t\t\t<div class=\"elementor-container elementor-column-gap-default\">\n\t\t\t\t\t<div class=\"elementor-column elementor-col-100 elementor-top-column elementor-element elementor-element-c9895de\" data-id=\"c9895de\" data-element_type=\"column\" data-e-type=\"column\">\n\t\t\t<div class=\"elementor-widget-wrap elementor-element-populated\">\n\t\t\t\t\t\t<div class=\"elementor-element elementor-element-cfcbaa8 elementor-widget elementor-widget-spacer\" data-id=\"cfcbaa8\" data-element_type=\"widget\" data-e-type=\"widget\" data-widget_type=\"spacer.default\">\n\t\t\t\t<div class=\"elementor-widget-container\">\n\t\t\t\t\t\t\t<div class=\"elementor-spacer\">\n\t\t\t<div class=\"elementor-spacer-inner\"><\/div>\n\t\t<\/div>\n\t\t\t\t\t\t<\/div>\n\t\t\t\t<\/div>\n\t\t\t\t\t<\/div>\n\t\t<\/div>\n\t\t\t\t\t<\/div>\n\t\t<\/section>\n\t\t\t\t<section class=\"elementor-section elementor-top-section elementor-element elementor-element-886bd88 elementor-section-content-middle elementor-section-boxed elementor-section-height-default elementor-section-height-default\" data-id=\"886bd88\" data-element_type=\"section\" data-e-type=\"section\">\n\t\t\t\t\t\t<div class=\"elementor-container elementor-column-gap-default\">\n\t\t\t\t\t<div class=\"elementor-column elementor-col-50 elementor-top-column elementor-element elementor-element-133dc49\" data-id=\"133dc49\" data-element_type=\"column\" data-e-type=\"column\">\n\t\t\t<div class=\"elementor-widget-wrap elementor-element-populated\">\n\t\t\t\t\t\t<div class=\"elementor-element elementor-element-0c75f32 elementor-widget elementor-widget-image\" data-id=\"0c75f32\" data-element_type=\"widget\" data-e-type=\"widget\" data-widget_type=\"image.default\">\n\t\t\t\t<div class=\"elementor-widget-container\">\n\t\t\t\t\t\t\t\t\t\t\t\t\t\t\t<img fetchpriority=\"high\" decoding=\"async\" width=\"2560\" height=\"1920\" src=\"https:\/\/designed4-you.com\/wp-content\/uploads\/2024\/03\/20231129_155443-002-scaled.jpg\" class=\"attachment-full size-full wp-image-8695\" alt=\"\" srcset=\"https:\/\/designed4-you.com\/wp-content\/uploads\/2024\/03\/20231129_155443-002-scaled.jpg 2560w, https:\/\/designed4-you.com\/wp-content\/uploads\/2024\/03\/20231129_155443-002-scaled-600x450.jpg 600w, https:\/\/designed4-you.com\/wp-content\/uploads\/2024\/03\/20231129_155443-002-300x225.jpg 300w, https:\/\/designed4-you.com\/wp-content\/uploads\/2024\/03\/20231129_155443-002-1024x768.jpg 1024w, https:\/\/designed4-you.com\/wp-content\/uploads\/2024\/03\/20231129_155443-002-768x576.jpg 768w, https:\/\/designed4-you.com\/wp-content\/uploads\/2024\/03\/20231129_155443-002-1536x1152.jpg 1536w, https:\/\/designed4-you.com\/wp-content\/uploads\/2024\/03\/20231129_155443-002-2048x1536.jpg 2048w\" sizes=\"(max-width: 2560px) 100vw, 2560px\" \/>\t\t\t\t\t\t\t\t\t\t\t\t\t\t\t<\/div>\n\t\t\t\t<\/div>\n\t\t\t\t\t<\/div>\n\t\t<\/div>\n\t\t\t\t<div class=\"elementor-column elementor-col-50 elementor-top-column elementor-element elementor-element-477ebeb\" data-id=\"477ebeb\" data-element_type=\"column\" data-e-type=\"column\">\n\t\t\t<div class=\"elementor-widget-wrap elementor-element-populated\">\n\t\t\t\t\t\t<div class=\"elementor-element elementor-element-f4bad97 elementor-widget elementor-widget-elementskit-heading\" data-id=\"f4bad97\" data-element_type=\"widget\" data-e-type=\"widget\" data-widget_type=\"elementskit-heading.default\">\n\t\t\t\t<div class=\"elementor-widget-container\">\n\t\t\t\t\t<div class=\"ekit-wid-con\" ><div class=\"ekit-heading elementskit-section-title-wraper text_left   ekit_heading_tablet-   ekit_heading_mobile-\"><h2 class=\"ekit-heading--title elementskit-section-title\">Vous cherchez quelque chose d\u2019original pour offrir ou pour vous-m\u00eame ?<\/h2>\t\t\t\t<div class='ekit-heading__description'>\n\t\t\t\t\t<p>Vous avez trouv\u00e9 une belle cr\u00e9ation sur le site, mais vous n\u2019aimez pas la couleur et la taille ne correspond pas<\/p>\n<p>Vous souhaitez offrir quelque chose d\u2019unique<\/p>\n<p>Pas de probl\u00e8me, en quelques semaines, vous pouvez obtenir l\u2019objet souhait\u00e9 \u00e0 la maison.<\/p>\n\t\t\t\t<\/div>\n\t\t\t<\/div><\/div>\t\t\t\t<\/div>\n\t\t\t\t<\/div>\n\t\t\t\t\t<\/div>\n\t\t<\/div>\n\t\t\t\t\t<\/div>\n\t\t<\/section>\n\t\t\t\t<section class=\"elementor-section elementor-top-section elementor-element elementor-element-1857666 elementor-section-content-middle elementor-section-boxed elementor-section-height-default elementor-section-height-default\" data-id=\"1857666\" data-element_type=\"section\" data-e-type=\"section\">\n\t\t\t\t\t\t<div class=\"elementor-container elementor-column-gap-default\">\n\t\t\t\t\t<div class=\"elementor-column elementor-col-50 elementor-top-column elementor-element elementor-element-7fd1011\" data-id=\"7fd1011\" data-element_type=\"column\" data-e-type=\"column\">\n\t\t\t<div class=\"elementor-widget-wrap elementor-element-populated\">\n\t\t\t\t\t\t<div class=\"elementor-element elementor-element-76c4af8 elementor-widget elementor-widget-elementskit-heading\" data-id=\"76c4af8\" data-element_type=\"widget\" data-e-type=\"widget\" data-widget_type=\"elementskit-heading.default\">\n\t\t\t\t<div class=\"elementor-widget-container\">\n\t\t\t\t\t<div class=\"ekit-wid-con\" ><div class=\"ekit-heading elementskit-section-title-wraper text_left   ekit_heading_tablet-   ekit_heading_mobile-\"><h2 class=\"ekit-heading--title elementskit-section-title\">Exemples<\/h2>\t\t\t\t<div class='ekit-heading__description'>\n\t\t\t\t\t<p>Si vous \u00eates int\u00e9ress\u00e9 par une sculpture de chien et que nous n'avons que des chats en stock, nous pouvons quand m\u00eame cr\u00e9er une sculpture de chien pour vous.<\/p>\n<p>Si vous souhaitez une tasse avec des couleurs souhait\u00e9es,<br \/>c'est \u00e9galement possible, car chaque pi\u00e8ce est unique.<\/p>\n\t\t\t\t<\/div>\n\t\t\t<\/div><\/div>\t\t\t\t<\/div>\n\t\t\t\t<\/div>\n\t\t\t\t<div class=\"elementor-element elementor-element-9944eff text-para elementor-widget elementor-widget-text-editor\" data-id=\"9944eff\" data-element_type=\"widget\" data-e-type=\"widget\" data-widget_type=\"text-editor.default\">\n\t\t\t\t<div class=\"elementor-widget-container\">\n\t\t\t\t\t\t\t\t\t<h3><strong><b> Cr\u00e9ation locale<\/b><\/strong><\/h3><p>Nous avons cr\u00e9\u00e9 Designed for You pour soutenir la cr\u00e9ation locale, allemande et fran\u00e7aise<\/p><h3><b>Personnalisation<\/b><\/h3><p>Nous avons cr\u00e9\u00e9 cette marque pour expliquer que toutes les cr\u00e9ations peuvent \u00eatre adapt\u00e9es \u00e0 vos besoins et go\u00fbts individuels<\/p><h3><b>Flexibilit\u00e9<\/b><\/h3><p>Nous travaillons avec diff\u00e9rents artisans afin que nous soyons flexibles et que nous puissions<br \/>personnaliser les cr\u00e9ations.<\/p>\t\t\t\t\t\t\t\t<\/div>\n\t\t\t\t<\/div>\n\t\t\t\t\t<\/div>\n\t\t<\/div>\n\t\t\t\t<div class=\"elementor-column elementor-col-50 elementor-top-column elementor-element elementor-element-166107e\" data-id=\"166107e\" data-element_type=\"column\" data-e-type=\"column\">\n\t\t\t<div class=\"elementor-widget-wrap elementor-element-populated\">\n\t\t\t\t\t\t<div class=\"elementor-element elementor-element-cc028c8 elementor-widget elementor-widget-image\" data-id=\"cc028c8\" data-element_type=\"widget\" data-e-type=\"widget\" data-widget_type=\"image.default\">\n\t\t\t\t<div class=\"elementor-widget-container\">\n\t\t\t\t\t\t\t\t\t\t\t\t\t\t\t<img decoding=\"async\" width=\"751\" height=\"750\" src=\"https:\/\/designed4-you.com\/wp-content\/uploads\/2024\/03\/chiens.jpg\" class=\"attachment-full size-full wp-image-8694\" alt=\"\" srcset=\"https:\/\/designed4-you.com\/wp-content\/uploads\/2024\/03\/chiens.jpg 751w, https:\/\/designed4-you.com\/wp-content\/uploads\/2024\/03\/chiens-300x300.jpg 300w, https:\/\/designed4-you.com\/wp-content\/uploads\/2024\/03\/chiens-100x100.jpg 100w, https:\/\/designed4-you.com\/wp-content\/uploads\/2024\/03\/chiens-600x599.jpg 600w, https:\/\/designed4-you.com\/wp-content\/uploads\/2024\/03\/chiens-150x150.jpg 150w\" sizes=\"(max-width: 751px) 100vw, 751px\" \/>\t\t\t\t\t\t\t\t\t\t\t\t\t\t\t<\/div>\n\t\t\t\t<\/div>\n\t\t\t\t\t<\/div>\n\t\t<\/div>\n\t\t\t\t\t<\/div>\n\t\t<\/section>\n\t\t\t\t<section class=\"elementor-section elementor-top-section elementor-element elementor-element-10bdd86 elementor-section-content-middle elementor-section-boxed elementor-section-height-default elementor-section-height-default\" data-id=\"10bdd86\" data-element_type=\"section\" data-e-type=\"section\">\n\t\t\t\t\t\t<div class=\"elementor-container elementor-column-gap-default\">\n\t\t\t\t\t<div class=\"elementor-column elementor-col-50 elementor-top-column elementor-element elementor-element-cfe93dd\" data-id=\"cfe93dd\" data-element_type=\"column\" data-e-type=\"column\" data-settings=\"{&quot;background_background&quot;:&quot;classic&quot;}\">\n\t\t\t<div class=\"elementor-widget-wrap elementor-element-populated\">\n\t\t\t\t\t<div class=\"elementor-background-overlay\"><\/div>\n\t\t\t\t\t\t<div class=\"elementor-element elementor-element-2353485 elementor-widget elementor-widget-text-editor\" data-id=\"2353485\" data-element_type=\"widget\" data-e-type=\"widget\" data-widget_type=\"text-editor.default\">\n\t\t\t\t<div class=\"elementor-widget-container\">\n\t\t\t\t\t\t\t\t\t<p>Comment \u00e7a marche\u00a0:<\/p><ol><li>Remplissez le formulaire ou contactez-nous par e-mail :<\/li><li>Nous vous contacterons pour comprendre votre demande en d\u00e9tail<\/li><li>Vous pouvez pr\u00e9commander le produit ou payer un acompte<\/li><li>Vous recevrez votre produit quelques semaines plus tard \u00e0 la maison<\/li><\/ol>\t\t\t\t\t\t\t\t<\/div>\n\t\t\t\t<\/div>\n\t\t\t\t\t<\/div>\n\t\t<\/div>\n\t\t\t\t<div class=\"elementor-column elementor-col-50 elementor-top-column elementor-element elementor-element-a8e4cae\" data-id=\"a8e4cae\" data-element_type=\"column\" data-e-type=\"column\">\n\t\t\t<div class=\"elementor-widget-wrap elementor-element-populated\">\n\t\t\t\t\t\t<div class=\"elementor-element elementor-element-4f7e26c elementor-widget elementor-widget-shortcode\" data-id=\"4f7e26c\" data-element_type=\"widget\" data-e-type=\"widget\" data-widget_type=\"shortcode.default\">\n\t\t\t\t<div class=\"elementor-widget-container\">\n\t\t\t\t\t\t\t<div class=\"elementor-shortcode\"><p class=\"wpcf7-contact-form-not-found\"><strong>Erreur\u00a0:<\/strong> Formulaire de contact non trouv\u00e9\u00a0!<\/p><\/div>\n\t\t\t\t\t\t<\/div>\n\t\t\t\t<\/div>\n\t\t\t\t\t<\/div>\n\t\t<\/div>\n\t\t\t\t\t<\/div>\n\t\t<\/section>\n\t\t\t\t<\/div>","protected":false},"excerpt":{"rendered":"<p>Personnalisation Vous cherchez quelque chose d\u2019original pour offrir ou pour vous-m\u00eame ? Vous avez trouv\u00e9 une belle cr\u00e9ation sur le site, mais vous n\u2019aimez pas la couleur et la taille ne correspond pas Vous souhaitez offrir quelque chose d\u2019unique Pas de probl\u00e8me, en quelques semaines, vous pouvez obtenir l\u2019objet souhait\u00e9 \u00e0 la maison. Exemples Si [&hellip;]<\/p>","protected":false},"author":5,"featured_media":0,"parent":0,"menu_order":0,"comment_status":"closed","ping_status":"closed","template":"elementor_header_footer","meta":{"om_disable_all_campaigns":false,"footnotes":""},"class_list":["post-8850","page","type-page","status-publish","hentry"],"_links":{"self":[{"href":"https:\/\/designed4-you.com\/fr\/wp-json\/wp\/v2\/pages\/8850","targetHints":{"allow":["GET"]}}],"collection":[{"href":"https:\/\/designed4-you.com\/fr\/wp-json\/wp\/v2\/pages"}],"about":[{"href":"https:\/\/designed4-you.com\/fr\/wp-json\/wp\/v2\/types\/page"}],"author":[{"embeddable":true,"href":"https:\/\/designed4-you.com\/fr\/wp-json\/wp\/v2\/users\/5"}],"replies":[{"embeddable":true,"href":"https:\/\/designed4-you.com\/fr\/wp-json\/wp\/v2\/comments?post=8850"}],"version-history":[{"count":0,"href":"https:\/\/designed4-you.com\/fr\/wp-json\/wp\/v2\/pages\/8850\/revisions"}],"wp:attachment":[{"href":"https:\/\/designed4-you.com\/fr\/wp-json\/wp\/v2\/media?parent=8850"}],"curies":[{"name":"wp","href":"https:\/\/api.w.org\/{rel}","templated":true}]}}