{"id":8386,"date":"2024-03-06T00:01:39","date_gmt":"2024-03-06T00:01:39","guid":{"rendered":"https:\/\/recup.designed4-you.com\/?post_type=product&#038;p=8386"},"modified":"2026-04-18T10:43:59","modified_gmt":"2026-04-18T10:43:59","slug":"mug-bicolore-fait-main","status":"publish","type":"product","link":"https:\/\/designed4-you.com\/fr\/produit\/mug-bicolore-fait-main\/","title":{"rendered":"Mug bicolore fait main"},"content":{"rendered":"<p>Un objet tr\u00e8s utile pour bien commencer la journ\u00e9e !<br \/>\nCette tasse en c\u00e9ramique unique bicolore est facile \u00e0 utiliser et convient aussi bien pour le th\u00e9 que pour le caf\u00e9.<br \/>\nIl est agr\u00e9able \u00e0 tenir et permet une bonne prise en main.<br \/>\nLes couleurs belles et tendance sont en gla\u00e7ures color\u00e9es avec une ligne de c\u00e9ramique non \u00e9maill\u00e9e entre les deux couleurs.<br \/>\nCe mug est un magnifique produit en c\u00e9ramique fait main, fabriqu\u00e9 en Allemagne, dans la campagne sarroise!<br \/>\nC\u2019est le cadeau parfait pour vous, votre famille ou vos amis! Et c\u2019est \u00e9cologique !<\/p>","protected":false},"excerpt":{"rendered":"<p>Ce mug en c\u00e9ramique bicolore est un beau produit fait \u00e0 la main.<br \/>\nIl est tr\u00e8s facile \u00e0 utiliser, est agr\u00e9able \u00e0 tenir et permet une bonne prise en main.<br \/>\nC\u2019est le cadeau parfait pour vous, votre famille ou vos amis! Et c\u2019est \u00e9cologique !<br \/>\nLes dimensions sont:<br \/>\nContenant: 20cl<br \/>\nHauteur: 9,5cm<br \/>\nDiam\u00e8tre: 8cm<br \/>\nMaterial: c\u00e9ramique<\/p>","protected":false},"featured_media":6288,"comment_status":"open","ping_status":"closed","template":"","meta":{"om_disable_all_campaigns":false},"product_brand":[],"product_cat":[762],"product_tag":[],"class_list":{"0":"post-8386","1":"product","2":"type-product","3":"status-publish","4":"has-post-thumbnail","6":"product_cat-art-de-la-table","7":"product_shipping_class-m-fr-de-fr","8":"product_shipping_class-s-fr-fr","9":"product_shipping_class-xl-fr","10":"pa_material-ceramic-en","12":"first","13":"instock","14":"taxable","15":"shipping-taxable","16":"purchasable","17":"product-type-variable"},"_links":{"self":[{"href":"https:\/\/designed4-you.com\/fr\/wp-json\/wp\/v2\/product\/8386","targetHints":{"allow":["GET"]}}],"collection":[{"href":"https:\/\/designed4-you.com\/fr\/wp-json\/wp\/v2\/product"}],"about":[{"href":"https:\/\/designed4-you.com\/fr\/wp-json\/wp\/v2\/types\/product"}],"replies":[{"embeddable":true,"href":"https:\/\/designed4-you.com\/fr\/wp-json\/wp\/v2\/comments?post=8386"}],"version-history":[{"count":0,"href":"https:\/\/designed4-you.com\/fr\/wp-json\/wp\/v2\/product\/8386\/revisions"}],"wp:featuredmedia":[{"embeddable":true,"href":"https:\/\/designed4-you.com\/fr\/wp-json\/wp\/v2\/media\/6288"}],"wp:attachment":[{"href":"https:\/\/designed4-you.com\/fr\/wp-json\/wp\/v2\/media?parent=8386"}],"wp:term":[{"taxonomy":"product_brand","embeddable":true,"href":"https:\/\/designed4-you.com\/fr\/wp-json\/wp\/v2\/product_brand?post=8386"},{"taxonomy":"product_cat","embeddable":true,"href":"https:\/\/designed4-you.com\/fr\/wp-json\/wp\/v2\/product_cat?post=8386"},{"taxonomy":"product_tag","embeddable":true,"href":"https:\/\/designed4-you.com\/fr\/wp-json\/wp\/v2\/product_tag?post=8386"}],"curies":[{"name":"wp","href":"https:\/\/api.w.org\/{rel}","templated":true}]}}