{"id":9015,"date":"2024-04-02T02:30:44","date_gmt":"2024-04-02T02:30:44","guid":{"rendered":"https:\/\/designed4-you.com\/?post_type=product&#038;p=9015"},"modified":"2026-03-28T12:22:06","modified_gmt":"2026-03-28T12:22:06","slug":"pochette-noire-a-rayures-grises-et-blanches","status":"publish","type":"product","link":"https:\/\/designed4-you.com\/fr\/produit\/pochette-noire-a-rayures-grises-et-blanches\/","title":{"rendered":"Pochette noire \u00e0 rayures grises et blanches"},"content":{"rendered":"<p>Cette jolie pochette noire \u00e0 rayures grises et blanches avec anse est tr\u00e8s \u00e9l\u00e9gante et pratique.<\/p>\n<p>La base carr\u00e9e permet \u00e0 la pochette de tenir debout seule.<\/p>\n<p>L\u2019ext\u00e9rieur de la pochette est en coton, et enti\u00e8rement doubl\u00e9 d\u2019un tissu de coton jaune et dot\u00e9 d\u2019une fermeture \u00e9clair blanche, d\u2019un pompon blanc et d\u2019une anse blanche.<\/p>\n<p>Elle est parfaite comme sac \u00e0 main, kit de voyage ou accessoire de sac.<\/p>\n<p>Ce produit unique, bas\u00e9 sur \u00ab l\u2019upcycling, r\u00e9utilisation d\u2019objets \u00bb et est fait \u00e0 la main en France, en Moselle, dans le Grand Est.<\/p>\n<p>Cette belle pochette est le cadeau parfait pour vous, votre famille ou vos amis. Il peut \u00eatre combin\u00e9 avec un joli porte-monnaie.<\/p>","protected":false},"excerpt":{"rendered":"<p>Cette pochette \u00e9l\u00e9gante \u00e0 rayures grises et blanches avec anse est un produit unique bas\u00e9 sur \u00ab l\u2019upcycling, r\u00e9utilisation d\u2019objets \u00bb Il est fait \u00e0 la main en France, en Moselle, dans le Grand Est.<\/p>\n<p>Il est parfait comme sac \u00e0 main, kit de voyage ou accessoire de sac.<\/p>\n<p>Les dimensions sont :<\/p>\n<p>Largeur : 24 cm + 25,5 cm avec la poign\u00e9e anse<\/p>\n<p>Profondeur : 8 cm<\/p>\n<p>Hauteur : 16 cm<\/p>\n<p>Poids: 100 g<\/p>\n<p><strong>Mat\u00e9riaux: <\/strong>\u00a0Coton, similicuir, Polyamide<\/p>","protected":false},"featured_media":2323,"comment_status":"open","ping_status":"closed","template":"","meta":{"om_disable_all_campaigns":false},"product_brand":[],"product_cat":[706,710],"product_tag":[],"class_list":{"0":"post-9015","1":"product","2":"type-product","3":"status-publish","4":"has-post-thumbnail","6":"product_cat-accessoires-fr","7":"product_cat-sacs","8":"product_shipping_class-m-fr","9":"product_shipping_class-s-fr-fr","10":"product_shipping_class-xl-fr","11":"pa_color-black-fr","12":"pa_material-cotton-en","13":"pa_material-imitation-leather-en","14":"pa_material-polyamide-en","16":"first","17":"instock","18":"taxable","19":"shipping-taxable","20":"purchasable","21":"product-type-simple"},"_links":{"self":[{"href":"https:\/\/designed4-you.com\/fr\/wp-json\/wp\/v2\/product\/9015","targetHints":{"allow":["GET"]}}],"collection":[{"href":"https:\/\/designed4-you.com\/fr\/wp-json\/wp\/v2\/product"}],"about":[{"href":"https:\/\/designed4-you.com\/fr\/wp-json\/wp\/v2\/types\/product"}],"replies":[{"embeddable":true,"href":"https:\/\/designed4-you.com\/fr\/wp-json\/wp\/v2\/comments?post=9015"}],"version-history":[{"count":0,"href":"https:\/\/designed4-you.com\/fr\/wp-json\/wp\/v2\/product\/9015\/revisions"}],"wp:featuredmedia":[{"embeddable":true,"href":"https:\/\/designed4-you.com\/fr\/wp-json\/wp\/v2\/media\/2323"}],"wp:attachment":[{"href":"https:\/\/designed4-you.com\/fr\/wp-json\/wp\/v2\/media?parent=9015"}],"wp:term":[{"taxonomy":"product_brand","embeddable":true,"href":"https:\/\/designed4-you.com\/fr\/wp-json\/wp\/v2\/product_brand?post=9015"},{"taxonomy":"product_cat","embeddable":true,"href":"https:\/\/designed4-you.com\/fr\/wp-json\/wp\/v2\/product_cat?post=9015"},{"taxonomy":"product_tag","embeddable":true,"href":"https:\/\/designed4-you.com\/fr\/wp-json\/wp\/v2\/product_tag?post=9015"}],"curies":[{"name":"wp","href":"https:\/\/api.w.org\/{rel}","templated":true}]}}