{"id":9019,"date":"2024-04-02T02:54:34","date_gmt":"2024-04-02T02:54:34","guid":{"rendered":"https:\/\/designed4-you.com\/?post_type=product&#038;p=9019"},"modified":"2026-02-09T02:36:38","modified_gmt":"2026-02-09T02:36:38","slug":"sac-cabas-noir-a-paillette-avec-incrustation-de-tetes-de-chats-a-motifs-van-gogh","status":"publish","type":"product","link":"https:\/\/designed4-you.com\/fr\/produit\/sac-cabas-noir-a-paillette-avec-incrustation-de-tetes-de-chats-a-motifs-van-gogh\/","title":{"rendered":"Sac cabas noir \u00e0 paillette avec incrustation de t\u00eates de chats \u00e0 motifs Van gogh"},"content":{"rendered":"<p>Ce sac cabas noir \u00e0 paillettes a des incrustations de des t\u00eates de chat et un motif Van Gogh.<\/p>\n<p>Il est livr\u00e9 avec des poign\u00e9es en cuir noir et comprend une fermeture magn\u00e9tique. L\u2019ext\u00e9rieur du sac est en tissu imitation cuir, il est enti\u00e8rement doubl\u00e9 d\u2019un beau tissu de coton bleu turquoise et a une poche int\u00e9rieure.<\/p>\n<p>C\u2019est le sac de tous les jours, pratique pour faire ses courses, id\u00e9al \u00e0 utiliser pendant le week-end ou pour se promener.<\/p>\n<p>Vous pouvez \u00e9galement le porter pendant toutes les saisons. C\u2019est un sac utile unique et agr\u00e9able pour votre vie quotidienne.<\/p>\n<p>Ce beau sac est un produit unique, fait \u00e0 la main dans le sud de la France, en Provence, sur la C\u00f4te d\u2019Azur.<\/p>","protected":false},"excerpt":{"rendered":"<p>Ce beau sac est un produit unique, fait \u00e0 la main dans le sud de la France, en Provence, sur la C\u00f4te d\u2019Azur.<\/p>\n<p>Les dimensions sont\u00a0:<\/p>\n<p>Largeur\u00a0: 35 cm<\/p>\n<p>Profondeur\u00a0: 10 cm<\/p>\n<p>Hauteur\u00a0: 39 cm<\/p>\n<p>Poids\u00a0: 372 g<\/p>\n<p><strong>Mat\u00e9riaux: <\/strong>similicuir, cuir, coton<\/p>","protected":false},"featured_media":2396,"comment_status":"open","ping_status":"closed","template":"","meta":{"om_disable_all_campaigns":false},"product_brand":[],"product_cat":[706,710],"product_tag":[],"class_list":{"0":"post-9019","1":"product","2":"type-product","3":"status-publish","4":"has-post-thumbnail","6":"product_cat-accessoires-fr","7":"product_cat-sacs","8":"product_shipping_class-m-fr-de-fr","9":"product_shipping_class-s-fr-fr","10":"product_shipping_class-xl-fr","11":"pa_color-black-fr","12":"pa_material-cotton-en","13":"pa_material-imitation-leather-en","14":"pa_material-leather-en","16":"first","17":"instock","18":"taxable","19":"shipping-taxable","20":"purchasable","21":"product-type-simple"},"_links":{"self":[{"href":"https:\/\/designed4-you.com\/fr\/wp-json\/wp\/v2\/product\/9019","targetHints":{"allow":["GET"]}}],"collection":[{"href":"https:\/\/designed4-you.com\/fr\/wp-json\/wp\/v2\/product"}],"about":[{"href":"https:\/\/designed4-you.com\/fr\/wp-json\/wp\/v2\/types\/product"}],"replies":[{"embeddable":true,"href":"https:\/\/designed4-you.com\/fr\/wp-json\/wp\/v2\/comments?post=9019"}],"version-history":[{"count":0,"href":"https:\/\/designed4-you.com\/fr\/wp-json\/wp\/v2\/product\/9019\/revisions"}],"wp:featuredmedia":[{"embeddable":true,"href":"https:\/\/designed4-you.com\/fr\/wp-json\/wp\/v2\/media\/2396"}],"wp:attachment":[{"href":"https:\/\/designed4-you.com\/fr\/wp-json\/wp\/v2\/media?parent=9019"}],"wp:term":[{"taxonomy":"product_brand","embeddable":true,"href":"https:\/\/designed4-you.com\/fr\/wp-json\/wp\/v2\/product_brand?post=9019"},{"taxonomy":"product_cat","embeddable":true,"href":"https:\/\/designed4-you.com\/fr\/wp-json\/wp\/v2\/product_cat?post=9019"},{"taxonomy":"product_tag","embeddable":true,"href":"https:\/\/designed4-you.com\/fr\/wp-json\/wp\/v2\/product_tag?post=9019"}],"curies":[{"name":"wp","href":"https:\/\/api.w.org\/{rel}","templated":true}]}}