{"id":9023,"date":"2024-04-02T03:09:37","date_gmt":"2024-04-02T03:09:37","guid":{"rendered":"https:\/\/designed4-you.com\/?post_type=product&#038;p=9023"},"modified":"2024-04-02T03:19:19","modified_gmt":"2024-04-02T03:19:19","slug":"pochette-pailletee-en-velours-noire-avec-couronne-doree-incrustee","status":"publish","type":"product","link":"https:\/\/designed4-you.com\/fr\/produit\/pochette-pailletee-en-velours-noire-avec-couronne-doree-incrustee\/","title":{"rendered":"Pochette paillet\u00e9e en velours noire avec couronne dor\u00e9e incrust\u00e9e"},"content":{"rendered":"<p>Cette belle pochette \u00e0 paillettes avec couronne et poign\u00e9e dor\u00e9es est tr\u00e8s \u00e9l\u00e9gante et pratique. La base carr\u00e9e permet \u00e0 la pochette de tenir debout seule.<\/p>\n<p>L\u2019ext\u00e9rieur de la pochette est fait en coton, est enti\u00e8rement doubl\u00e9 d\u2019un tissu floral en coton et dot\u00e9e d\u2019une fermeture \u00e9clair paillet\u00e9e, d\u2019un pompon blanc et d\u2019une dor\u00e9e.<\/p>\n<p>Il est parfait comme sac \u00e0 main, kit de voyage ou accessoire de sac.<\/p>\n<p>Ce produit unique, bas\u00e9 sur \u00ab l\u2019upcycling, recyclage \u00bb et est fait \u00e0 la main en France, en Moselle, dans le Grand Est.<\/p>\n<p>Cette belle pochette est le cadeau parfait pour vous, votre famille ou vos amis. Il peut \u00eatre combin\u00e9 avec un joli porte-monnaie.<\/p>","protected":false},"excerpt":{"rendered":"<p>Cette belle pochette paillet\u00e9e avec une couronne dor\u00e9e paillet\u00e9e est un produit unique bas\u00e9 sur \u00ab l\u2019upcycling, r\u00e9utilisation d\u2019objets \u00bb Il est fait \u00e0 la main en France, en Moselle, dans le Grand Est.<\/p>\n<p>Il est parfait comme sac \u00e0 main, kit de voyage ou accessoire de sac.<\/p>\n<p>Les dimensions sont\u00a0:<\/p>\n<p>Largeur\u00a0: 24,5 cm + 24 cm pour la poign\u00e9e<\/p>\n<p>Profondeur\u00a0: 8 cm<\/p>\n<p>Hauteur\u00a0: 17 cm<\/p>\n<p>Poids: 94 g<\/p>\n<p><strong>Mat\u00e9riaux<\/strong>: coton, autres mat\u00e9riaux<\/p>","protected":false},"featured_media":2252,"comment_status":"open","ping_status":"closed","template":"","meta":{"om_disable_all_campaigns":false},"product_brand":[],"product_cat":[706,710],"product_tag":[],"class_list":{"0":"post-9023","1":"product","2":"type-product","3":"status-publish","4":"has-post-thumbnail","6":"product_cat-accessoires-fr","7":"product_cat-sacs","8":"product_shipping_class-m-fr-de-fr","9":"product_shipping_class-s-fr-fr","10":"product_shipping_class-xl-fr","11":"pa_color-black-fr","12":"pa_material-cotton-en","13":"pa_material-other-material-en","15":"first","16":"instock","17":"taxable","18":"shipping-taxable","19":"purchasable","20":"product-type-simple"},"_links":{"self":[{"href":"https:\/\/designed4-you.com\/fr\/wp-json\/wp\/v2\/product\/9023","targetHints":{"allow":["GET"]}}],"collection":[{"href":"https:\/\/designed4-you.com\/fr\/wp-json\/wp\/v2\/product"}],"about":[{"href":"https:\/\/designed4-you.com\/fr\/wp-json\/wp\/v2\/types\/product"}],"replies":[{"embeddable":true,"href":"https:\/\/designed4-you.com\/fr\/wp-json\/wp\/v2\/comments?post=9023"}],"version-history":[{"count":0,"href":"https:\/\/designed4-you.com\/fr\/wp-json\/wp\/v2\/product\/9023\/revisions"}],"wp:featuredmedia":[{"embeddable":true,"href":"https:\/\/designed4-you.com\/fr\/wp-json\/wp\/v2\/media\/2252"}],"wp:attachment":[{"href":"https:\/\/designed4-you.com\/fr\/wp-json\/wp\/v2\/media?parent=9023"}],"wp:term":[{"taxonomy":"product_brand","embeddable":true,"href":"https:\/\/designed4-you.com\/fr\/wp-json\/wp\/v2\/product_brand?post=9023"},{"taxonomy":"product_cat","embeddable":true,"href":"https:\/\/designed4-you.com\/fr\/wp-json\/wp\/v2\/product_cat?post=9023"},{"taxonomy":"product_tag","embeddable":true,"href":"https:\/\/designed4-you.com\/fr\/wp-json\/wp\/v2\/product_tag?post=9023"}],"curies":[{"name":"wp","href":"https:\/\/api.w.org\/{rel}","templated":true}]}}