{"id":9076,"date":"2024-04-03T05:30:32","date_gmt":"2024-04-03T05:30:32","guid":{"rendered":"https:\/\/designed4-you.com\/?post_type=product&#038;p=9076"},"modified":"2024-04-03T11:03:58","modified_gmt":"2024-04-03T11:03:58","slug":"patere-lapin-en-papier-mache","status":"publish","type":"product","link":"https:\/\/designed4-you.com\/fr\/produit\/patere-lapin-en-papier-mache\/","title":{"rendered":"Pat\u00e8re Lapin en papier m\u00e2ch\u00e9"},"content":{"rendered":"<p>Une \u0153uvre d\u2019art utile et jolie pour accrocher manteaux et vestes.<\/p>\n<p>Cette pat\u00e8re avec sa silhouette de lapin ravira les enfants et les adultes et ajoutera une touche d\u2019originalit\u00e9 \u00e0 votre int\u00e9rieur !<\/p>\n<p>Cette sculpture en papier m\u00e2ch\u00e9 est faite de papier journal, c\u2019est un produit \u00e9cologique et m\u00eame bas\u00e9 sur le \u00ab l\u2019upcycling, recyclage \u00bb ! Pour finaliser son travail (pointes par exemple), l\u2019artiste utilise m\u00eame du papier hygi\u00e9nique.<\/p>\n<p>Il apportera une touche de fantaisie et de d\u00e9coration \u00e0 votre garde-robe. C\u2019est le cadeau parfait pour vous, votre famille ou vos amis ! Et c\u2019est \u00e9cologique !<\/p>\n<p>Ce porte manteau est une pi\u00e8ce d\u2019art jolie et utile et un produit unique fait \u00e0 la main, fabriqu\u00e9 en Allemagne, en Rh\u00e9nanie palatinat.<\/p>","protected":false},"excerpt":{"rendered":"<p>Une \u0153uvre d\u2019art utile et jolie pour accrocher manteaux et vestes !<\/p>\n<p>Cette pat\u00e8re, porte manteau est une pi\u00e8ce d\u2019art belle et utile et un produit unique fait \u00e0 la main en papier m\u00e2ch\u00e9. Il apportera une touche de fantaisie et de d\u00e9coration \u00e0 votre garde-robe. C\u2019est le cadeau parfait pour vous, votre famille ou vos amis ! Et c\u2019est \u00e9cologique !<\/p>\n<p>Les dimensions sont :<\/p>\n<p>Largeur : 10 cm<\/p>\n<p>Profondeur : 7 cm<\/p>\n<p>Hauteur : 19,5 cm<\/p>\n<p>Poids : 56 g<\/p>\n<p><strong>Mat\u00e9riaux<\/strong>: papier-m\u00e2ch\u00e9, plastique<\/p>","protected":false},"featured_media":3927,"comment_status":"open","ping_status":"closed","template":"","meta":{"om_disable_all_campaigns":false},"product_brand":[],"product_cat":[730,746],"product_tag":[],"class_list":{"0":"post-9076","1":"product","2":"type-product","3":"status-publish","4":"has-post-thumbnail","6":"product_cat-decoration-fr","7":"product_cat-sculpture-fr","8":"product_shipping_class-m-fr-de-fr","9":"product_shipping_class-s-fr-fr","10":"product_shipping_class-xl-fr","11":"pa_color-beige-fr","12":"pa_color-black-fr","13":"pa_material-papier-mache-en","14":"pa_material-plastic-en","16":"first","17":"instock","18":"taxable","19":"shipping-taxable","20":"purchasable","21":"product-type-simple"},"_links":{"self":[{"href":"https:\/\/designed4-you.com\/fr\/wp-json\/wp\/v2\/product\/9076","targetHints":{"allow":["GET"]}}],"collection":[{"href":"https:\/\/designed4-you.com\/fr\/wp-json\/wp\/v2\/product"}],"about":[{"href":"https:\/\/designed4-you.com\/fr\/wp-json\/wp\/v2\/types\/product"}],"replies":[{"embeddable":true,"href":"https:\/\/designed4-you.com\/fr\/wp-json\/wp\/v2\/comments?post=9076"}],"version-history":[{"count":0,"href":"https:\/\/designed4-you.com\/fr\/wp-json\/wp\/v2\/product\/9076\/revisions"}],"wp:featuredmedia":[{"embeddable":true,"href":"https:\/\/designed4-you.com\/fr\/wp-json\/wp\/v2\/media\/3927"}],"wp:attachment":[{"href":"https:\/\/designed4-you.com\/fr\/wp-json\/wp\/v2\/media?parent=9076"}],"wp:term":[{"taxonomy":"product_brand","embeddable":true,"href":"https:\/\/designed4-you.com\/fr\/wp-json\/wp\/v2\/product_brand?post=9076"},{"taxonomy":"product_cat","embeddable":true,"href":"https:\/\/designed4-you.com\/fr\/wp-json\/wp\/v2\/product_cat?post=9076"},{"taxonomy":"product_tag","embeddable":true,"href":"https:\/\/designed4-you.com\/fr\/wp-json\/wp\/v2\/product_tag?post=9076"}],"curies":[{"name":"wp","href":"https:\/\/api.w.org\/{rel}","templated":true}]}}