{"id":9084,"date":"2024-04-03T05:41:29","date_gmt":"2024-04-03T05:41:29","guid":{"rendered":"https:\/\/designed4-you.com\/?post_type=product&#038;p=9084"},"modified":"2024-06-13T14:51:37","modified_gmt":"2024-06-13T14:51:37","slug":"sculpture-et-cale-porte-en-forme-de-chat","status":"publish","type":"product","link":"https:\/\/designed4-you.com\/fr\/produit\/sculpture-et-cale-porte-en-forme-de-chat\/","title":{"rendered":"Sculpture et cale-porte en forme de chat"},"content":{"rendered":"<p>Cette sculpture de chat est agr\u00e9able au toucher et unique. Elle apporte le charme du sud de la France \u00e0 votre d\u00e9coration int\u00e9rieure et est une source d&#8217;inspiration parfaite pour votre design d&#8217;int\u00e9rieur !<\/p>\n<p>Pour assurer la stabilit\u00e9 de l&#8217;\u0153uvre d&#8217;art, les pieds sont en mati\u00e8re min\u00e9rale naturelle, et le reste de la structure est en fibre.<\/p>\n<p>Cette sculpture est disponible en 2 tailles : petite et grande, et dans de nombreux motifs.<\/p>\n<p>Sur demande, elle peut \u00eatre personnalis\u00e9e ou prendre la forme d&#8217;un chien.<\/p>\n<p>Les dimensions des petites versions sont les suivantes :<\/p>\n<p>Largeur : 10 cm<\/p>\n<p>Profondeur : 6 cm<\/p>\n<p>Hauteur : 33 cm<\/p>\n<p>Poids : environ 400 g<\/p>\n<p>Les dimensions des grandes versions sont :<\/p>\n<p>Largeur : 15 cm<\/p>\n<p>Profondeur : 16 cm<\/p>\n<p>Hauteur : 45 cm<\/p>\n<p>Poids : environ 820 g<\/p>\n<p>C&#8217;est le cadeau id\u00e9al pour vous, votre famille ou votre ami ! Il est unique, original et fait \u00e0 la main !<\/p>","protected":false},"excerpt":{"rendered":"<p>Cette sculpture de chat est agr\u00e9able au toucher et unique. Elle apporte le charme du sud de la France \u00e0 votre d\u00e9coration int\u00e9rieure et est une source d&#8217;inspiration parfaite pour votre design d&#8217;int\u00e9rieur !<\/p>\n<p>Les dimensions des petites versions sont les suivantes :<\/p>\n<p>Largeur : 10 cm Profondeur : 6 cm Hauteur : 33 cm Poids : environ 400 g<\/p>\n<p>Les dimensions des grandes versions sont :<\/p>\n<p>Largeur : 15 cm Profondeur : 16 cm Hauteur : 45 cm Poids : environ 820 g<\/p>","protected":false},"featured_media":6788,"comment_status":"closed","ping_status":"closed","template":"","meta":{"om_disable_all_campaigns":false},"product_brand":[],"product_cat":[730,746],"product_tag":[],"class_list":{"0":"post-9084","1":"product","2":"type-product","3":"status-publish","4":"has-post-thumbnail","6":"product_cat-decoration-fr","7":"product_cat-sculpture-fr","8":"product_shipping_class-m-fr-de-fr","9":"product_shipping_class-s-fr-fr","10":"product_shipping_class-xl-fr","11":"pa_color-beige-fr","12":"pa_color-blue-with-swimmer-fr","13":"pa_color-black-fr","15":"first","16":"instock","17":"taxable","18":"shipping-taxable","19":"purchasable","20":"product-type-variable"},"_links":{"self":[{"href":"https:\/\/designed4-you.com\/fr\/wp-json\/wp\/v2\/product\/9084","targetHints":{"allow":["GET"]}}],"collection":[{"href":"https:\/\/designed4-you.com\/fr\/wp-json\/wp\/v2\/product"}],"about":[{"href":"https:\/\/designed4-you.com\/fr\/wp-json\/wp\/v2\/types\/product"}],"replies":[{"embeddable":true,"href":"https:\/\/designed4-you.com\/fr\/wp-json\/wp\/v2\/comments?post=9084"}],"version-history":[{"count":0,"href":"https:\/\/designed4-you.com\/fr\/wp-json\/wp\/v2\/product\/9084\/revisions"}],"wp:featuredmedia":[{"embeddable":true,"href":"https:\/\/designed4-you.com\/fr\/wp-json\/wp\/v2\/media\/6788"}],"wp:attachment":[{"href":"https:\/\/designed4-you.com\/fr\/wp-json\/wp\/v2\/media?parent=9084"}],"wp:term":[{"taxonomy":"product_brand","embeddable":true,"href":"https:\/\/designed4-you.com\/fr\/wp-json\/wp\/v2\/product_brand?post=9084"},{"taxonomy":"product_cat","embeddable":true,"href":"https:\/\/designed4-you.com\/fr\/wp-json\/wp\/v2\/product_cat?post=9084"},{"taxonomy":"product_tag","embeddable":true,"href":"https:\/\/designed4-you.com\/fr\/wp-json\/wp\/v2\/product_tag?post=9084"}],"curies":[{"name":"wp","href":"https:\/\/api.w.org\/{rel}","templated":true}]}}