{"id":9114,"date":"2024-04-03T06:07:47","date_gmt":"2024-04-03T06:07:47","guid":{"rendered":"https:\/\/designed4-you.com\/?post_type=product&#038;p=9114"},"modified":"2024-04-03T11:11:29","modified_gmt":"2024-04-03T11:11:29","slug":"mouette-chic-en-mariniere","status":"publish","type":"product","link":"https:\/\/designed4-you.com\/fr\/produit\/mouette-chic-en-mariniere\/","title":{"rendered":"Mouette chic en marini\u00e8re"},"content":{"rendered":"<p>Un coin de Bretagne chez vous, \u00e0 la maison !<\/p>\n<p>Cette mouette en raku est noire et blanche avec des pattes dor\u00e9es en c\u00e9ramique vieillies et int\u00e9gr\u00e9es \u00e0 des tiges de m\u00e9tal dor\u00e9.<\/p>\n<p>Cette mouette en \u00ab marini\u00e8re \u00bb est typiquement fran\u00e7aise.<\/p>\n<p>La marini\u00e8re est g\u00e9n\u00e9ralement un tee-shirt \u00e0 manches longues en coton \u00e0 rayures horizontales bleues et blanches qui repr\u00e9sente la France.<\/p>\n<p>Cette mouette est tr\u00e8s belle et tendance gr\u00e2ce \u00e0 son marini\u00e8re et son effet dor\u00e9.<\/p>\n<p>Cette sculpture est en raku. C\u2019est une pi\u00e8ce d\u2019art unique, fait \u00e0 la main, fabriqu\u00e9e en France, en Bretagne!<\/p>\n<p>Cette \u0153uvre d\u2019art d\u00e9corera non seulement votre maison ou votre salon, elle vous fera aussi voyager, vous \u00e9loigner de votre routine.<\/p>\n<p>Gr\u00e2ce \u00e0 elle, vous vous rem\u00e9morez le bruit des vagues et l\u2019odeur de la mer, vous \u00eates pr\u00e8s de l\u2019oc\u00e9an.<\/p>","protected":false},"excerpt":{"rendered":"<p>Cette mouette en raku est noire et blanche avec des pattes dor\u00e9es en c\u00e9ramique vieillies et int\u00e9gr\u00e9es \u00e0 des tiges de m\u00e9tal dor\u00e9.<\/p>\n<p>Cette sculpture est une \u0153uvre d\u2019art unique et artisanale, fabriqu\u00e9e en France, en Bretagne !<\/p>\n<p>Les dimensions sont\u00a0:<\/p>\n<p>Largeur\u00a0: 14 cm<\/p>\n<p>Profondeur\u00a0: 10 cm<\/p>\n<p>Hauteur\u00a0: 29,5 cm<\/p>\n<p>Poids : 960 g<\/p>\n<p><strong>Mat\u00e9riaux:<\/strong>\u00a0raku, bois<\/p>","protected":false},"featured_media":3909,"comment_status":"open","ping_status":"closed","template":"","meta":{"om_disable_all_campaigns":false},"product_brand":[],"product_cat":[730,746],"product_tag":[],"class_list":{"0":"post-9114","1":"product","2":"type-product","3":"status-publish","4":"has-post-thumbnail","6":"product_cat-decoration-fr","7":"product_cat-sculpture-fr","8":"product_shipping_class-m-fr-de-fr","9":"product_shipping_class-s-fr-fr","10":"product_shipping_class-xl-fr","11":"pa_color-black-fr","12":"pa_material-raku-en","13":"pa_material-wood-en","15":"first","16":"instock","17":"taxable","18":"shipping-taxable","19":"purchasable","20":"product-type-simple"},"_links":{"self":[{"href":"https:\/\/designed4-you.com\/fr\/wp-json\/wp\/v2\/product\/9114","targetHints":{"allow":["GET"]}}],"collection":[{"href":"https:\/\/designed4-you.com\/fr\/wp-json\/wp\/v2\/product"}],"about":[{"href":"https:\/\/designed4-you.com\/fr\/wp-json\/wp\/v2\/types\/product"}],"replies":[{"embeddable":true,"href":"https:\/\/designed4-you.com\/fr\/wp-json\/wp\/v2\/comments?post=9114"}],"version-history":[{"count":0,"href":"https:\/\/designed4-you.com\/fr\/wp-json\/wp\/v2\/product\/9114\/revisions"}],"wp:featuredmedia":[{"embeddable":true,"href":"https:\/\/designed4-you.com\/fr\/wp-json\/wp\/v2\/media\/3909"}],"wp:attachment":[{"href":"https:\/\/designed4-you.com\/fr\/wp-json\/wp\/v2\/media?parent=9114"}],"wp:term":[{"taxonomy":"product_brand","embeddable":true,"href":"https:\/\/designed4-you.com\/fr\/wp-json\/wp\/v2\/product_brand?post=9114"},{"taxonomy":"product_cat","embeddable":true,"href":"https:\/\/designed4-you.com\/fr\/wp-json\/wp\/v2\/product_cat?post=9114"},{"taxonomy":"product_tag","embeddable":true,"href":"https:\/\/designed4-you.com\/fr\/wp-json\/wp\/v2\/product_tag?post=9114"}],"curies":[{"name":"wp","href":"https:\/\/api.w.org\/{rel}","templated":true}]}}