{"id":9129,"date":"2024-04-03T07:08:29","date_gmt":"2024-04-03T07:08:29","guid":{"rendered":"https:\/\/designed4-you.com\/?post_type=product&#038;p=9129"},"modified":"2026-02-09T08:28:45","modified_gmt":"2026-02-09T08:28:45","slug":"tableau-copa-tings-chat-avec-un-oiseau","status":"publish","type":"product","link":"https:\/\/designed4-you.com\/fr\/produit\/tableau-copa-tings-chat-avec-un-oiseau\/","title":{"rendered":"Tableau CoPa Tings Chat avec un oiseau"},"content":{"rendered":"<p>Votre \u0153uvre d\u2019art pour d\u00e9corer et illuminer votre int\u00e9rieur ou la chambre de votre enfant\u00a0!<\/p>\n<p>Cette peinture avec le petit chat est r\u00e9alis\u00e9e sur une toile recouverte de papier et peint en plusieurs couches avec de la peinture \u00e0 la gouache.<\/p>\n<p>Ce tableau apportera de la joie et des couleurs \u00e0 votre int\u00e9rieur et le rendra unique. Il peut \u00eatre combin\u00e9 avec d\u2019autres CoPa Tings ou pi\u00e8ce d\u2019art.<\/p>\n<p>Cet CoPa Ting est un merveilleux cadeau \u00e0 offrir ou tout simplement \u00e0 vous faire plaisir.<\/p>\n<p>C\u2019est un joli tableau unique, fait \u00e0 la main, doux sign\u00e9 par Stefanie Weber, l\u2019artiste. Ce CoPa Ting est fabriqu\u00e9 en Allemagne, en Sarre !<\/p>","protected":false},"excerpt":{"rendered":"<p>Cette peinture avec le petit chat est r\u00e9alis\u00e9e sur une toile recouverte de papier et peint en plusieurs couches avec de la peinture \u00e0 la gouache.<\/p>\n<p>Ce tableau apportera de la joie et des couleurs \u00e0 votre int\u00e9rieur et le rendra unique. Il peut \u00eatre combin\u00e9 avec d\u2019autres CoPa Tings ou pi\u00e8ce d\u2019art.<\/p>\n<p>Cet CoPa Ting est un merveilleux cadeau \u00e0 offrir ou tout simplement \u00e0 vous faire plaisir.<\/p>\n<p>C\u2019est un joli tableau unique, fait \u00e0 la main, doux sign\u00e9 par Stefanie Weber, l\u2019artiste. Ce CoPa Ting est fabriqu\u00e9 en Allemagne, en Sarre !<\/p>\n<p><strong>Mat\u00e9riaux: <\/strong>\u00a0canva, papier<\/p>\n<p>Artiste: St\u00e9fanie Weber<\/p>","protected":false},"featured_media":3930,"comment_status":"open","ping_status":"closed","template":"","meta":{"om_disable_all_campaigns":false},"product_brand":[],"product_cat":[730,742],"product_tag":[],"class_list":{"0":"post-9129","1":"product","2":"type-product","3":"status-publish","4":"has-post-thumbnail","6":"product_cat-decoration-fr","7":"product_cat-tableau","8":"product_shipping_class-m-fr-de-fr","9":"product_shipping_class-s-fr-fr","10":"product_shipping_class-xl-fr","11":"pa_material-canvas-en","13":"first","14":"instock","15":"taxable","16":"shipping-taxable","17":"purchasable","18":"product-type-simple"},"_links":{"self":[{"href":"https:\/\/designed4-you.com\/fr\/wp-json\/wp\/v2\/product\/9129","targetHints":{"allow":["GET"]}}],"collection":[{"href":"https:\/\/designed4-you.com\/fr\/wp-json\/wp\/v2\/product"}],"about":[{"href":"https:\/\/designed4-you.com\/fr\/wp-json\/wp\/v2\/types\/product"}],"replies":[{"embeddable":true,"href":"https:\/\/designed4-you.com\/fr\/wp-json\/wp\/v2\/comments?post=9129"}],"version-history":[{"count":0,"href":"https:\/\/designed4-you.com\/fr\/wp-json\/wp\/v2\/product\/9129\/revisions"}],"wp:featuredmedia":[{"embeddable":true,"href":"https:\/\/designed4-you.com\/fr\/wp-json\/wp\/v2\/media\/3930"}],"wp:attachment":[{"href":"https:\/\/designed4-you.com\/fr\/wp-json\/wp\/v2\/media?parent=9129"}],"wp:term":[{"taxonomy":"product_brand","embeddable":true,"href":"https:\/\/designed4-you.com\/fr\/wp-json\/wp\/v2\/product_brand?post=9129"},{"taxonomy":"product_cat","embeddable":true,"href":"https:\/\/designed4-you.com\/fr\/wp-json\/wp\/v2\/product_cat?post=9129"},{"taxonomy":"product_tag","embeddable":true,"href":"https:\/\/designed4-you.com\/fr\/wp-json\/wp\/v2\/product_tag?post=9129"}],"curies":[{"name":"wp","href":"https:\/\/api.w.org\/{rel}","templated":true}]}}