{"id":9133,"date":"2024-04-03T07:25:30","date_gmt":"2024-04-03T07:25:30","guid":{"rendered":"https:\/\/designed4-you.com\/?post_type=product&#038;p=9133"},"modified":"2024-04-03T07:45:09","modified_gmt":"2024-04-03T07:45:09","slug":"tableau-copa-tings-miss-cat","status":"publish","type":"product","link":"https:\/\/designed4-you.com\/fr\/produit\/tableau-copa-tings-miss-cat\/","title":{"rendered":"Tableau CoPa Tings Miss Cat"},"content":{"rendered":"<p>Votre \u0153uvre d\u2019art pour d\u00e9corer et illuminer votre int\u00e9rieur ou la chambre de votre enfant !<\/p>\n<p>Ce tableau avec un petite chatte est r\u00e9alis\u00e9 sur une toile recouverte de papier et peint en plusieurs couches avec de la peinture \u00e0 la gouache.<\/p>\n<p>Ce tableau apportera de la joie et des couleurs \u00e0 votre int\u00e9rieur et le rendra unique. Il peut \u00eatre combin\u00e9 avec d\u2019autres CoPa Tings ou pi\u00e8ce d\u2019art.<\/p>\n<p>Cet CoPa Ting est un merveilleux cadeau \u00e0 offrir ou tout simplement \u00e0 vous faire plaisir.<\/p>\n<p>C\u2019est un joli tableau unique, fait \u00e0 la main, doux sign\u00e9 par Stefanie Weber, l\u2019artiste. Ce CoPa Ting est fabriqu\u00e9 en Allemagne, en Sarre !<\/p>","protected":false},"excerpt":{"rendered":"<p>Votre \u0153uvre d\u2019art pour d\u00e9corer et illuminer votre int\u00e9rieur ou la chambre de votre enfant\u00a0!<\/p>\n<p>Ces \u00ab CoPa Tings \u00bb ont \u00e9t\u00e9 cr\u00e9\u00e9s lors du premier confinement en 2020. Il a \u00e9t\u00e9 d\u00e9cid\u00e9 d\u2019apporter un peu de joie et de vie aux gens pendant cette p\u00e9riode difficile. Ce tableau est r\u00e9alis\u00e9 sur une toile recouverte de papier et peinte en plusieurs couches avec de la peinture \u00e0 la gouache.<\/p>\n<p>C\u2019est un joli tableau unique, fait \u00e0 la main, sign\u00e9 par Stefanie Weber, l\u2019artiste. Ce CoPa Ting est fabriqu\u00e9 en Allemagne, en Sarre\u00a0!<\/p>\n<p>Les dimensions sont\u00a0:<\/p>\n<p>Largeur\u00a0: 10 cm<\/p>\n<p>Profondeur\u00a0: 1,6 cm<\/p>\n<p>Hauteur\u00a0: 10 cm<\/p>\n<p>Poids\u00a0: 79 g<\/p>\n<p><strong>Mat\u00e9riel<\/strong>: canva, papIer<\/p>\n<p>Artiste: St\u00e9fanie Weber<\/p>","protected":false},"featured_media":3933,"comment_status":"open","ping_status":"closed","template":"","meta":{"om_disable_all_campaigns":false},"product_brand":[],"product_cat":[730,742],"product_tag":[],"class_list":{"0":"post-9133","1":"product","2":"type-product","3":"status-publish","4":"has-post-thumbnail","6":"product_cat-decoration-fr","7":"product_cat-tableau","8":"product_shipping_class-m-fr-de-fr","9":"product_shipping_class-s-fr-fr","10":"product_shipping_class-xl-fr","11":"pa_color-beige-fr","12":"pa_color-black-fr","13":"pa_material-canvas-en","15":"first","16":"instock","17":"taxable","18":"shipping-taxable","19":"purchasable","20":"product-type-simple"},"_links":{"self":[{"href":"https:\/\/designed4-you.com\/fr\/wp-json\/wp\/v2\/product\/9133","targetHints":{"allow":["GET"]}}],"collection":[{"href":"https:\/\/designed4-you.com\/fr\/wp-json\/wp\/v2\/product"}],"about":[{"href":"https:\/\/designed4-you.com\/fr\/wp-json\/wp\/v2\/types\/product"}],"replies":[{"embeddable":true,"href":"https:\/\/designed4-you.com\/fr\/wp-json\/wp\/v2\/comments?post=9133"}],"version-history":[{"count":0,"href":"https:\/\/designed4-you.com\/fr\/wp-json\/wp\/v2\/product\/9133\/revisions"}],"wp:featuredmedia":[{"embeddable":true,"href":"https:\/\/designed4-you.com\/fr\/wp-json\/wp\/v2\/media\/3933"}],"wp:attachment":[{"href":"https:\/\/designed4-you.com\/fr\/wp-json\/wp\/v2\/media?parent=9133"}],"wp:term":[{"taxonomy":"product_brand","embeddable":true,"href":"https:\/\/designed4-you.com\/fr\/wp-json\/wp\/v2\/product_brand?post=9133"},{"taxonomy":"product_cat","embeddable":true,"href":"https:\/\/designed4-you.com\/fr\/wp-json\/wp\/v2\/product_cat?post=9133"},{"taxonomy":"product_tag","embeddable":true,"href":"https:\/\/designed4-you.com\/fr\/wp-json\/wp\/v2\/product_tag?post=9133"}],"curies":[{"name":"wp","href":"https:\/\/api.w.org\/{rel}","templated":true}]}}