{"id":9148,"date":"2024-04-03T08:52:06","date_gmt":"2024-04-03T08:52:06","guid":{"rendered":"https:\/\/designed4-you.com\/?post_type=product&#038;p=9148"},"modified":"2024-04-03T09:09:50","modified_gmt":"2024-04-03T09:09:50","slug":"sculpture-aimantee-de-lapin-fantaisiste-en-papier-mache","status":"publish","type":"product","link":"https:\/\/designed4-you.com\/fr\/produit\/sculpture-aimantee-de-lapin-fantaisiste-en-papier-mache\/","title":{"rendered":"Sculpture aimant\u00e9e de lapin fantaisiste en papier m\u00e2ch\u00e9"},"content":{"rendered":"<p>Une jolie \u0153uvre d\u2019art pour d\u00e9corer votre int\u00e9rieur et vos meubles m\u00e9talliques !<\/p>\n<p>Cette figurine est n\u00e9e de l\u2019imagination de l\u2019artiste St\u00e9fanie Weber.<\/p>\n<p>Chacun peut imaginer ce que c\u2019est.<\/p>\n<p>Cette figurine en papier mach\u00e9 est r\u00e9alis\u00e9e \u00e0 partir de journal.<\/p>\n<p>Un aimant est int\u00e9gr\u00e9 dans la t\u00eate, permettant aux personnages d\u2019\u00eatre aimant\u00e9, sur le mur ou sur une plaque m\u00e9tallique.<\/p>\n<p>Les couleurs d\u00e9lav\u00e9es lui donnent un look vieilli.<\/p>\n<p>Les produits sont d\u00e9tourn\u00e9s : les yeux sont faits avec des boutons, les cheveux sont faits avec de la paille.<\/p>\n<p>Tout est fait \u00e0 la main m\u00eame les v\u00eatements sont crochet\u00e9s \u00e0 la main par l\u2019artiste Stefanie Weber.<\/p>\n<p>C\u2019est une \u0153uvre d\u2019art unique, faite \u00e0 la main, en Allemagne, en Sarre !<\/p>\n<p>Cet objet est un bel objet d\u2019art aimant\u00e9, unique et fait \u00e0 la main en papier m\u00e2ch\u00e9.<\/p>","protected":false},"excerpt":{"rendered":"<p>Cette sculpture aimant\u00e9e est un bel objet d\u2019art unique, r\u00e9alis\u00e9 \u00e0 la main en papier m\u00e2ch\u00e9.. C\u2019est le cadeau parfait pour vous, votre famille ou vos amis ! Et c\u2019est bas\u00e9 sur l\u2019upcycling, la r\u00e9utilisation d\u2019objets !<\/p>\n<p>Les dimensions sont :<\/p>\n<p>Largeur : 9 cm<\/p>\n<p>Profondeur : 7 cm<\/p>\n<p>Hauteur : 15 cm<\/p>\n<p>Poids : 56 g<\/p>\n<p><strong>Mat\u00e9riaux<\/strong>: m\u00e9tal, ferrite m\u00e9tallique, papier-m\u00e2ch\u00e9, paille<\/p>\n<p>Artiste: St\u00e9fanie Weber<\/p>","protected":false},"featured_media":4028,"comment_status":"open","ping_status":"closed","template":"","meta":{"om_disable_all_campaigns":false},"product_brand":[],"product_cat":[730,746],"product_tag":[],"class_list":{"0":"post-9148","1":"product","2":"type-product","3":"status-publish","4":"has-post-thumbnail","6":"product_cat-decoration-fr","7":"product_cat-sculpture-fr","8":"product_shipping_class-m-fr-de-fr","9":"product_shipping_class-s-fr-fr","10":"product_shipping_class-xl-fr","11":"pa_material-metal-en","12":"pa_material-metal-ferrite-en","13":"pa_material-papier-mache-en","14":"pa_material-straw-en","16":"first","17":"instock","18":"taxable","19":"shipping-taxable","20":"purchasable","21":"product-type-simple"},"_links":{"self":[{"href":"https:\/\/designed4-you.com\/fr\/wp-json\/wp\/v2\/product\/9148","targetHints":{"allow":["GET"]}}],"collection":[{"href":"https:\/\/designed4-you.com\/fr\/wp-json\/wp\/v2\/product"}],"about":[{"href":"https:\/\/designed4-you.com\/fr\/wp-json\/wp\/v2\/types\/product"}],"replies":[{"embeddable":true,"href":"https:\/\/designed4-you.com\/fr\/wp-json\/wp\/v2\/comments?post=9148"}],"version-history":[{"count":0,"href":"https:\/\/designed4-you.com\/fr\/wp-json\/wp\/v2\/product\/9148\/revisions"}],"wp:featuredmedia":[{"embeddable":true,"href":"https:\/\/designed4-you.com\/fr\/wp-json\/wp\/v2\/media\/4028"}],"wp:attachment":[{"href":"https:\/\/designed4-you.com\/fr\/wp-json\/wp\/v2\/media?parent=9148"}],"wp:term":[{"taxonomy":"product_brand","embeddable":true,"href":"https:\/\/designed4-you.com\/fr\/wp-json\/wp\/v2\/product_brand?post=9148"},{"taxonomy":"product_cat","embeddable":true,"href":"https:\/\/designed4-you.com\/fr\/wp-json\/wp\/v2\/product_cat?post=9148"},{"taxonomy":"product_tag","embeddable":true,"href":"https:\/\/designed4-you.com\/fr\/wp-json\/wp\/v2\/product_tag?post=9148"}],"curies":[{"name":"wp","href":"https:\/\/api.w.org\/{rel}","templated":true}]}}