{"id":9168,"date":"2024-04-03T10:16:16","date_gmt":"2024-04-03T10:16:16","guid":{"rendered":"https:\/\/designed4-you.com\/?post_type=product&#038;p=9168"},"modified":"2024-04-03T10:22:31","modified_gmt":"2024-04-03T10:22:31","slug":"trousse-de-maquillage-blanche-et-gris-metallique-avec-un-noeud-blanc-2","status":"publish","type":"product","link":"https:\/\/designed4-you.com\/fr\/produit\/trousse-de-maquillage-blanche-et-gris-metallique-avec-un-noeud-blanc-2\/","title":{"rendered":"Trousse de maquillage blanche et gris m\u00e9tallique avec un n\u0153ud blanc"},"content":{"rendered":"<p>Cette trousse de maquillage blanche et grise avec un n\u0153ud blanc est belle et pratique. La base carr\u00e9e permet \u00e0 la pochette de tenir debout seule. L\u2019ext\u00e9rieur de la trousse est fait de coton et de polyester, et est enti\u00e8rement doubl\u00e9e d\u2019un tissu de coton blanc, elle est dot\u00e9e d\u2019une fermeture \u00e9clair blanche et d\u2019un pompon gris.<\/p>\n<p>Cette magnifique trousse unique est faite \u00e0 la main en France, en Moselle, dans le Grand Est et id\u00e9al pour \u00eatre utilis\u00e9e comme trousse de toilette, kit de voyage ou accessoire de sac.<\/p>\n<p>C\u2019est le parfait cadeau pour vous, votre famille ou vos amis ! Et il est bas\u00e9 sur sur \u00ab l\u2019upcycling, recyclage \u00bb !<\/p>","protected":false},"excerpt":{"rendered":"<p>Cette trousse de maquillage \u00e9l\u00e9gante est un produit unique est un produit unique bas\u00e9 sur \u00ab l\u2019upcycling, r\u00e9utilisation d\u2019objets \u00bb Il est fait \u00e0 la main en France, en Moselle, dans le Grand Est.<\/p>\n<p>Elle est parfaite comme trousse de toilette, kit de voyage ou accessoire de sac.<\/p>\n<p>Les dimensions sont\u00a0:<\/p>\n<p>Largeur\u00a0: 20 cm<\/p>\n<p>Profondeur\u00a0: 7 cm<\/p>\n<p>Hauteur\u00a0: 13 cm<\/p>\n<p>Poids: 70 g<\/p>\n<p><strong>Materiaux<\/strong>: coton, autres mat\u00e9riaux<\/p>","protected":false},"featured_media":2270,"comment_status":"open","ping_status":"closed","template":"","meta":{"om_disable_all_campaigns":false},"product_brand":[],"product_cat":[706,722],"product_tag":[],"class_list":{"0":"post-9168","1":"product","2":"type-product","3":"status-publish","4":"has-post-thumbnail","6":"product_cat-accessoires-fr","7":"product_cat-trousses-de-maquillage","8":"product_shipping_class-m-fr-de-fr","9":"product_shipping_class-s-fr-fr","10":"product_shipping_class-xl-fr","11":"pa_color-white-en","12":"pa_material-cotton-en","13":"pa_material-imitation-leather-en","15":"first","16":"instock","17":"taxable","18":"shipping-taxable","19":"purchasable","20":"product-type-simple"},"_links":{"self":[{"href":"https:\/\/designed4-you.com\/fr\/wp-json\/wp\/v2\/product\/9168","targetHints":{"allow":["GET"]}}],"collection":[{"href":"https:\/\/designed4-you.com\/fr\/wp-json\/wp\/v2\/product"}],"about":[{"href":"https:\/\/designed4-you.com\/fr\/wp-json\/wp\/v2\/types\/product"}],"replies":[{"embeddable":true,"href":"https:\/\/designed4-you.com\/fr\/wp-json\/wp\/v2\/comments?post=9168"}],"version-history":[{"count":0,"href":"https:\/\/designed4-you.com\/fr\/wp-json\/wp\/v2\/product\/9168\/revisions"}],"wp:featuredmedia":[{"embeddable":true,"href":"https:\/\/designed4-you.com\/fr\/wp-json\/wp\/v2\/media\/2270"}],"wp:attachment":[{"href":"https:\/\/designed4-you.com\/fr\/wp-json\/wp\/v2\/media?parent=9168"}],"wp:term":[{"taxonomy":"product_brand","embeddable":true,"href":"https:\/\/designed4-you.com\/fr\/wp-json\/wp\/v2\/product_brand?post=9168"},{"taxonomy":"product_cat","embeddable":true,"href":"https:\/\/designed4-you.com\/fr\/wp-json\/wp\/v2\/product_cat?post=9168"},{"taxonomy":"product_tag","embeddable":true,"href":"https:\/\/designed4-you.com\/fr\/wp-json\/wp\/v2\/product_tag?post=9168"}],"curies":[{"name":"wp","href":"https:\/\/api.w.org\/{rel}","templated":true}]}}