{"id":9172,"date":"2024-04-03T10:44:48","date_gmt":"2024-04-03T10:44:48","guid":{"rendered":"https:\/\/designed4-you.com\/?post_type=product&#038;p=9172"},"modified":"2024-05-21T11:05:03","modified_gmt":"2024-05-21T11:05:03","slug":"petite-pochette-femme","status":"publish","type":"product","link":"https:\/\/designed4-you.com\/fr\/produit\/petite-pochette-femme\/","title":{"rendered":"Petite pochette femme"},"content":{"rendered":"<p>Cette petite pochette femme unique fait main avec anse est tr\u00e8s \u00e9l\u00e9gante, belle et pratique.<\/p>\n<p>Sa base carr\u00e9e permet \u00e0 la pochette de tenir debout seule.<\/p>\n<p>L\u2019ext\u00e9rieur de la pochette est 100% coton ou en similicuir. La pochette est enti\u00e8rement doubl\u00e9e d\u2019un joli tissu en satin ou en coton et dot\u00e9 d\u2019une fermeture \u00e0 glissi\u00e8re et d\u2019un pompon.<\/p>\n<p>Cette pochette bicolore, est r\u00e9alis\u00e9e en France, en Moselle, dans le Grand Est. Elle est id\u00e9ale comme sac \u00e0 main, kit de voyage ou accessoire de sac.<\/p>\n<p>C\u2019est le cadeau parfait pour vous, votre famille ou vos amis! Elle peut \u00eatre combin\u00e9e avec un\u00a0<a class=\"connectButton\" href=\"https:\/\/designed4-you.com\/fr\/produit\/denim-coin-purse-with-gold-band\/\">joli porte-monnaie.<\/a><\/p>","protected":false},"excerpt":{"rendered":"<p>Cette petite pochette femme unique, fait main avec anse est belle, pratique et fait \u00e0 la main en France, en Moselle, dans le Grand Est.<\/p>\n<p>Id\u00e9ale comme sac \u00e0 main, kit de voyage ou accessoire de sac.<\/p>\n<p>Les dimensions de cette pochette bicolore fait main et unique sont:<\/p>\n<p>Longueur: environ 24cm + 24cm pour la anse<\/p>\n<p>Largeur: environ 8 cm<\/p>\n<p>Hauteur: environ16 cm<\/p>\n<p>Poids: 120g<\/p>\n<p><strong>Materiaux:\u00a0<\/strong>Coton, Polyamide, Polyester, similicuir<\/p>","protected":false},"featured_media":6911,"comment_status":"closed","ping_status":"closed","template":"","meta":{"om_disable_all_campaigns":false},"product_brand":[],"product_cat":[706,714,710],"product_tag":[],"class_list":{"0":"post-9172","1":"product","2":"type-product","3":"status-publish","4":"has-post-thumbnail","6":"product_cat-accessoires-fr","7":"product_cat-pochettes","8":"product_cat-sacs","9":"product_shipping_class-m-fr-de-fr","10":"product_shipping_class-s-fr-fr","11":"product_shipping_class-xl-fr","12":"pa_material-cotton-imitation-leather-en","13":"pa_material-imitation-leather-cotton-en","14":"pa_material-polyester-eco-suede-en","16":"first","17":"instock","18":"sold-individually","19":"taxable","20":"shipping-taxable","21":"purchasable","22":"product-type-variable"},"_links":{"self":[{"href":"https:\/\/designed4-you.com\/fr\/wp-json\/wp\/v2\/product\/9172","targetHints":{"allow":["GET"]}}],"collection":[{"href":"https:\/\/designed4-you.com\/fr\/wp-json\/wp\/v2\/product"}],"about":[{"href":"https:\/\/designed4-you.com\/fr\/wp-json\/wp\/v2\/types\/product"}],"replies":[{"embeddable":true,"href":"https:\/\/designed4-you.com\/fr\/wp-json\/wp\/v2\/comments?post=9172"}],"version-history":[{"count":0,"href":"https:\/\/designed4-you.com\/fr\/wp-json\/wp\/v2\/product\/9172\/revisions"}],"wp:featuredmedia":[{"embeddable":true,"href":"https:\/\/designed4-you.com\/fr\/wp-json\/wp\/v2\/media\/6911"}],"wp:attachment":[{"href":"https:\/\/designed4-you.com\/fr\/wp-json\/wp\/v2\/media?parent=9172"}],"wp:term":[{"taxonomy":"product_brand","embeddable":true,"href":"https:\/\/designed4-you.com\/fr\/wp-json\/wp\/v2\/product_brand?post=9172"},{"taxonomy":"product_cat","embeddable":true,"href":"https:\/\/designed4-you.com\/fr\/wp-json\/wp\/v2\/product_cat?post=9172"},{"taxonomy":"product_tag","embeddable":true,"href":"https:\/\/designed4-you.com\/fr\/wp-json\/wp\/v2\/product_tag?post=9172"}],"curies":[{"name":"wp","href":"https:\/\/api.w.org\/{rel}","templated":true}]}}