{"id":9221,"date":"2024-04-03T12:54:36","date_gmt":"2024-04-03T12:54:36","guid":{"rendered":"https:\/\/designed4-you.com\/?post_type=product&#038;p=9221"},"modified":"2024-04-03T13:07:31","modified_gmt":"2024-04-03T13:07:31","slug":"banc-de-jardin","status":"publish","type":"product","link":"https:\/\/designed4-you.com\/fr\/produit\/banc-de-jardin\/","title":{"rendered":"Banc de jardin"},"content":{"rendered":"<p>Un eye-catcher, l\u2019atout d\u00e9co de votre jardin!<\/p>\n<p>L\u2019\u00e9t\u00e9 est l\u00e0, c\u2019est le moment id\u00e9al pour se d\u00e9tendre et passer du temps \u00e0 l\u2019ext\u00e9rieur.<\/p>\n<p>Ce magnifique banc unique sera l\u2019atout d\u00e9co de votre jardin.<\/p>\n<p>C\u2019est le meuble parfait pour d\u00e9corer l\u2019entr\u00e9e de votre maison, l\u2019avant de votre jardin ou de votre terrasse.<\/p>\n<p>Ce banc fait main est r\u00e9alis\u00e9 \u00e0 partir de vieux bois et est rev\u00eatu par un rev\u00eatement imperm\u00e9able.<\/p>\n<p>Le banc est disponible en deux couleurs : vert et vieux rose.<\/p>\n<p>Ce meuble, unique, est fait \u00e0 la main en Allemagne dans la For\u00eat-Noire et est tr\u00e8s facile \u00e0 monter!<\/p>","protected":false},"excerpt":{"rendered":"<p>Un eye-catcher, l\u2019atout d\u00e9co de votre jardin!<\/p>\n<p>C\u2019est le meuble parfait pour d\u00e9corer l\u2019entr\u00e9e de votre maison, l\u2019avant de votre jardin ou de votre terrasse.<\/p>\n<p>Ce banc, unique, fait \u00e0 la main est fabriqu\u00e9 \u00e0 partir de vieux bois en Allemagne dans la For\u00eat-Noire.<\/p>\n<p>Les dimensions sont:<\/p>\n<p>Largeur: environ 100 cm<\/p>\n<p>Profondeur: 40 cm<\/p>\n<p>Hauteur: 80 cm<\/p>\n<p>Poids: 20 Kg<\/p>","protected":false},"featured_media":4840,"comment_status":"closed","ping_status":"closed","template":"","meta":{"om_disable_all_campaigns":false},"product_brand":[],"product_cat":[738,730,734],"product_tag":[],"class_list":{"0":"post-9221","1":"product","2":"type-product","3":"status-publish","4":"has-post-thumbnail","6":"product_cat-banc","7":"product_cat-decoration-fr","8":"product_cat-mobilier","9":"product_shipping_class-m-fr-de-fr","10":"product_shipping_class-s-fr-fr","11":"product_shipping_class-xl-fr","12":"pa_color-green-en","13":"pa_color-old-rose-en","14":"pa_material-wood-en","16":"first","17":"instock","18":"taxable","19":"shipping-taxable","20":"purchasable","21":"product-type-variable"},"_links":{"self":[{"href":"https:\/\/designed4-you.com\/fr\/wp-json\/wp\/v2\/product\/9221","targetHints":{"allow":["GET"]}}],"collection":[{"href":"https:\/\/designed4-you.com\/fr\/wp-json\/wp\/v2\/product"}],"about":[{"href":"https:\/\/designed4-you.com\/fr\/wp-json\/wp\/v2\/types\/product"}],"replies":[{"embeddable":true,"href":"https:\/\/designed4-you.com\/fr\/wp-json\/wp\/v2\/comments?post=9221"}],"version-history":[{"count":0,"href":"https:\/\/designed4-you.com\/fr\/wp-json\/wp\/v2\/product\/9221\/revisions"}],"wp:featuredmedia":[{"embeddable":true,"href":"https:\/\/designed4-you.com\/fr\/wp-json\/wp\/v2\/media\/4840"}],"wp:attachment":[{"href":"https:\/\/designed4-you.com\/fr\/wp-json\/wp\/v2\/media?parent=9221"}],"wp:term":[{"taxonomy":"product_brand","embeddable":true,"href":"https:\/\/designed4-you.com\/fr\/wp-json\/wp\/v2\/product_brand?post=9221"},{"taxonomy":"product_cat","embeddable":true,"href":"https:\/\/designed4-you.com\/fr\/wp-json\/wp\/v2\/product_cat?post=9221"},{"taxonomy":"product_tag","embeddable":true,"href":"https:\/\/designed4-you.com\/fr\/wp-json\/wp\/v2\/product_tag?post=9221"}],"curies":[{"name":"wp","href":"https:\/\/api.w.org\/{rel}","templated":true}]}}