{"id":9231,"date":"2024-04-03T13:25:11","date_gmt":"2024-04-03T13:25:11","guid":{"rendered":"https:\/\/designed4-you.com\/?post_type=product&#038;p=9231"},"modified":"2024-04-03T13:41:23","modified_gmt":"2024-04-03T13:41:23","slug":"porte-monnaie-gris-a-rayures-blanches-dentelle-et-noeud-gris","status":"publish","type":"product","link":"https:\/\/designed4-you.com\/fr\/produit\/porte-monnaie-gris-a-rayures-blanches-dentelle-et-noeud-gris\/","title":{"rendered":"Porte-monnaie gris \u00e0 rayures blanches, dentelle et n\u0153ud gris"},"content":{"rendered":"<p>Cet \u00e9l\u00e9gant porte-monnaie gris \u00e0 rayures blanches est beau et pratique. Il est enti\u00e8rement doubl\u00e9 d\u2019un tissu de coton blanc et est dot\u00e9 d\u2019une fermeture \u00e9clair blanche assortie.<\/p>\n<p>Il est parfait comme porte-monnaie, porte-cl\u00e9s ou accessoire de sac.<\/p>\n<p>Ce produit unique est bas\u00e9 sur \u00ab l\u2019upcycling, recyclage \u00bb et fait \u00e0 la main en France, en Moselle, dans le Grand Est.<\/p>\n<p>Ce beau porte-monnaie est le cadeau parfait pour vous, votre famille ou vos amis. Il peut \u00eatre combin\u00e9 avec une pochette \u00e9l\u00e9gante.<\/p>","protected":false},"excerpt":{"rendered":"<p>Ce joli porte-monnaie est unique et fait main en France, en Moselle, dans le Grand Est.<\/p>\n<p>Il est bas\u00e9 sur le \u00ab upcycling, r\u00e9utilisation d\u2019objets \u00bb et est id\u00e9al comme porte-monnaie, porte-cl\u00e9s ou sac accessoire.<\/p>\n<p>Les dimensions sont :<\/p>\n<p>Largeur : 14 cm<\/p>\n<p>Profondeur : 0,7 cm<\/p>\n<p>Hauteur : 10 cm<\/p>\n<p>Poids: 17 g<\/p>\n<p><strong>Mat\u00e9rial<\/strong>: coton<\/p>","protected":false},"featured_media":2388,"comment_status":"open","ping_status":"closed","template":"","meta":{"om_disable_all_campaigns":false},"product_brand":[],"product_cat":[706,726],"product_tag":[],"class_list":{"0":"post-9231","1":"product","2":"type-product","3":"status-publish","4":"has-post-thumbnail","6":"product_cat-accessoires-fr","7":"product_cat-porte-monnaie","8":"product_shipping_class-m-fr-de-fr","9":"product_shipping_class-s-fr-fr","10":"product_shipping_class-xl-fr","11":"pa_color-beige-fr","12":"pa_color-black-fr","13":"pa_material-cotton-en","15":"first","16":"instock","17":"taxable","18":"shipping-taxable","19":"purchasable","20":"product-type-simple"},"_links":{"self":[{"href":"https:\/\/designed4-you.com\/fr\/wp-json\/wp\/v2\/product\/9231","targetHints":{"allow":["GET"]}}],"collection":[{"href":"https:\/\/designed4-you.com\/fr\/wp-json\/wp\/v2\/product"}],"about":[{"href":"https:\/\/designed4-you.com\/fr\/wp-json\/wp\/v2\/types\/product"}],"replies":[{"embeddable":true,"href":"https:\/\/designed4-you.com\/fr\/wp-json\/wp\/v2\/comments?post=9231"}],"version-history":[{"count":0,"href":"https:\/\/designed4-you.com\/fr\/wp-json\/wp\/v2\/product\/9231\/revisions"}],"wp:featuredmedia":[{"embeddable":true,"href":"https:\/\/designed4-you.com\/fr\/wp-json\/wp\/v2\/media\/2388"}],"wp:attachment":[{"href":"https:\/\/designed4-you.com\/fr\/wp-json\/wp\/v2\/media?parent=9231"}],"wp:term":[{"taxonomy":"product_brand","embeddable":true,"href":"https:\/\/designed4-you.com\/fr\/wp-json\/wp\/v2\/product_brand?post=9231"},{"taxonomy":"product_cat","embeddable":true,"href":"https:\/\/designed4-you.com\/fr\/wp-json\/wp\/v2\/product_cat?post=9231"},{"taxonomy":"product_tag","embeddable":true,"href":"https:\/\/designed4-you.com\/fr\/wp-json\/wp\/v2\/product_tag?post=9231"}],"curies":[{"name":"wp","href":"https:\/\/api.w.org\/{rel}","templated":true}]}}