{"id":9248,"date":"2024-04-03T13:57:24","date_gmt":"2024-04-03T13:57:24","guid":{"rendered":"https:\/\/designed4-you.com\/?post_type=product&#038;p=9248"},"modified":"2026-04-21T07:55:50","modified_gmt":"2026-04-21T07:55:50","slug":"mitaines-en-soie-et-laine","status":"publish","type":"product","link":"https:\/\/designed4-you.com\/fr\/produit\/mitaines-en-soie-et-laine\/","title":{"rendered":"Mitaines en soie et laine"},"content":{"rendered":"<p>Comment \u00eatre chic en soir\u00e9e, ou \u00e9gayer sa tenue et la rendre unique ?<\/p>\n<p>Accessoirisez votre tenue !<\/p>\n<p>Ces mitaines en soie et laine biologique de haute qualit\u00e9 sont parfaits pour apporter une touche de mode et de couleur \u00e0 vos v\u00eatements.<br \/>\nElles sont fabriqu\u00e9es de mani\u00e8re totalement artisanale par l\u2019artiste Veronika Sch\u00fctz.<\/p>\n<p>Les tissus sont d\u2019abord peints \u00e0 la main, puis les couleurs sont fix\u00e9es.<br \/>\nCes mitaines en soie sont fabriqu\u00e9es sans couture avec la laine m\u00e9rinos la plus fine en utilisant le feutre nuno.<\/p>\n<p>Ces mitaines uniques en soie et en laine sont f\u00e9minins, \u00e9l\u00e9gants, confortables et flatteurs. Cet accessoire est fabriqu\u00e9 \u00e0 la main en Allemagne, dans la campagne sarroise !<\/p>","protected":false},"excerpt":{"rendered":"<p>Ces mitaines en soie et laine biologique de haute qualit\u00e9 sont parfaits pour apporter une touche de mode et de couleur \u00e0 vos v\u00eatements.<\/p>\n<p>Ces mitaines en soie sont fabriqu\u00e9es sans couture avec la laine m\u00e9rinos la plus fine en utilisant le feutre nuno.<\/p>\n<p>C\u2019est le cadeau id\u00e9al pour vous, votre m\u00e8re ou votre amie ! Et il est unique, original et fait \u00e0 la main !<\/p>\n<p>Les dimensions sont:<\/p>\n<p>Longueur : 35 cm<\/p>\n<p>Largeur : 8 cm<\/p>\n<p>Diam\u00e8tre : 11 cm<\/p>\n<p>Poids : 24 g<\/p>","protected":false},"featured_media":6534,"comment_status":"open","ping_status":"closed","template":"","meta":{"om_disable_all_campaigns":false},"product_brand":[],"product_cat":[706,718],"product_tag":[],"class_list":{"0":"post-9248","1":"product","2":"type-product","3":"status-publish","4":"has-post-thumbnail","6":"product_cat-accessoires-fr","7":"product_cat-gants","8":"product_shipping_class-m-fr-de-fr","9":"product_shipping_class-s-fr-fr","10":"product_shipping_class-xl-fr","12":"first","13":"instock","14":"taxable","15":"shipping-taxable","16":"purchasable","17":"product-type-simple"},"_links":{"self":[{"href":"https:\/\/designed4-you.com\/fr\/wp-json\/wp\/v2\/product\/9248","targetHints":{"allow":["GET"]}}],"collection":[{"href":"https:\/\/designed4-you.com\/fr\/wp-json\/wp\/v2\/product"}],"about":[{"href":"https:\/\/designed4-you.com\/fr\/wp-json\/wp\/v2\/types\/product"}],"replies":[{"embeddable":true,"href":"https:\/\/designed4-you.com\/fr\/wp-json\/wp\/v2\/comments?post=9248"}],"version-history":[{"count":0,"href":"https:\/\/designed4-you.com\/fr\/wp-json\/wp\/v2\/product\/9248\/revisions"}],"wp:featuredmedia":[{"embeddable":true,"href":"https:\/\/designed4-you.com\/fr\/wp-json\/wp\/v2\/media\/6534"}],"wp:attachment":[{"href":"https:\/\/designed4-you.com\/fr\/wp-json\/wp\/v2\/media?parent=9248"}],"wp:term":[{"taxonomy":"product_brand","embeddable":true,"href":"https:\/\/designed4-you.com\/fr\/wp-json\/wp\/v2\/product_brand?post=9248"},{"taxonomy":"product_cat","embeddable":true,"href":"https:\/\/designed4-you.com\/fr\/wp-json\/wp\/v2\/product_cat?post=9248"},{"taxonomy":"product_tag","embeddable":true,"href":"https:\/\/designed4-you.com\/fr\/wp-json\/wp\/v2\/product_tag?post=9248"}],"curies":[{"name":"wp","href":"https:\/\/api.w.org\/{rel}","templated":true}]}}