{"id":9252,"date":"2024-04-03T14:07:05","date_gmt":"2024-04-03T14:07:05","guid":{"rendered":"https:\/\/designed4-you.com\/?post_type=product&#038;p=9252"},"modified":"2024-04-03T14:50:04","modified_gmt":"2024-04-03T14:50:04","slug":"tableau-magnetique-aux-rayures-bleues-et-vertes","status":"publish","type":"product","link":"https:\/\/designed4-you.com\/fr\/produit\/tableau-magnetique-aux-rayures-bleues-et-vertes\/","title":{"rendered":"Tableau magn\u00e9tique aux rayures bleues et vertes"},"content":{"rendered":"<p>Cette plaque m\u00e9tallique est belle et parfaite pour la d\u00e9coration.<br \/>\nVous pouvez ainsi aimanter les figurines suivantes\u00a0:<br \/>\n<a class=\"connectButton\" href=\"https:\/\/designed4-you.com\/fr\/product\/fanciful-cat-magnet-in-papier-mache-2\/\">Sculpture aimant\u00e9e de chat fantaisiste en papier m\u00e2ch\u00e9<\/a><br \/>\n<a class=\"connectButton\" href=\"https:\/\/designed4-you.com\/fr\/product\/fanciful-bunny-magnet-in-papier-mache\/\">Sculpture aimant\u00e9e de lapin fantaisiste en papier m\u00e2ch\u00e9<\/a><br \/>\n<a class=\"connectButton\" href=\"https:\/\/designed4-you.com\/fr\/product\/fanciful-dog-magnet-in-papier-mache\/\"><br \/>\n<\/a><a class=\"connectButton\" href=\"https:\/\/designed4-you.com\/fr\/product\/fanciful-figurine-magnet-in-papier-mache\/\">Sculpture aimant\u00e9e de figurine fantaisiste en papier m\u00e2ch\u00e9<\/a><\/p>","protected":false},"excerpt":{"rendered":"<p>Cette plaque m\u00e9tallique est belle et parfaite pour la d\u00e9coration.<br \/>\nVous pouvez ainsi aimanter les figurines suivantes\u00a0:<br \/>\n<a class=\"connectButton\" href=\"https:\/\/designed4-you.com\/fr\/product\/fanciful-cat-magnet-in-papier-mache-2\/\">Sculpture aimant\u00e9e de chat fantaisiste en papier m\u00e2ch\u00e9<\/a><br \/>\n<a class=\"connectButton\" href=\"https:\/\/designed4-you.com\/fr\/product\/fanciful-bunny-magnet-in-papier-mache\/\">Sculpture aimant\u00e9e de lapin fantaisiste en papier m\u00e2ch\u00e9<\/a><br \/>\n<a class=\"connectButton\" href=\"https:\/\/designed4-you.com\/fr\/product\/fanciful-dog-magnet-in-papier-mache\/\"><br \/>\n<\/a><a class=\"connectButton\" href=\"https:\/\/designed4-you.com\/fr\/product\/fanciful-figurine-magnet-in-papier-mache\/\">Sculpture aimant\u00e9e de figurine fantaisiste en papier m\u00e2ch\u00e9<\/a><br \/>\nLes dimensions sont:<br \/>\nLargeur: 10 cm<br \/>\nProfondeur: 2 cm<br \/>\nHauteur: 10 cm<br \/>\nPoids: 150 g<br \/>\nMateriaux: m\u00e9tal, aimant<br \/>\nArtiste: Stefanie Weber<\/p>","protected":false},"featured_media":6274,"comment_status":"closed","ping_status":"closed","template":"","meta":{"om_disable_all_campaigns":false},"product_brand":[],"product_cat":[750,746],"product_tag":[],"class_list":{"0":"post-9252","1":"product","2":"type-product","3":"status-publish","4":"has-post-thumbnail","6":"product_cat-objet-aimante","7":"product_cat-sculpture-fr","8":"product_shipping_class-m-fr-de-fr","9":"product_shipping_class-s-fr-fr","10":"product_shipping_class-xl-fr","11":"pa_material-metal-en","12":"pa_material-metal-ferrite-en","14":"first","15":"instock","16":"taxable","17":"shipping-taxable","18":"purchasable","19":"product-type-simple"},"_links":{"self":[{"href":"https:\/\/designed4-you.com\/fr\/wp-json\/wp\/v2\/product\/9252","targetHints":{"allow":["GET"]}}],"collection":[{"href":"https:\/\/designed4-you.com\/fr\/wp-json\/wp\/v2\/product"}],"about":[{"href":"https:\/\/designed4-you.com\/fr\/wp-json\/wp\/v2\/types\/product"}],"replies":[{"embeddable":true,"href":"https:\/\/designed4-you.com\/fr\/wp-json\/wp\/v2\/comments?post=9252"}],"version-history":[{"count":0,"href":"https:\/\/designed4-you.com\/fr\/wp-json\/wp\/v2\/product\/9252\/revisions"}],"wp:featuredmedia":[{"embeddable":true,"href":"https:\/\/designed4-you.com\/fr\/wp-json\/wp\/v2\/media\/6274"}],"wp:attachment":[{"href":"https:\/\/designed4-you.com\/fr\/wp-json\/wp\/v2\/media?parent=9252"}],"wp:term":[{"taxonomy":"product_brand","embeddable":true,"href":"https:\/\/designed4-you.com\/fr\/wp-json\/wp\/v2\/product_brand?post=9252"},{"taxonomy":"product_cat","embeddable":true,"href":"https:\/\/designed4-you.com\/fr\/wp-json\/wp\/v2\/product_cat?post=9252"},{"taxonomy":"product_tag","embeddable":true,"href":"https:\/\/designed4-you.com\/fr\/wp-json\/wp\/v2\/product_tag?post=9252"}],"curies":[{"name":"wp","href":"https:\/\/api.w.org\/{rel}","templated":true}]}}