{"id":9339,"date":"2024-04-03T15:21:58","date_gmt":"2024-04-03T15:21:58","guid":{"rendered":"https:\/\/designed4-you.com\/?post_type=product&#038;p=9339"},"modified":"2026-02-10T07:28:36","modified_gmt":"2026-02-10T07:28:36","slug":"cochon-aimante-en-papier-mache","status":"publish","type":"product","link":"https:\/\/designed4-you.com\/fr\/produit\/cochon-aimante-en-papier-mache\/","title":{"rendered":"Cochon aimant\u00e9 en papier m\u00e2ch\u00e9"},"content":{"rendered":"<p>Une petite pi\u00e8ce d\u2019art utile et jolie pour accrocher des photos, des rappels, des notes et d\u00e9corer vos meubles m\u00e9talliques !<\/p>\n<p>Ce cochon magn\u00e9tique ravira les enfants et les adultes et ajoutera une touche d\u2019originalit\u00e9 \u00e0 votre int\u00e9rieur !<\/p>\n<p>Cette sculpture en papier m\u00e2ch\u00e9 est faite de papier journal, c\u2019est un produit \u00e9cologique et m\u00eame bas\u00e9 sur le \u00ab l\u2019upcycling, recyclage \u00bb ! Pour finaliser son travail (pointes par exemple), l\u2019artiste utilise m\u00eame du papier toilette.<\/p>\n<p>Cet aimant est une pi\u00e8ce d\u2019art et utile et un produit unique fait \u00e0 la main en papier m\u00e2ch\u00e9, fabriqu\u00e9 en Allemagne, en Rh\u00e9nanie palatinat.<\/p>\n<p>C\u2019est le cadeau parfait pour vous, votre famille ou vos amis ! Et c\u2019est \u00e9cologique !<\/p>","protected":false},"excerpt":{"rendered":"<p>Une petite pi\u00e8ce d\u2019art utile et jolie pour accrocher des photos, des rappels, des notes ou d\u00e9corer vos meubles m\u00e9talliques !<\/p>\n<p>Cette sculpture aimant\u00e9e est une mignonne pi\u00e8ce artistique, utile et un produit unique fait \u00e0 la main en papier m\u00e2ch\u00e9. C\u2019est le cadeau parfait pour vous, votre famille ou vos amis ! Et c\u2019est \u00e9cologique !<\/p>\n<p>Les dimensions sont :<\/p>\n<p>Largeur : 6 cm<\/p>\n<p>Profondeur : 5 cm<\/p>\n<p>Hauteur : 7,5 cm<\/p>\n<p>Poids : 26 g<\/p>\n<p>Mat\u00e9riaux: papier m\u00e2ch\u00e9, ferrique m\u00e9tallique<\/p>","protected":false},"featured_media":3972,"comment_status":"open","ping_status":"closed","template":"","meta":{"om_disable_all_campaigns":false},"product_brand":[],"product_cat":[730,746],"product_tag":[],"class_list":{"0":"post-9339","1":"product","2":"type-product","3":"status-publish","4":"has-post-thumbnail","6":"product_cat-decoration-fr","7":"product_cat-sculpture-fr","8":"product_shipping_class-m-fr-de-fr","9":"product_shipping_class-s-fr-fr","10":"product_shipping_class-xl-fr","11":"pa_color-beige-fr","12":"pa_color-black-fr","13":"pa_material-metal-ferrite-en","14":"pa_material-papier-mache-en","16":"first","17":"instock","18":"taxable","19":"shipping-taxable","20":"purchasable","21":"product-type-simple"},"_links":{"self":[{"href":"https:\/\/designed4-you.com\/fr\/wp-json\/wp\/v2\/product\/9339","targetHints":{"allow":["GET"]}}],"collection":[{"href":"https:\/\/designed4-you.com\/fr\/wp-json\/wp\/v2\/product"}],"about":[{"href":"https:\/\/designed4-you.com\/fr\/wp-json\/wp\/v2\/types\/product"}],"replies":[{"embeddable":true,"href":"https:\/\/designed4-you.com\/fr\/wp-json\/wp\/v2\/comments?post=9339"}],"version-history":[{"count":0,"href":"https:\/\/designed4-you.com\/fr\/wp-json\/wp\/v2\/product\/9339\/revisions"}],"wp:featuredmedia":[{"embeddable":true,"href":"https:\/\/designed4-you.com\/fr\/wp-json\/wp\/v2\/media\/3972"}],"wp:attachment":[{"href":"https:\/\/designed4-you.com\/fr\/wp-json\/wp\/v2\/media?parent=9339"}],"wp:term":[{"taxonomy":"product_brand","embeddable":true,"href":"https:\/\/designed4-you.com\/fr\/wp-json\/wp\/v2\/product_brand?post=9339"},{"taxonomy":"product_cat","embeddable":true,"href":"https:\/\/designed4-you.com\/fr\/wp-json\/wp\/v2\/product_cat?post=9339"},{"taxonomy":"product_tag","embeddable":true,"href":"https:\/\/designed4-you.com\/fr\/wp-json\/wp\/v2\/product_tag?post=9339"}],"curies":[{"name":"wp","href":"https:\/\/api.w.org\/{rel}","templated":true}]}}